{"id":186,"date":"2024-02-15T09:12:02","date_gmt":"2024-02-15T08:12:02","guid":{"rendered":"https:\/\/gruppe.seeberger.de\/?page_id=186"},"modified":"2024-10-10T11:31:17","modified_gmt":"2024-10-10T09:31:17","slug":"neuigkeiten-und-aktuelles","status":"publish","type":"page","link":"https:\/\/gruppe.seeberger.de\/de\/ueber-uns\/neuigkeiten-und-aktuelles\/","title":{"rendered":"Aktuelles"},"content":{"rendered":"<div class=\"wpb-content-wrapper\">[vc_row ppi_row_padding=&#8220;ppi_remove_padding_top&#8220; full_width=&#8220;stretch_row&#8220; ppi_decoration_top=&#8220;right&#8220; ppi_decoration_top_color=&#8220;#B3D57C&#8220; ppi_decoration_bottom=&#8220;left&#8220; ppi_decoration_bottom_color=&#8220;#275D38&#8243; ppi_decoration_bottom_angle=&#8220;descending&#8220;][vc_column]<div class=\"ppi_spacer show-for-xl\" style=\"height: 100px\"><\/div>[vc_column_text]\r\n<h1><\/h1>\r\n<h1 class=\"text-width text-width--690\" style=\"text-align: center;\">Neuigkeiten und Pressemitteilungen von Seeberger<\/h1>\r\n[\/vc_column_text][\/vc_column][\/vc_row][vc_row][vc_column]<div class=\"see_blog\">\n                                        <div class=\"ppi_row\">\n                    <div class=\"ppi_col-xs-12\">\n                        <div class=\"see_blog__categories\">\n    <div class=\"see_blog__categories__toggle button button--primary\">Kategorie w\u00e4hlen<\/div>\n    <ul class=\"see_blog__categories__items\">\n                            <li class=\"see_blog__categories__item see_blog__categories__item__all active\" data-category=\"all\">Alle<\/li>\n                            <li class=\"see_blog__categories__item\" data-category=\"42\">Klimaschutz<\/li>\n                    <li class=\"see_blog__categories__item\" data-category=\"41\">Kreislaufwirtschaft<\/li>\n                    <li class=\"see_blog__categories__item\" data-category=\"40\">Lieferkettenverantwortung<\/li>\n                    <li class=\"see_blog__categories__item\" data-category=\"17\">Nachhaltigkeit<\/li>\n                    <li class=\"see_blog__categories__item\" data-category=\"19\">Presse<\/li>\n                    <li class=\"see_blog__categories__item\" data-category=\"23\">Seeberger Gruppe<\/li>\n                    <li class=\"see_blog__categories__item\" data-category=\"20\">Snacks<\/li>\n                    <li class=\"see_blog__categories__item\" data-category=\"39\">Ursprung<\/li>\n            <\/ul>\n<\/div>\n                    <\/div>\n                <\/div>\n            \n            <div class=\"see_loader\">\n    <div class=\"ppi_row text-center\">\n        <div class=\"ppi_col-xs-12\">\n            <div class=\"see_loader__spinner\">\n                <span><\/span>\n                <span><\/span>\n                <span><\/span>\n            <\/div>\n        <\/div>\n    <\/div>\n<\/div>\n        \n        <div class=\"see_blog__list see_blog__grid\"\n             data-posts-per-page=\"5\">\n                                                                                    <a href=\"https:\/\/gruppe.seeberger.de\/de\/blog\/50-jahre-seeberger-dr-julius-rohm-feiert-firmenjubilaeum\/\"  class=\"see_blog__list__item see_blog__grid__item\">\n    <div class=\"see_blog__list__item__image\">\n        <img loading=\"lazy\" decoding=\"async\" width=\"768\" height=\"512\" src=\"https:\/\/gruppe.seeberger.de\/wp\/wp-content\/uploads\/2025\/07\/Geschenk_clk_DrR-1-scaled.jpg\" class=\"attachment-768x576 size-768x576\" alt=\"\" srcset=\"https:\/\/gruppe.seeberger.de\/wp\/wp-content\/uploads\/2025\/07\/Geschenk_clk_DrR-1-scaled.jpg 2560w, https:\/\/gruppe.seeberger.de\/wp\/wp-content\/uploads\/2025\/07\/Geschenk_clk_DrR-1-300x200.jpg 300w, https:\/\/gruppe.seeberger.de\/wp\/wp-content\/uploads\/2025\/07\/Geschenk_clk_DrR-1-1024x683.jpg 1024w, https:\/\/gruppe.seeberger.de\/wp\/wp-content\/uploads\/2025\/07\/Geschenk_clk_DrR-1-768x512.jpg 768w, https:\/\/gruppe.seeberger.de\/wp\/wp-content\/uploads\/2025\/07\/Geschenk_clk_DrR-1-1920x1280.jpg 1920w, https:\/\/gruppe.seeberger.de\/wp\/wp-content\/uploads\/2025\/07\/Geschenk_clk_DrR-1-1200x800.jpg 1200w, https:\/\/gruppe.seeberger.de\/wp\/wp-content\/uploads\/2025\/07\/Geschenk_clk_DrR-1-992x661.jpg 992w, https:\/\/gruppe.seeberger.de\/wp\/wp-content\/uploads\/2025\/07\/Geschenk_clk_DrR-1-480x320.jpg 480w\" sizes=\"auto, (max-width: 768px) 100vw, 768px\" \/>    <\/div>\n    <div class=\"see_blog__list__item__content\">\n        <h3 class=\"see_blog__list__item__content__title\">\n            50 Jahre Seeberger: Dr. Julius Rohm feiert Firmenjubil\u00e4um        <\/h3>\n        <div class=\"see_blog__list__item__content__category\">\n            21.07.2025,\n            <span>Presse<\/span>, <span>Seeberger Gruppe<\/span>        <\/div>\n\n        <div class=\"see_blog__list__item__content__description\">\n            Mit einer Jubil\u00e4umsfeier in der Genusswelt hat Seeberger heute eine beeindruckende Wegmarke gew\u00fcrdigt: Dr. Julius Rohm blickt auf 50 Jahre im Familienunternehmen zur\u00fcck.        <\/div>\n    <\/div>\n<\/a>\n                                                                                                <a href=\"https:\/\/gruppe.seeberger.de\/de\/blog\/sbti\/\"  class=\"see_blog__list__item see_blog__grid__item\">\n    <div class=\"see_blog__list__item__image\">\n        <img loading=\"lazy\" decoding=\"async\" width=\"768\" height=\"512\" src=\"https:\/\/gruppe.seeberger.de\/wp\/wp-content\/uploads\/2025\/02\/Genusswelt_Gebaeude-scaled.jpeg\" class=\"attachment-768x576 size-768x576\" alt=\"Modernes Geb\u00e4ude, umgeben von Pflanzen und klarer Himmel im Hintergrund.\" srcset=\"https:\/\/gruppe.seeberger.de\/wp\/wp-content\/uploads\/2025\/02\/Genusswelt_Gebaeude-scaled.jpeg 2560w, https:\/\/gruppe.seeberger.de\/wp\/wp-content\/uploads\/2025\/02\/Genusswelt_Gebaeude-300x200.jpeg 300w, https:\/\/gruppe.seeberger.de\/wp\/wp-content\/uploads\/2025\/02\/Genusswelt_Gebaeude-1024x683.jpeg 1024w, https:\/\/gruppe.seeberger.de\/wp\/wp-content\/uploads\/2025\/02\/Genusswelt_Gebaeude-768x512.jpeg 768w, https:\/\/gruppe.seeberger.de\/wp\/wp-content\/uploads\/2025\/02\/Genusswelt_Gebaeude-1920x1280.jpeg 1920w, https:\/\/gruppe.seeberger.de\/wp\/wp-content\/uploads\/2025\/02\/Genusswelt_Gebaeude-1200x800.jpeg 1200w, https:\/\/gruppe.seeberger.de\/wp\/wp-content\/uploads\/2025\/02\/Genusswelt_Gebaeude-992x662.jpeg 992w, https:\/\/gruppe.seeberger.de\/wp\/wp-content\/uploads\/2025\/02\/Genusswelt_Gebaeude-480x320.jpeg 480w\" sizes=\"auto, (max-width: 768px) 100vw, 768px\" \/>    <\/div>\n    <div class=\"see_blog__list__item__content\">\n        <h3 class=\"see_blog__list__item__content__title\">\n            Seeberger tritt der Science Based Targets Initiative bei        <\/h3>\n        <div class=\"see_blog__list__item__content__category\">\n            12.02.2025,\n            <span>Klimaschutz<\/span>, <span>Nachhaltigkeit<\/span>, <span>Seeberger Gruppe<\/span>        <\/div>\n\n        <div class=\"see_blog__list__item__content__description\">\n            Wir \u00fcbernehmen Verantwortung und verst\u00e4rken unser Engagement f\u00fcr den Klimaschutz.         <\/div>\n    <\/div>\n<\/a>\n                                                                                                <div\n    class=\"see_blog__list__item see_blog__list__item__green see_blog__grid__item\">\n            <div class=\"see_blog__list__item__green__image\">\n            <img loading=\"lazy\" decoding=\"async\" width=\"169\" height=\"130\" src=\"https:\/\/gruppe.seeberger.de\/wp\/wp-content\/uploads\/2024\/02\/press.png\" class=\"attachment-see-sm size-see-sm\" alt=\"Icon mit Zeitung und Weltkugel\" \/>        <\/div>\n        <div class=\"see_blog__list__item__green__content\">\n                    <div class=\"see_blog__list__item__green__content__text\">\n                <h4 style=\"text-align: center;\">Pressemitteilungen<\/h4>\n<p style=\"text-align: center;\"><a href=\"https:\/\/gruppe.seeberger.de\/blog\/seeberger-konzept-zum-lieferkettensorgfaltspflichtengesetz-lksg\/\">Seeberger Konzept zum Lieferkettensorgfaltspflichtengesetz<\/a><\/p>\n<p style=\"text-align: center;\"><a href=\"https:\/\/gruppe.seeberger.de\/blog\/teilnahme-am-forschungsvorhaben-bioval\/\">Teilnahme am Forschungsvorhaben \u201eBioVal\u201c<\/a><\/p>\n<p style=\"text-align: center;\"><a href=\"https:\/\/gruppe.seeberger.de\/blog\/produktverpackungen-mit-30-rezyklat-anteil\/\">Produktverpackungen mit 30 % Rezyklat-Anteil<\/a><\/p>\n<p style=\"text-align: center;\"><a href=\"https:\/\/gruppe.seeberger.de\/blog\/unser-nachhaltigkeitsbericht-liegt-vor\/\">Unser neuer<\/a><br \/>\nNachhaltigkeitsbericht liegt vor<\/p>\n            <\/div>\n        \n                    <div class=\"see_blog__list__item__green__content__links\">\n\n                                                    <a class=\"see_blog__list__item__green__content__links__right button button--outline--primary\" href=\"https:\/\/gruppe.seeberger.de\/de\/presse\/\" target=\"_blank\" rel=\"\" title=\"Pressekontakt\" style=\"\">Pressekontakt<\/a>                            <\/div>\n            <\/div>\n<\/div>\n                            <a href=\"https:\/\/gruppe.seeberger.de\/de\/blog\/erweiterung-der-logistik-durch-bau-eines-neuen-hochregallagers\/\"  class=\"see_blog__list__item see_blog__grid__item\">\n    <div class=\"see_blog__list__item__image\">\n        <img loading=\"lazy\" decoding=\"async\" width=\"768\" height=\"493\" src=\"https:\/\/gruppe.seeberger.de\/wp\/wp-content\/uploads\/2024\/10\/Spatenstich-Seeberger-scaled.jpg\" class=\"attachment-768x576 size-768x576\" alt=\"Sechs Personen mit Helmen heben Sand mit Schaufeln auf einer Baustelle vor einem gr\u00fcnem Zaun.\" srcset=\"https:\/\/gruppe.seeberger.de\/wp\/wp-content\/uploads\/2024\/10\/Spatenstich-Seeberger-scaled.jpg 2560w, https:\/\/gruppe.seeberger.de\/wp\/wp-content\/uploads\/2024\/10\/Spatenstich-Seeberger-300x193.jpg 300w, https:\/\/gruppe.seeberger.de\/wp\/wp-content\/uploads\/2024\/10\/Spatenstich-Seeberger-1024x658.jpg 1024w, https:\/\/gruppe.seeberger.de\/wp\/wp-content\/uploads\/2024\/10\/Spatenstich-Seeberger-768x493.jpg 768w, https:\/\/gruppe.seeberger.de\/wp\/wp-content\/uploads\/2024\/10\/Spatenstich-Seeberger-1920x1233.jpg 1920w, https:\/\/gruppe.seeberger.de\/wp\/wp-content\/uploads\/2024\/10\/Spatenstich-Seeberger-1200x771.jpg 1200w, https:\/\/gruppe.seeberger.de\/wp\/wp-content\/uploads\/2024\/10\/Spatenstich-Seeberger-992x637.jpg 992w, https:\/\/gruppe.seeberger.de\/wp\/wp-content\/uploads\/2024\/10\/Spatenstich-Seeberger-480x308.jpg 480w\" sizes=\"auto, (max-width: 768px) 100vw, 768px\" \/>    <\/div>\n    <div class=\"see_blog__list__item__content\">\n        <h3 class=\"see_blog__list__item__content__title\">\n            Erweiterung der Logistik durch Bau eines neuen Hochregallagers        <\/h3>\n        <div class=\"see_blog__list__item__content__category\">\n            09.10.2024,\n            <span>Presse<\/span>, <span>Seeberger Gruppe<\/span>        <\/div>\n\n        <div class=\"see_blog__list__item__content__description\">\n            Seeberger steigert mit einem zus\u00e4tzlichen Hochregallager und einer Erweiterung der bestehenden, innerbetrieblichen Logistik seine Kapazit\u00e4ten.        <\/div>\n    <\/div>\n<\/a>\n                                                                                                <a href=\"https:\/\/gruppe.seeberger.de\/de\/blog\/geschaeftsjahr-2023-und-ausblick\/\"  class=\"see_blog__list__item see_blog__grid__item\">\n    <div class=\"see_blog__list__item__image\">\n        <img loading=\"lazy\" decoding=\"async\" width=\"496\" height=\"576\" src=\"https:\/\/gruppe.seeberger.de\/wp\/wp-content\/uploads\/2024\/07\/Seeberger_Nussroesterei1-2.jpg\" class=\"attachment-768x576 size-768x576\" alt=\"Eine Person bedient einen Touchscreen in einer modernen, industriellen Produktionsanlage.\" srcset=\"https:\/\/gruppe.seeberger.de\/wp\/wp-content\/uploads\/2024\/07\/Seeberger_Nussroesterei1-2.jpg 545w, https:\/\/gruppe.seeberger.de\/wp\/wp-content\/uploads\/2024\/07\/Seeberger_Nussroesterei1-2-258x300.jpg 258w, https:\/\/gruppe.seeberger.de\/wp\/wp-content\/uploads\/2024\/07\/Seeberger_Nussroesterei1-2-480x558.jpg 480w\" sizes=\"auto, (max-width: 496px) 100vw, 496px\" \/>    <\/div>\n    <div class=\"see_blog__list__item__content\">\n        <h3 class=\"see_blog__list__item__content__title\">\n            Pressemeldung zum Gesch\u00e4ftsjahr 2023 und Ausblick        <\/h3>\n        <div class=\"see_blog__list__item__content__category\">\n            15.07.2024,\n            <span>Presse<\/span>, <span>Seeberger Gruppe<\/span>        <\/div>\n\n        <div class=\"see_blog__list__item__content__description\">\n            Seeberger schlie\u00dft das Jahr 2023 trotz schwieriger Rahmenbedingungen zufriedenstellend ab und stellt f\u00fcr 2024 die Weichen weiter auf Wachstum.        <\/div>\n    <\/div>\n<\/a>\n                                                                                                <a href=\"https:\/\/gruppe.seeberger.de\/de\/blog\/ecovadis-silber-medaille\/\"  class=\"see_blog__list__item see_blog__grid__item\">\n    <div class=\"see_blog__list__item__image\">\n        <img loading=\"lazy\" decoding=\"async\" width=\"714\" height=\"576\" src=\"https:\/\/gruppe.seeberger.de\/wp\/wp-content\/uploads\/2024\/07\/IMG_0241-scaled.jpg\" class=\"attachment-768x576 size-768x576\" alt=\"Bl\u00fchende B\u00e4ume stehen in Reihen unter blauem Himmel in einer Plantage.\" srcset=\"https:\/\/gruppe.seeberger.de\/wp\/wp-content\/uploads\/2024\/07\/IMG_0241-scaled.jpg 2560w, https:\/\/gruppe.seeberger.de\/wp\/wp-content\/uploads\/2024\/07\/IMG_0241-300x242.jpg 300w, https:\/\/gruppe.seeberger.de\/wp\/wp-content\/uploads\/2024\/07\/IMG_0241-1024x827.jpg 1024w, https:\/\/gruppe.seeberger.de\/wp\/wp-content\/uploads\/2024\/07\/IMG_0241-768x620.jpg 768w, https:\/\/gruppe.seeberger.de\/wp\/wp-content\/uploads\/2024\/07\/IMG_0241-1920x1550.jpg 1920w, https:\/\/gruppe.seeberger.de\/wp\/wp-content\/uploads\/2024\/07\/IMG_0241-1200x969.jpg 1200w, https:\/\/gruppe.seeberger.de\/wp\/wp-content\/uploads\/2024\/07\/IMG_0241-992x801.jpg 992w, https:\/\/gruppe.seeberger.de\/wp\/wp-content\/uploads\/2024\/07\/IMG_0241-480x387.jpg 480w\" sizes=\"auto, (max-width: 714px) 100vw, 714px\" \/>    <\/div>\n    <div class=\"see_blog__list__item__content\">\n        <h3 class=\"see_blog__list__item__content__title\">\n            Nachhaltigkeitsarbeit mit EcoVadis Silber-Medaille ausgezeichnet        <\/h3>\n        <div class=\"see_blog__list__item__content__category\">\n            03.07.2024,\n            <span>Nachhaltigkeit<\/span>, <span>Seeberger Gruppe<\/span>        <\/div>\n\n        <div class=\"see_blog__list__item__content__description\">\n            Nach der Bronze-Auszeichnung 2023 konnten wir uns in diesem Jahr nochmals steigern und erreichten im EcoVadis-Nachhaltigkeitsranking die Silber-Medaille .        <\/div>\n    <\/div>\n<\/a>\n                                                                        <\/div>\n\n\n        <div class=\"see_loader\">\n    <div class=\"ppi_row text-center\">\n        <div class=\"ppi_col-xs-12\">\n            <div class=\"see_loader__spinner\">\n                <span><\/span>\n                <span><\/span>\n                <span><\/span>\n            <\/div>\n        <\/div>\n    <\/div>\n<\/div>\n\n                    <div class=\"see_blog__load-more\">\n                <div class=\"ppi_row text-center\">\n                    <div class=\"ppi_col-xs-12\">\n                                                    <a href=\"#\"\n                               class=\"button button--outline load-more-button\" >\n                                Weitere Artikel                            <\/a>\n                                            <\/div>\n                <\/div>\n            <\/div>\n            \n    <\/div>\n[\/vc_column][\/vc_row]<\/div>","protected":false},"excerpt":{"rendered":"[vc_row ppi_row_padding=&#8220;ppi_remove_padding_top&#8220; full_width=&#8220;stretch_row&#8220; ppi_decoration_top=&#8220;right&#8220; ppi_decoration_top_color=&#8220;#B3D57C&#8220; ppi_decoration_bottom=&#8220;left&#8220; ppi_decoration_bottom_color=&#8220;#275D38&#8243; ppi_decoration_bottom_angle=&#8220;descending&#8220;][vc_column][vc_column_text] Neuigkeiten und Pressemitteilungen von Seeberger [\/vc_column_text][\/vc_column][\/vc_row][vc_row][vc_column][\/vc_column][\/vc_row]","protected":false},"author":3,"featured_media":0,"parent":205,"menu_order":0,"comment_status":"closed","ping_status":"closed","template":"","meta":{"_acf_changed":false,"inline_featured_image":false,"footnotes":""},"class_list":["post-186","page","type-page","status-publish","hentry"],"acf":[],"yoast_head":"<!-- This site is optimized with the Yoast SEO plugin v27.2 - https:\/\/yoast.com\/product\/yoast-seo-wordpress\/ -->\n<title>Aktuelles | Neuigkeiten der Seeberger Gruppe im \u00dcberblick<\/title>\n<meta name=\"description\" content=\"Alle Neuigkeiten und Updates aus der Unternehmenswelt der Seeberger Gruppe.\" \/>\n<meta name=\"robots\" content=\"index, follow, max-snippet:-1, max-image-preview:large, max-video-preview:-1\" \/>\n<link rel=\"canonical\" href=\"https:\/\/gruppe.seeberger.de\/de\/ueber-uns\/neuigkeiten-und-aktuelles\/\" \/>\n<meta property=\"og:locale\" content=\"de_DE\" \/>\n<meta property=\"og:type\" content=\"article\" \/>\n<meta property=\"og:title\" content=\"Aktuelles | Neuigkeiten der Seeberger Gruppe im \u00dcberblick\" \/>\n<meta property=\"og:description\" content=\"Alle Neuigkeiten und Updates aus der Unternehmenswelt der Seeberger Gruppe.\" \/>\n<meta property=\"og:url\" content=\"https:\/\/gruppe.seeberger.de\/de\/ueber-uns\/neuigkeiten-und-aktuelles\/\" \/>\n<meta property=\"og:site_name\" content=\"Seeberger Gruppe\" \/>\n<meta property=\"article:publisher\" content=\"https:\/\/www.facebook.com\/seeberger.de\" \/>\n<meta property=\"article:modified_time\" content=\"2024-10-10T09:31:17+00:00\" \/>\n<meta property=\"og:image\" content=\"https:\/\/gruppe.seeberger.de\/wp\/wp-content\/uploads\/2024\/05\/Seeberger_Genusswelt_Aussenansicht.jpg\" \/>\n\t<meta property=\"og:image:width\" content=\"1200\" \/>\n\t<meta property=\"og:image:height\" content=\"832\" \/>\n\t<meta property=\"og:image:type\" content=\"image\/jpeg\" \/>\n<meta name=\"twitter:card\" content=\"summary_large_image\" \/>\n<meta name=\"twitter:label1\" content=\"Gesch\u00e4tzte Lesezeit\" \/>\n\t<meta name=\"twitter:data1\" content=\"1\u00a0Minute\" \/>\n<script type=\"application\/ld+json\" class=\"yoast-schema-graph\">{\"@context\":\"https:\/\/schema.org\",\"@graph\":[{\"@type\":\"WebPage\",\"@id\":\"https:\/\/gruppe.seeberger.de\/de\/ueber-uns\/neuigkeiten-und-aktuelles\/\",\"url\":\"https:\/\/gruppe.seeberger.de\/de\/ueber-uns\/neuigkeiten-und-aktuelles\/\",\"name\":\"Aktuelles | Neuigkeiten der Seeberger Gruppe im \u00dcberblick\",\"isPartOf\":{\"@id\":\"https:\/\/gruppe.seeberger.de\/de\/#website\"},\"datePublished\":\"2024-02-15T08:12:02+00:00\",\"dateModified\":\"2024-10-10T09:31:17+00:00\",\"description\":\"Alle Neuigkeiten und Updates aus der Unternehmenswelt der Seeberger Gruppe.\",\"breadcrumb\":{\"@id\":\"https:\/\/gruppe.seeberger.de\/de\/ueber-uns\/neuigkeiten-und-aktuelles\/#breadcrumb\"},\"inLanguage\":\"de\",\"potentialAction\":[{\"@type\":\"ReadAction\",\"target\":[\"https:\/\/gruppe.seeberger.de\/de\/ueber-uns\/neuigkeiten-und-aktuelles\/\"]}]},{\"@type\":\"BreadcrumbList\",\"@id\":\"https:\/\/gruppe.seeberger.de\/de\/ueber-uns\/neuigkeiten-und-aktuelles\/#breadcrumb\",\"itemListElement\":[{\"@type\":\"ListItem\",\"position\":1,\"name\":\"Home\",\"item\":\"https:\/\/gruppe.seeberger.de\/de\/\"},{\"@type\":\"ListItem\",\"position\":2,\"name\":\"\u00dcber uns\",\"item\":\"https:\/\/gruppe.seeberger.de\/de\/ueber-uns\/\"},{\"@type\":\"ListItem\",\"position\":3,\"name\":\"Aktuelles\"}]},{\"@type\":\"WebSite\",\"@id\":\"https:\/\/gruppe.seeberger.de\/de\/#website\",\"url\":\"https:\/\/gruppe.seeberger.de\/de\/\",\"name\":\"Seeberger Gruppe Website\",\"description\":\"Ein Familienunternehmen mit Tradition\",\"publisher\":{\"@id\":\"https:\/\/gruppe.seeberger.de\/de\/#organization\"},\"alternateName\":\"Seeberger Gruppe\",\"potentialAction\":[{\"@type\":\"SearchAction\",\"target\":{\"@type\":\"EntryPoint\",\"urlTemplate\":\"https:\/\/gruppe.seeberger.de\/de\/?s={search_term_string}\"},\"query-input\":{\"@type\":\"PropertyValueSpecification\",\"valueRequired\":true,\"valueName\":\"search_term_string\"}}],\"inLanguage\":\"de\"},{\"@type\":\"Organization\",\"@id\":\"https:\/\/gruppe.seeberger.de\/de\/#organization\",\"name\":\"Seeberger Gruppe\",\"url\":\"https:\/\/gruppe.seeberger.de\/de\/\",\"logo\":{\"@type\":\"ImageObject\",\"inLanguage\":\"de\",\"@id\":\"https:\/\/gruppe.seeberger.de\/de\/#\/schema\/logo\/image\/\",\"url\":\"https:\/\/gruppe.seeberger.de\/wp-content\/uploads\/2024\/03\/seeberger-gruppe-logo.svg\",\"contentUrl\":\"https:\/\/gruppe.seeberger.de\/wp-content\/uploads\/2024\/03\/seeberger-gruppe-logo.svg\",\"width\":224,\"height\":64,\"caption\":\"Seeberger Gruppe\"},\"image\":{\"@id\":\"https:\/\/gruppe.seeberger.de\/de\/#\/schema\/logo\/image\/\"},\"sameAs\":[\"https:\/\/www.facebook.com\/seeberger.de\",\"https:\/\/www.youtube.com\/channel\/UC1ZsMjWjwtYtlymi5VKdRqA\",\"https:\/\/www.instagram.com\/seeberger_1844\/\",\"https:\/\/www.xing.com\/pages\/seebergergmbh\",\"http:\/\/www.linkedin.com\/company\/seeberger\"]}]}<\/script>\n<!-- \/ Yoast SEO plugin. -->","yoast_head_json":{"title":"Aktuelles | Neuigkeiten der Seeberger Gruppe im \u00dcberblick","description":"Alle Neuigkeiten und Updates aus der Unternehmenswelt der Seeberger Gruppe.","robots":{"index":"index","follow":"follow","max-snippet":"max-snippet:-1","max-image-preview":"max-image-preview:large","max-video-preview":"max-video-preview:-1"},"canonical":"https:\/\/gruppe.seeberger.de\/de\/ueber-uns\/neuigkeiten-und-aktuelles\/","og_locale":"de_DE","og_type":"article","og_title":"Aktuelles | Neuigkeiten der Seeberger Gruppe im \u00dcberblick","og_description":"Alle Neuigkeiten und Updates aus der Unternehmenswelt der Seeberger Gruppe.","og_url":"https:\/\/gruppe.seeberger.de\/de\/ueber-uns\/neuigkeiten-und-aktuelles\/","og_site_name":"Seeberger Gruppe","article_publisher":"https:\/\/www.facebook.com\/seeberger.de","article_modified_time":"2024-10-10T09:31:17+00:00","og_image":[{"width":1200,"height":832,"url":"https:\/\/gruppe.seeberger.de\/wp\/wp-content\/uploads\/2024\/05\/Seeberger_Genusswelt_Aussenansicht.jpg","type":"image\/jpeg"}],"twitter_card":"summary_large_image","twitter_misc":{"Gesch\u00e4tzte Lesezeit":"1\u00a0Minute"},"schema":{"@context":"https:\/\/schema.org","@graph":[{"@type":"WebPage","@id":"https:\/\/gruppe.seeberger.de\/de\/ueber-uns\/neuigkeiten-und-aktuelles\/","url":"https:\/\/gruppe.seeberger.de\/de\/ueber-uns\/neuigkeiten-und-aktuelles\/","name":"Aktuelles | Neuigkeiten der Seeberger Gruppe im \u00dcberblick","isPartOf":{"@id":"https:\/\/gruppe.seeberger.de\/de\/#website"},"datePublished":"2024-02-15T08:12:02+00:00","dateModified":"2024-10-10T09:31:17+00:00","description":"Alle Neuigkeiten und Updates aus der Unternehmenswelt der Seeberger Gruppe.","breadcrumb":{"@id":"https:\/\/gruppe.seeberger.de\/de\/ueber-uns\/neuigkeiten-und-aktuelles\/#breadcrumb"},"inLanguage":"de","potentialAction":[{"@type":"ReadAction","target":["https:\/\/gruppe.seeberger.de\/de\/ueber-uns\/neuigkeiten-und-aktuelles\/"]}]},{"@type":"BreadcrumbList","@id":"https:\/\/gruppe.seeberger.de\/de\/ueber-uns\/neuigkeiten-und-aktuelles\/#breadcrumb","itemListElement":[{"@type":"ListItem","position":1,"name":"Home","item":"https:\/\/gruppe.seeberger.de\/de\/"},{"@type":"ListItem","position":2,"name":"\u00dcber uns","item":"https:\/\/gruppe.seeberger.de\/de\/ueber-uns\/"},{"@type":"ListItem","position":3,"name":"Aktuelles"}]},{"@type":"WebSite","@id":"https:\/\/gruppe.seeberger.de\/de\/#website","url":"https:\/\/gruppe.seeberger.de\/de\/","name":"Seeberger Gruppe Website","description":"Ein Familienunternehmen mit Tradition","publisher":{"@id":"https:\/\/gruppe.seeberger.de\/de\/#organization"},"alternateName":"Seeberger Gruppe","potentialAction":[{"@type":"SearchAction","target":{"@type":"EntryPoint","urlTemplate":"https:\/\/gruppe.seeberger.de\/de\/?s={search_term_string}"},"query-input":{"@type":"PropertyValueSpecification","valueRequired":true,"valueName":"search_term_string"}}],"inLanguage":"de"},{"@type":"Organization","@id":"https:\/\/gruppe.seeberger.de\/de\/#organization","name":"Seeberger Gruppe","url":"https:\/\/gruppe.seeberger.de\/de\/","logo":{"@type":"ImageObject","inLanguage":"de","@id":"https:\/\/gruppe.seeberger.de\/de\/#\/schema\/logo\/image\/","url":"https:\/\/gruppe.seeberger.de\/wp-content\/uploads\/2024\/03\/seeberger-gruppe-logo.svg","contentUrl":"https:\/\/gruppe.seeberger.de\/wp-content\/uploads\/2024\/03\/seeberger-gruppe-logo.svg","width":224,"height":64,"caption":"Seeberger Gruppe"},"image":{"@id":"https:\/\/gruppe.seeberger.de\/de\/#\/schema\/logo\/image\/"},"sameAs":["https:\/\/www.facebook.com\/seeberger.de","https:\/\/www.youtube.com\/channel\/UC1ZsMjWjwtYtlymi5VKdRqA","https:\/\/www.instagram.com\/seeberger_1844\/","https:\/\/www.xing.com\/pages\/seebergergmbh","http:\/\/www.linkedin.com\/company\/seeberger"]}]}},"_links":{"self":[{"href":"https:\/\/gruppe.seeberger.de\/de\/wp-json\/wp\/v2\/pages\/186","targetHints":{"allow":["GET"]}}],"collection":[{"href":"https:\/\/gruppe.seeberger.de\/de\/wp-json\/wp\/v2\/pages"}],"about":[{"href":"https:\/\/gruppe.seeberger.de\/de\/wp-json\/wp\/v2\/types\/page"}],"author":[{"embeddable":true,"href":"https:\/\/gruppe.seeberger.de\/de\/wp-json\/wp\/v2\/users\/3"}],"replies":[{"embeddable":true,"href":"https:\/\/gruppe.seeberger.de\/de\/wp-json\/wp\/v2\/comments?post=186"}],"version-history":[{"count":29,"href":"https:\/\/gruppe.seeberger.de\/de\/wp-json\/wp\/v2\/pages\/186\/revisions"}],"predecessor-version":[{"id":3984,"href":"https:\/\/gruppe.seeberger.de\/de\/wp-json\/wp\/v2\/pages\/186\/revisions\/3984"}],"up":[{"embeddable":true,"href":"https:\/\/gruppe.seeberger.de\/de\/wp-json\/wp\/v2\/pages\/205"}],"wp:attachment":[{"href":"https:\/\/gruppe.seeberger.de\/de\/wp-json\/wp\/v2\/media?parent=186"}],"curies":[{"name":"wp","href":"https:\/\/api.w.org\/{rel}","templated":true}]}}