{"id":281,"date":"2024-02-19T14:38:20","date_gmt":"2024-02-19T13:38:20","guid":{"rendered":"https:\/\/gruppe.seeberger.de\/?page_id=281"},"modified":"2026-03-12T13:32:16","modified_gmt":"2026-03-12T12:32:16","slug":"seeberger-hinweisgebersystem","status":"publish","type":"page","link":"https:\/\/gruppe.seeberger.de\/de\/ueber-uns\/seeberger-hinweisgebersystem\/","title":{"rendered":"Seeberger Hinweisgebersystem"},"content":{"rendered":"<div class=\"wpb-content-wrapper\">[vc_row ppi_content_type=&#8220;ppi_content_width_medium&#8220; full_width=&#8220;stretch_row_content_no_spaces&#8220; ppi_decoration_top=&#8220;right&#8220; ppi_decoration_top_color=&#8220;#275D38&#8243; ppi_decoration_bottom=&#8220;left&#8220; ppi_decoration_bottom_color=&#8220;#B3D57C&#8220; ppi_decoration_bottom_angle=&#8220;descending&#8220;][vc_column][vc_column_text]\r\n<h1 style=\"text-align: center\">Compliance bei\r\nSeeberger<\/h1>\r\n[\/vc_column_text][\/vc_column][\/vc_row][vc_row ppi_content_type=&#8220;ppi_content_width_medium&#8220;][vc_column][vc_column_text]\r\n<h2 style=\"text-align: center\">Ein Leitfaden f\u00fcr verantwortungsvolles Handeln<\/h2>\r\n<p style=\"text-align: center\">Bei Seeberger ist es uns eine Herzensangelegenheit, nicht nur Gesetze und Richtlinien einzuhalten, sondern auch eine Atmosph\u00e4re von N\u00e4he und Vertrauen zu schaffen, in der jeder und jede sich willkommen und sicher f\u00fchlt. Deshalb ist Compliance f\u00fcr uns mehr als nur eine Pflicht \u2013 es ist ein Ausdruck unseres Engagements f\u00fcr Integrit\u00e4t und Fairness.<\/p>\r\n[\/vc_column_text][\/vc_column][\/vc_row][vc_row ppi_row_type=&#8220;ppi_light_bg&#8220; ppi_row_padding=&#8220;ppi_remove_padding_bottom&#8220; full_width=&#8220;stretch_row&#8220;][vc_column][vc_column_text]\r\n<h2 style=\"text-align: center\">Unsere Grunds\u00e4tze der Compliance<\/h2>\r\n[\/vc_column_text]<div class=\"see_icon_module\"><div class=\"see_icon_module-slider swiper swiper-icon-module-slider swiper-69e272ec88c43\" data-swiperID=\"69e272ec88c43\"><div class=\"swiper-wrapper\"><div class=\"see_icon_module__item swiper-slide\">\n            <div class=\"see_icon_module__item__image\">\n            <img loading=\"lazy\" decoding=\"async\" width=\"295\" height=\"295\" src=\"https:\/\/gruppe.seeberger.de\/wp\/wp-content\/uploads\/2024\/05\/Icon_GesetzlicheVorgaben-1.svg\" class=\"attachment-see-md size-see-md\" alt=\"Icon, das ein Gesetzbuch vor einem gr\u00fcnen Globus darstellt.\" \/>        <\/div>\n        <div class=\"see_icon_module__item__description\">\n        <span class=\"h3\">Einhaltung gesetzlicher Vorgaben<\/span>        <p>Wir nehmen unsere Verantwortung gegen\u00fcber der Gesellschaft ernst und halten uns strikt an alle nationalen und internationalen Gesetze und Vorschriften, die unsere Arbeit beeinflussen.<\/p>            <\/div>\n<\/div>\n<div class=\"see_icon_module__item swiper-slide\">\n            <div class=\"see_icon_module__item__image\">\n            <img loading=\"lazy\" decoding=\"async\" width=\"295\" height=\"295\" src=\"https:\/\/gruppe.seeberger.de\/wp\/wp-content\/uploads\/2024\/05\/Icon_FaiesWettbewerbgsverhalten.svg\" class=\"attachment-see-md size-see-md\" alt=\"Icon zu Wettbewerbsverhalten: H\u00e4ndesch\u00fctteln und dar\u00fcberstehende Waage\" \/>        <\/div>\n        <div class=\"see_icon_module__item__description\">\n        <span class=\"h3\">Faires Wettbewerbsverhalten<\/span>        <p>Bei Seeberger glauben wir an einen fairen Wettbewerb und setzen uns gegen Korruption, Bestechung und unfaire Absprachen ein.<\/p>            <\/div>\n<\/div>\n<div class=\"see_icon_module__item swiper-slide\">\n            <div class=\"see_icon_module__item__image\">\n            <img loading=\"lazy\" decoding=\"async\" width=\"295\" height=\"295\" src=\"https:\/\/gruppe.seeberger.de\/wp\/wp-content\/uploads\/2024\/05\/Icon_Integritaet-Transparenz.svg\" class=\"attachment-see-md size-see-md\" alt=\"Icon, das ein aufgeschlagenes Buch neben einer gr\u00fcnen Lupe darstellt.\" \/>        <\/div>\n        <div class=\"see_icon_module__item__description\">\n        <span class=\"h3\">Integrit\u00e4t und Transparenz<\/span>        <p>Unsere Unternehmenskultur ist gepr\u00e4gt von Offenheit und Ehrlichkeit. Wir handeln transparent und nachvollziehbar, denn wir wissen, dass Vertrauen das Fundament jeder guten Beziehung ist.<\/p>            <\/div>\n<\/div>\n<div class=\"see_icon_module__item swiper-slide\">\n            <div class=\"see_icon_module__item__image\">\n            <img loading=\"lazy\" decoding=\"async\" width=\"295\" height=\"295\" src=\"https:\/\/gruppe.seeberger.de\/wp\/wp-content\/uploads\/2024\/05\/Icon_Repekt_Menschenrechte.svg\" class=\"attachment-see-md size-see-md\" alt=\"Icon, das drei illustrierte Personen unter einer Balkenwaage darstellt.\" \/>        <\/div>\n        <div class=\"see_icon_module__item__description\">\n        <span class=\"h3\">Respekt f\u00fcr Menschenrechte<\/span>        <p>Wir achten die Menschenrechte entlang unserer gesamten Lieferkette und f\u00f6rdern eine Arbeitsumgebung, die von Vielfalt und Respekt gepr\u00e4gt ist.<\/p>            <\/div>\n<\/div>\n<\/div><\/div><div class=\"swiper-pagination\"><\/div><\/div>[\/vc_column][\/vc_row][vc_row ppi_row_type=&#8220;ppi_light_bg&#8220; full_width=&#8220;stretch_row&#8220;][vc_column][vc_column_text]\r\n<h2 style=\"text-align: center\"><span data-teams=\"true\">Grunds\u00e4tze und Verhaltenskodizes<\/span><\/h2>\r\n[\/vc_column_text]<div class=\"ppi_spacer\" style=\"height: 5px\"><\/div>[\/vc_column][vc_column width=&#8220;1\/3&#8243;]<div class=\"see_downloads__wrapper\"><div class=\"swiper swiper-downloads-slider swiper-69e272ec89870\" data-swiperID=\"69e272ec89870\"><div class=\"swiper-wrapper\"><div class=\"see_downloads__item swiper-slide\">\n    <div class=\"see_downloads__item__image\">\n        <img loading=\"lazy\" decoding=\"async\" width=\"632\" height=\"895\" src=\"https:\/\/gruppe.seeberger.de\/wp\/wp-content\/uploads\/2026\/03\/Titelbild_Code_of_Conduct.png\" class=\"attachment-see-md\" alt=\"Titelbild Code of Conductt\" title=\"Titelbild_Code_of_Conduct\" srcset=\"https:\/\/gruppe.seeberger.de\/wp\/wp-content\/uploads\/2026\/03\/Titelbild_Code_of_Conduct.png 632w, https:\/\/gruppe.seeberger.de\/wp\/wp-content\/uploads\/2026\/03\/Titelbild_Code_of_Conduct-212x300.png 212w, https:\/\/gruppe.seeberger.de\/wp\/wp-content\/uploads\/2026\/03\/Titelbild_Code_of_Conduct-480x680.png 480w\" sizes=\"auto, (max-width: 632px) 100vw, 632px\" \/>    <\/div>\n                    <p class=\"see_downloads__item__title\">In unserem Code of Conduct erfahren Sie mehr \u00fcber unsere Compliance-Grunds\u00e4tze und Unternehmenswerte und wie wir sie in der Praxis umsetzen.<\/p>\n                            <a href=\"https:\/\/gruppe.seeberger.de\/wp\/wp-content\/uploads\/2024\/11\/241108_Code_of_Conduct_A4_D_Web.pdf\" target=\"_blank\" class=\"see_downloads__item__link button\">Herunterladen<\/a>\n        <\/div>\n<\/div><\/div><\/div>[\/vc_column][vc_column width=&#8220;1\/3&#8243;]<div class=\"see_downloads__wrapper\"><div class=\"swiper swiper-downloads-slider swiper-69e272ec8a17a\" data-swiperID=\"69e272ec8a17a\"><div class=\"swiper-wrapper\"><div class=\"see_downloads__item swiper-slide\">\n    <div class=\"see_downloads__item__image\">\n        <img loading=\"lazy\" decoding=\"async\" width=\"596\" height=\"842\" src=\"https:\/\/gruppe.seeberger.de\/wp\/wp-content\/uploads\/2025\/07\/Supplier_and_Business_Partner_Code-of_Conduct_Titelbild_Deutsch.png\" class=\"attachment-see-md\" alt=\"Supplier and Business Partner Code of Conduct Titelbild\" title=\"Supplier_and_Business_Partner_Code of_Conduct_Titelbild_Deutsch\" srcset=\"https:\/\/gruppe.seeberger.de\/wp\/wp-content\/uploads\/2025\/07\/Supplier_and_Business_Partner_Code-of_Conduct_Titelbild_Deutsch.png 596w, https:\/\/gruppe.seeberger.de\/wp\/wp-content\/uploads\/2025\/07\/Supplier_and_Business_Partner_Code-of_Conduct_Titelbild_Deutsch-212x300.png 212w, https:\/\/gruppe.seeberger.de\/wp\/wp-content\/uploads\/2025\/07\/Supplier_and_Business_Partner_Code-of_Conduct_Titelbild_Deutsch-480x678.png 480w\" sizes=\"auto, (max-width: 596px) 100vw, 596px\" \/>    <\/div>\n                    <p class=\"see_downloads__item__title\">Mit unserem\u202f Supplier and Business Partner Code of Conduct machen wir unserer Compliance-Grunds\u00e4tze auch zur Grundlage unserer Zusammenarbeit mit Lieferanten und Gesch\u00e4ftspartnern. So f\u00f6rdern wir Verantwortung, Nachhaltigkeit und Integrit\u00e4t entlang unserer gesamten Lieferkette.<\/p>\n                            <a href=\"https:\/\/gruppe.seeberger.de\/wp\/wp-content\/uploads\/2025\/07\/Seeberger-Supplier-and-Business-Partner-Code-of-Conduct_Deutsch.pdf\" target=\"_blank\" class=\"see_downloads__item__link button\">Herunterladen<\/a>\n        <\/div>\n<\/div><\/div><\/div>[\/vc_column][vc_column width=&#8220;1\/3&#8243;]<div class=\"see_downloads__wrapper\"><div class=\"swiper swiper-downloads-slider swiper-69e272ec8a90d\" data-swiperID=\"69e272ec8a90d\"><div class=\"swiper-wrapper\"><div class=\"see_downloads__item swiper-slide\">\n    <div class=\"see_downloads__item__image\">\n        <img loading=\"lazy\" decoding=\"async\" width=\"992\" height=\"1403\" src=\"https:\/\/gruppe.seeberger.de\/wp\/wp-content\/uploads\/2026\/03\/Grundsatzerklaerung_Titelbild-992x1403.png\" class=\"attachment-see-md\" alt=\"Grundsatzerkl\u00e4rung Titelbild\" title=\"Grundsatzerkl\u00e4rung_Titelbild\" srcset=\"https:\/\/gruppe.seeberger.de\/wp\/wp-content\/uploads\/2026\/03\/Grundsatzerklaerung_Titelbild-992x1403.png 992w, https:\/\/gruppe.seeberger.de\/wp\/wp-content\/uploads\/2026\/03\/Grundsatzerklaerung_Titelbild-212x300.png 212w, https:\/\/gruppe.seeberger.de\/wp\/wp-content\/uploads\/2026\/03\/Grundsatzerklaerung_Titelbild-724x1024.png 724w, https:\/\/gruppe.seeberger.de\/wp\/wp-content\/uploads\/2026\/03\/Grundsatzerklaerung_Titelbild-768x1086.png 768w, https:\/\/gruppe.seeberger.de\/wp\/wp-content\/uploads\/2026\/03\/Grundsatzerklaerung_Titelbild-1200x1697.png 1200w, https:\/\/gruppe.seeberger.de\/wp\/wp-content\/uploads\/2026\/03\/Grundsatzerklaerung_Titelbild-480x679.png 480w, https:\/\/gruppe.seeberger.de\/wp\/wp-content\/uploads\/2026\/03\/Grundsatzerklaerung_Titelbild.png 1414w\" sizes=\"auto, (max-width: 992px) 100vw, 992px\" \/>    <\/div>\n                    <p class=\"see_downloads__item__title\">In unserer Grundsatzerkl\u00e4rung verpflichten wir uns zu der Achtung der Menschenrechte und Umweltstandards entlang unserer Lieferkette und zeigen auf, wie wir dieser Verantwortung konkret nachkommen.<\/p>\n                            <a href=\"https:\/\/gruppe.seeberger.de\/wp\/wp-content\/uploads\/2026\/03\/Grundsatzerklaerung_DE.pdf\" target=\"_blank\" class=\"see_downloads__item__link button\">Herunterladen<\/a>\n        <\/div>\n<\/div><\/div><\/div>[\/vc_column][\/vc_row][vc_row ppi_content_type=&#8220;ppi_content_width_medium&#8220;][vc_column][vc_column_text]\r\n<h2 style=\"text-align: center\">Unser Compliance-Management-System (CMS)<\/h2>\r\n<p style=\"text-align: center\">Unser Compliance-Management-System ist das R\u00fcckgrat unseres Engagements f\u00fcr Compliance. Es gew\u00e4hrleistet, dass unsere Grunds\u00e4tze in allen Bereichen des Unternehmens gelebt werden. Unsere Compliance-Organisation sorgt daf\u00fcr, dass unsere Gesch\u00e4ftspraktiken stets den h\u00f6chsten Standards entsprechen, bietet Schulungen und Unterst\u00fctzung f\u00fcr Mitarbeitenden und \u00fcberwacht die Einhaltung gesetzlicher Bestimmungen.<\/p>\r\n[\/vc_column_text][\/vc_column][\/vc_row][vc_row ppi_row_type=&#8220;ppi_light_bg&#8220; ppi_content_type=&#8220;ppi_content_width_medium&#8220; full_width=&#8220;stretch_row&#8220;][vc_column][vc_column_text]\r\n<h2 style=\"text-align: center\">Unser Hinweisgebersystem<\/h2>\r\n<p style=\"text-align: center\">Bei Seeberger ist es uns wichtig, potenzielle Compliance-Verst\u00f6\u00dfe fr\u00fchzeitig zu erkennen und zu beheben. Deshalb haben wir ein Hinweisgebersystem eingerichtet, \u00fcber das Sie uns alle Bedenken und Hinweise mitteilen k\u00f6nnen \u2013 offen, anonym und direkt. Ihre Anliegen sind uns wichtig, und wir versichern Ihnen einen vertraulichen und gesicherten Dialog.<\/p>\r\n<p style=\"text-align: center\">Sie k\u00f6nnen mit Klick auf den Button \u201cVorfall melden\u201d unkompliziert einen Hinweis abgeben. Wenn Sie die Meldung gesendet haben, wird automatisch ein anonymes Postfach auf dem Portal erstellt. Zu diesem gelangen Sie \u00fcber den Button \u201cFallpostfach\u201d. Dieser macht es uns einfacher, mit Ihnen zu kommunizieren, insbesondere wenn sich R\u00fcckfragen ergeben sollten &#8211; und das, ohne Ihre Anonymit\u00e4t zu gef\u00e4hrden.<\/p>\r\n[\/vc_column_text][\/vc_column][\/vc_row][vc_row ppi_row_type=&#8220;ppi_light_bg&#8220; ppi_row_padding=&#8220;ppi_remove_padding_top&#8220; full_width=&#8220;stretch_row&#8220;][vc_column][vc_column_text]\r\n<p style=\"text-align: center\"><a class=\"button button--outline--primary button--big\" href=\"https:\/\/app.meldesystem.eu\/ords\/f?p=702:999:0::::X:1A8NVBHL5JYMJsobDC0iIYNfKU5JP5KQM_AMMRsatvOZ3KrLqtqhylQrmx3g22iRvsN5CaBV6B4FmRaBd01Qfg8SymYhuCeQ\" target=\"_blank\" rel=\"noopener\">Vorfall melden<\/a><\/p>\r\n[\/vc_column_text][\/vc_column][\/vc_row][vc_row ppi_row_type=&#8220;ppi_light_bg&#8220; ppi_row_padding=&#8220;ppi_remove_padding_top&#8220; full_width=&#8220;stretch_row&#8220;][vc_column][vc_column_text]\r\n<p style=\"text-align: center\"><strong>In unserer <a href=\"https:\/\/gruppe.seeberger.de\/wp\/wp-content\/uploads\/2024\/11\/Verfahrensordnung.pdf\" target=\"_blank\" rel=\"noopener\">Verfahrensordnung<\/a> wird der Umgang mit Hinweisen und Beschwerden n\u00e4her erl\u00e4utert.<\/strong><\/p>\r\n[\/vc_column_text]<div class=\"see_image see_image__full \"><figure><img loading=\"lazy\" decoding=\"async\" width=\"1\" height=\"1\" src=\"https:\/\/gruppe.seeberger.de\/wp\/wp-content\/uploads\/2024\/05\/Verfahrensordnung.svg\" class=\"attachment-see-lg size-see-lg\" alt=\"Illustriertes Schaubild zum Hinweisgebersystem.\" \/><\/figure><\/div>[\/vc_column][\/vc_row][vc_row ppi_content_type=&#8220;ppi_content_width_medium&#8220;][vc_column][vc_column_text]\r\n<h2 style=\"text-align: center\">Sie k\u00f6nnen uns auch auf alternative Weise kontaktieren:<\/h2>\r\n<p style=\"text-align: center\">Per E-Mail: <a href=\"mailto:compliance@seeberger.de\">compliance@seeberger.de<\/a><\/p>\r\n<p style=\"text-align: center\">Telefonisch: +49(0) 731 40 93 22 22<\/p>\r\n<p style=\"text-align: center\">Oder per Post:\r\nSeeberger GmbH\r\nz. H. Compliance Stelle\r\nHans-Lorenser-Str. 36\r\n89079 Ulm\r\nDeutschland<\/p>\r\n<p style=\"text-align: center\">Wir sind hier, um Ihnen zuzuh\u00f6ren und jeden Hinweis sorgf\u00e4ltig zu pr\u00fcfen. Helfen Sie uns, Fehlverhalten fr\u00fchzeitig zu erkennen. Mit Ihrer Unterst\u00fctzung k\u00f6nnen wir unsere Integrit\u00e4t und Verl\u00e4sslichkeit sichern und damit auch unseren Erfolg.<\/p>\r\n[\/vc_column_text]<div class=\"ppi_spacer\" style=\"height: 50px\"><\/div>[\/vc_column][\/vc_row]<\/div>","protected":false},"excerpt":{"rendered":"[vc_row ppi_content_type=&#8220;ppi_content_width_medium&#8220; full_width=&#8220;stretch_row_content_no_spaces&#8220; ppi_decoration_top=&#8220;right&#8220; ppi_decoration_top_color=&#8220;#275D38&#8243; ppi_decoration_bottom=&#8220;left&#8220; ppi_decoration_bottom_color=&#8220;#B3D57C&#8220; ppi_decoration_bottom_angle=&#8220;descending&#8220;][vc_column][vc_column_text] Compliance bei Seeberger [\/vc_column_text][\/vc_column][\/vc_row][vc_row ppi_content_type=&#8220;ppi_content_width_medium&#8220;][vc_column][vc_column_text] Ein Leitfaden f\u00fcr verantwortungsvolles Handeln Bei Seeberger ist es uns eine Herzensangelegenheit, nicht nur Gesetze und Richtlinien einzuhalten, sondern auch eine Atmosph\u00e4re von N\u00e4he und Vertrauen zu schaffen, in der jeder und jede sich willkommen und sicher f\u00fchlt. Deshalb ist Compliance f\u00fcr [&hellip;]","protected":false},"author":6,"featured_media":0,"parent":205,"menu_order":0,"comment_status":"closed","ping_status":"closed","template":"","meta":{"_acf_changed":false,"inline_featured_image":false,"footnotes":""},"class_list":["post-281","page","type-page","status-publish","hentry"],"acf":[],"yoast_head":"<!-- This site is optimized with the Yoast SEO plugin v27.2 - https:\/\/yoast.com\/product\/yoast-seo-wordpress\/ -->\n<title>Seeberger Hinweisgebersystem - Seeberger Gruppe<\/title>\n<meta name=\"robots\" content=\"index, follow, max-snippet:-1, max-image-preview:large, max-video-preview:-1\" \/>\n<link rel=\"canonical\" href=\"https:\/\/gruppe.seeberger.de\/de\/ueber-uns\/seeberger-hinweisgebersystem\/\" \/>\n<meta property=\"og:locale\" content=\"de_DE\" \/>\n<meta property=\"og:type\" content=\"article\" \/>\n<meta property=\"og:title\" content=\"Seeberger Hinweisgebersystem - Seeberger Gruppe\" \/>\n<meta property=\"og:description\" content=\"[vc_row ppi_content_type=&#8220;ppi_content_width_medium&#8220; full_width=&#8220;stretch_row_content_no_spaces&#8220; ppi_decoration_top=&#8220;right&#8220; ppi_decoration_top_color=&#8220;#275D38&#8243; ppi_decoration_bottom=&#8220;left&#8220; ppi_decoration_bottom_color=&#8220;#B3D57C&#8220; ppi_decoration_bottom_angle=&#8220;descending&#8220;][vc_column][vc_column_text] Compliance bei Seeberger [\/vc_column_text][\/vc_column][\/vc_row][vc_row ppi_content_type=&#8220;ppi_content_width_medium&#8220;][vc_column][vc_column_text] Ein Leitfaden f\u00fcr verantwortungsvolles Handeln Bei Seeberger ist es uns eine Herzensangelegenheit, nicht nur Gesetze und Richtlinien einzuhalten, sondern auch eine Atmosph\u00e4re von N\u00e4he und Vertrauen zu schaffen, in der jeder und jede sich willkommen und sicher f\u00fchlt. Deshalb ist Compliance f\u00fcr [&hellip;]\" \/>\n<meta property=\"og:url\" content=\"https:\/\/gruppe.seeberger.de\/de\/ueber-uns\/seeberger-hinweisgebersystem\/\" \/>\n<meta property=\"og:site_name\" content=\"Seeberger Gruppe\" \/>\n<meta property=\"article:publisher\" content=\"https:\/\/www.facebook.com\/seeberger.de\" \/>\n<meta property=\"article:modified_time\" content=\"2026-03-12T12:32:16+00:00\" \/>\n<meta property=\"og:image\" content=\"https:\/\/gruppe.seeberger.de\/wp\/wp-content\/uploads\/2024\/05\/Seeberger_Genusswelt_Aussenansicht.jpg\" \/>\n\t<meta property=\"og:image:width\" content=\"1200\" \/>\n\t<meta property=\"og:image:height\" content=\"832\" \/>\n\t<meta property=\"og:image:type\" content=\"image\/jpeg\" \/>\n<meta name=\"twitter:card\" content=\"summary_large_image\" \/>\n<meta name=\"twitter:label1\" content=\"Gesch\u00e4tzte Lesezeit\" \/>\n\t<meta name=\"twitter:data1\" content=\"3\u00a0Minuten\" \/>\n<script type=\"application\/ld+json\" class=\"yoast-schema-graph\">{\"@context\":\"https:\/\/schema.org\",\"@graph\":[{\"@type\":\"WebPage\",\"@id\":\"https:\/\/gruppe.seeberger.de\/de\/ueber-uns\/seeberger-hinweisgebersystem\/\",\"url\":\"https:\/\/gruppe.seeberger.de\/de\/ueber-uns\/seeberger-hinweisgebersystem\/\",\"name\":\"Seeberger Hinweisgebersystem - Seeberger Gruppe\",\"isPartOf\":{\"@id\":\"https:\/\/gruppe.seeberger.de\/de\/#website\"},\"datePublished\":\"2024-02-19T13:38:20+00:00\",\"dateModified\":\"2026-03-12T12:32:16+00:00\",\"breadcrumb\":{\"@id\":\"https:\/\/gruppe.seeberger.de\/de\/ueber-uns\/seeberger-hinweisgebersystem\/#breadcrumb\"},\"inLanguage\":\"de\",\"potentialAction\":[{\"@type\":\"ReadAction\",\"target\":[\"https:\/\/gruppe.seeberger.de\/de\/ueber-uns\/seeberger-hinweisgebersystem\/\"]}]},{\"@type\":\"BreadcrumbList\",\"@id\":\"https:\/\/gruppe.seeberger.de\/de\/ueber-uns\/seeberger-hinweisgebersystem\/#breadcrumb\",\"itemListElement\":[{\"@type\":\"ListItem\",\"position\":1,\"name\":\"Home\",\"item\":\"https:\/\/gruppe.seeberger.de\/de\/\"},{\"@type\":\"ListItem\",\"position\":2,\"name\":\"\u00dcber uns\",\"item\":\"https:\/\/gruppe.seeberger.de\/de\/ueber-uns\/\"},{\"@type\":\"ListItem\",\"position\":3,\"name\":\"Seeberger Hinweisgebersystem\"}]},{\"@type\":\"WebSite\",\"@id\":\"https:\/\/gruppe.seeberger.de\/de\/#website\",\"url\":\"https:\/\/gruppe.seeberger.de\/de\/\",\"name\":\"Seeberger Gruppe Website\",\"description\":\"Ein Familienunternehmen mit Tradition\",\"publisher\":{\"@id\":\"https:\/\/gruppe.seeberger.de\/de\/#organization\"},\"alternateName\":\"Seeberger Gruppe\",\"potentialAction\":[{\"@type\":\"SearchAction\",\"target\":{\"@type\":\"EntryPoint\",\"urlTemplate\":\"https:\/\/gruppe.seeberger.de\/de\/?s={search_term_string}\"},\"query-input\":{\"@type\":\"PropertyValueSpecification\",\"valueRequired\":true,\"valueName\":\"search_term_string\"}}],\"inLanguage\":\"de\"},{\"@type\":\"Organization\",\"@id\":\"https:\/\/gruppe.seeberger.de\/de\/#organization\",\"name\":\"Seeberger Gruppe\",\"url\":\"https:\/\/gruppe.seeberger.de\/de\/\",\"logo\":{\"@type\":\"ImageObject\",\"inLanguage\":\"de\",\"@id\":\"https:\/\/gruppe.seeberger.de\/de\/#\/schema\/logo\/image\/\",\"url\":\"https:\/\/gruppe.seeberger.de\/wp-content\/uploads\/2024\/03\/seeberger-gruppe-logo.svg\",\"contentUrl\":\"https:\/\/gruppe.seeberger.de\/wp-content\/uploads\/2024\/03\/seeberger-gruppe-logo.svg\",\"width\":224,\"height\":64,\"caption\":\"Seeberger Gruppe\"},\"image\":{\"@id\":\"https:\/\/gruppe.seeberger.de\/de\/#\/schema\/logo\/image\/\"},\"sameAs\":[\"https:\/\/www.facebook.com\/seeberger.de\",\"https:\/\/www.youtube.com\/channel\/UC1ZsMjWjwtYtlymi5VKdRqA\",\"https:\/\/www.instagram.com\/seeberger_1844\/\",\"https:\/\/www.xing.com\/pages\/seebergergmbh\",\"http:\/\/www.linkedin.com\/company\/seeberger\"]}]}<\/script>\n<!-- \/ Yoast SEO plugin. -->","yoast_head_json":{"title":"Seeberger Hinweisgebersystem - Seeberger Gruppe","robots":{"index":"index","follow":"follow","max-snippet":"max-snippet:-1","max-image-preview":"max-image-preview:large","max-video-preview":"max-video-preview:-1"},"canonical":"https:\/\/gruppe.seeberger.de\/de\/ueber-uns\/seeberger-hinweisgebersystem\/","og_locale":"de_DE","og_type":"article","og_title":"Seeberger Hinweisgebersystem - Seeberger Gruppe","og_description":"[vc_row ppi_content_type=&#8220;ppi_content_width_medium&#8220; full_width=&#8220;stretch_row_content_no_spaces&#8220; ppi_decoration_top=&#8220;right&#8220; ppi_decoration_top_color=&#8220;#275D38&#8243; ppi_decoration_bottom=&#8220;left&#8220; ppi_decoration_bottom_color=&#8220;#B3D57C&#8220; ppi_decoration_bottom_angle=&#8220;descending&#8220;][vc_column][vc_column_text] Compliance bei Seeberger [\/vc_column_text][\/vc_column][\/vc_row][vc_row ppi_content_type=&#8220;ppi_content_width_medium&#8220;][vc_column][vc_column_text] Ein Leitfaden f\u00fcr verantwortungsvolles Handeln Bei Seeberger ist es uns eine Herzensangelegenheit, nicht nur Gesetze und Richtlinien einzuhalten, sondern auch eine Atmosph\u00e4re von N\u00e4he und Vertrauen zu schaffen, in der jeder und jede sich willkommen und sicher f\u00fchlt. Deshalb ist Compliance f\u00fcr [&hellip;]","og_url":"https:\/\/gruppe.seeberger.de\/de\/ueber-uns\/seeberger-hinweisgebersystem\/","og_site_name":"Seeberger Gruppe","article_publisher":"https:\/\/www.facebook.com\/seeberger.de","article_modified_time":"2026-03-12T12:32:16+00:00","og_image":[{"width":1200,"height":832,"url":"https:\/\/gruppe.seeberger.de\/wp\/wp-content\/uploads\/2024\/05\/Seeberger_Genusswelt_Aussenansicht.jpg","type":"image\/jpeg"}],"twitter_card":"summary_large_image","twitter_misc":{"Gesch\u00e4tzte Lesezeit":"3\u00a0Minuten"},"schema":{"@context":"https:\/\/schema.org","@graph":[{"@type":"WebPage","@id":"https:\/\/gruppe.seeberger.de\/de\/ueber-uns\/seeberger-hinweisgebersystem\/","url":"https:\/\/gruppe.seeberger.de\/de\/ueber-uns\/seeberger-hinweisgebersystem\/","name":"Seeberger Hinweisgebersystem - Seeberger Gruppe","isPartOf":{"@id":"https:\/\/gruppe.seeberger.de\/de\/#website"},"datePublished":"2024-02-19T13:38:20+00:00","dateModified":"2026-03-12T12:32:16+00:00","breadcrumb":{"@id":"https:\/\/gruppe.seeberger.de\/de\/ueber-uns\/seeberger-hinweisgebersystem\/#breadcrumb"},"inLanguage":"de","potentialAction":[{"@type":"ReadAction","target":["https:\/\/gruppe.seeberger.de\/de\/ueber-uns\/seeberger-hinweisgebersystem\/"]}]},{"@type":"BreadcrumbList","@id":"https:\/\/gruppe.seeberger.de\/de\/ueber-uns\/seeberger-hinweisgebersystem\/#breadcrumb","itemListElement":[{"@type":"ListItem","position":1,"name":"Home","item":"https:\/\/gruppe.seeberger.de\/de\/"},{"@type":"ListItem","position":2,"name":"\u00dcber uns","item":"https:\/\/gruppe.seeberger.de\/de\/ueber-uns\/"},{"@type":"ListItem","position":3,"name":"Seeberger Hinweisgebersystem"}]},{"@type":"WebSite","@id":"https:\/\/gruppe.seeberger.de\/de\/#website","url":"https:\/\/gruppe.seeberger.de\/de\/","name":"Seeberger Gruppe Website","description":"Ein Familienunternehmen mit Tradition","publisher":{"@id":"https:\/\/gruppe.seeberger.de\/de\/#organization"},"alternateName":"Seeberger Gruppe","potentialAction":[{"@type":"SearchAction","target":{"@type":"EntryPoint","urlTemplate":"https:\/\/gruppe.seeberger.de\/de\/?s={search_term_string}"},"query-input":{"@type":"PropertyValueSpecification","valueRequired":true,"valueName":"search_term_string"}}],"inLanguage":"de"},{"@type":"Organization","@id":"https:\/\/gruppe.seeberger.de\/de\/#organization","name":"Seeberger Gruppe","url":"https:\/\/gruppe.seeberger.de\/de\/","logo":{"@type":"ImageObject","inLanguage":"de","@id":"https:\/\/gruppe.seeberger.de\/de\/#\/schema\/logo\/image\/","url":"https:\/\/gruppe.seeberger.de\/wp-content\/uploads\/2024\/03\/seeberger-gruppe-logo.svg","contentUrl":"https:\/\/gruppe.seeberger.de\/wp-content\/uploads\/2024\/03\/seeberger-gruppe-logo.svg","width":224,"height":64,"caption":"Seeberger Gruppe"},"image":{"@id":"https:\/\/gruppe.seeberger.de\/de\/#\/schema\/logo\/image\/"},"sameAs":["https:\/\/www.facebook.com\/seeberger.de","https:\/\/www.youtube.com\/channel\/UC1ZsMjWjwtYtlymi5VKdRqA","https:\/\/www.instagram.com\/seeberger_1844\/","https:\/\/www.xing.com\/pages\/seebergergmbh","http:\/\/www.linkedin.com\/company\/seeberger"]}]}},"_links":{"self":[{"href":"https:\/\/gruppe.seeberger.de\/de\/wp-json\/wp\/v2\/pages\/281","targetHints":{"allow":["GET"]}}],"collection":[{"href":"https:\/\/gruppe.seeberger.de\/de\/wp-json\/wp\/v2\/pages"}],"about":[{"href":"https:\/\/gruppe.seeberger.de\/de\/wp-json\/wp\/v2\/types\/page"}],"author":[{"embeddable":true,"href":"https:\/\/gruppe.seeberger.de\/de\/wp-json\/wp\/v2\/users\/6"}],"replies":[{"embeddable":true,"href":"https:\/\/gruppe.seeberger.de\/de\/wp-json\/wp\/v2\/comments?post=281"}],"version-history":[{"count":100,"href":"https:\/\/gruppe.seeberger.de\/de\/wp-json\/wp\/v2\/pages\/281\/revisions"}],"predecessor-version":[{"id":4875,"href":"https:\/\/gruppe.seeberger.de\/de\/wp-json\/wp\/v2\/pages\/281\/revisions\/4875"}],"up":[{"embeddable":true,"href":"https:\/\/gruppe.seeberger.de\/de\/wp-json\/wp\/v2\/pages\/205"}],"wp:attachment":[{"href":"https:\/\/gruppe.seeberger.de\/de\/wp-json\/wp\/v2\/media?parent=281"}],"curies":[{"name":"wp","href":"https:\/\/api.w.org\/{rel}","templated":true}]}}