{"id":283,"date":"2024-02-19T14:38:47","date_gmt":"2024-02-19T13:38:47","guid":{"rendered":"https:\/\/gruppe.seeberger.de\/?page_id=283"},"modified":"2024-05-16T15:49:23","modified_gmt":"2024-05-16T13:49:23","slug":"stiftung","status":"publish","type":"page","link":"https:\/\/gruppe.seeberger.de\/de\/ueber-uns\/stiftung\/","title":{"rendered":"Stiftung"},"content":{"rendered":"<div class=\"wpb-content-wrapper\">[vc_row ppi_row_padding=&#8220;ppi_remove_padding_top&#8220; full_width=&#8220;stretch_row_content_no_spaces&#8220;][vc_column]<div class=\"see_keyvisual-slider\"><div class=\"swiper swiper-keyvisual-slider swiper-69e21fc6afeac\" data-swiperID=\"69e21fc6afeac\"><div class=\"swiper-wrapper\"><div class=\"see_keyvisual-slider__item see_keyvisual-slider__item--light swiper-slide\"><img loading=\"lazy\" decoding=\"async\" width=\"2560\" height=\"1706\" src=\"https:\/\/gruppe.seeberger.de\/wp\/wp-content\/uploads\/2024\/02\/Produkte-aus-dem-Garten-scaled.jpg\" class=\"see_keyvisual-slider__item__image\" alt=\"Zwei Kinder mit Gie\u00dfkannen gie\u00dfen Gem\u00fcse\" srcset=\"https:\/\/gruppe.seeberger.de\/wp\/wp-content\/uploads\/2024\/02\/Produkte-aus-dem-Garten-scaled.jpg 2560w, https:\/\/gruppe.seeberger.de\/wp\/wp-content\/uploads\/2024\/02\/Produkte-aus-dem-Garten-300x200.jpg 300w, https:\/\/gruppe.seeberger.de\/wp\/wp-content\/uploads\/2024\/02\/Produkte-aus-dem-Garten-1024x683.jpg 1024w, https:\/\/gruppe.seeberger.de\/wp\/wp-content\/uploads\/2024\/02\/Produkte-aus-dem-Garten-768x512.jpg 768w, https:\/\/gruppe.seeberger.de\/wp\/wp-content\/uploads\/2024\/02\/Produkte-aus-dem-Garten-1920x1280.jpg 1920w, https:\/\/gruppe.seeberger.de\/wp\/wp-content\/uploads\/2024\/02\/Produkte-aus-dem-Garten-1200x800.jpg 1200w, https:\/\/gruppe.seeberger.de\/wp\/wp-content\/uploads\/2024\/02\/Produkte-aus-dem-Garten-992x661.jpg 992w, https:\/\/gruppe.seeberger.de\/wp\/wp-content\/uploads\/2024\/02\/Produkte-aus-dem-Garten-480x320.jpg 480w\" sizes=\"auto, (max-width: 2560px) 100vw, 2560px\" \/><div class=\"see_keyvisual-slider__item__content \"><div class=\"see_keyvisual-slider__item__content__inner\"><div class=\"see_keyvisual-slider__item__content__headlines\"><h1 class=\"see_keyvisual-slider__item__content__headline\">Sternschnuppen f\u00fcr Kinder<\/h1><\/div><\/div><\/div><\/div><\/div><\/div><\/div>[\/vc_column][\/vc_row][vc_row][vc_column][vc_column_text]\r\n<h2 class=\"text-width text-width--690\" style=\"text-align: center;\">Die Stiftung unserer Inhaberfamilie<\/h2>\r\n<p class=\"text-width text-width--690\" style=\"text-align: center;\">2014 haben Clemens Keller, unser Gesch\u00e4ftsf\u00fchrer und Inhaber und seine Frau Alexandra die Stiftung \u201eSternschnuppen f\u00fcr Kinder\u201c ins Leben gerufen. Diese private Stiftung setzt sich daf\u00fcr ein, Kindern und Jugendlichen weltweit nachhaltige Unterst\u00fctzung anzubieten \u2013 und das unabh\u00e4ngig von wirtschaftlichen Interessen.<\/p>\r\n<p class=\"text-width text-width--690\" style=\"text-align: center;\">Die Stiftung arbeitet Hand in Hand mit erfahrenen Partnern wie \u201eVivamos mejor\u201c, einem zertifizierten Hilfswerk in Lateinamerika, um Projekte zu realisieren, die echte Selbstst\u00e4ndigkeit f\u00f6rdern. Besonders am Herzen liegt unserer Inhaberfamilie die Unterst\u00fctzung im Bereich Landwirtschaft und Ern\u00e4hrung, damit Menschen aus eigener Kraft ihre Lebensumst\u00e4nde verbessern k\u00f6nnen. Die Projekte der Stiftung, die eng mit lokalen Gemeinschaften verbunden sind, zielen darauf ab, nachhaltige Ver\u00e4nderungen zu bewirken, die auch nach Projektende Bestand haben.<\/p>\r\n<p class=\"text-width text-width--690\" style=\"text-align: center;\">Es z\u00e4hlt nicht nur der momentane Erfolg, sondern dass die Gemeinden die positiven Ver\u00e4nderungen eigenst\u00e4ndig weiterf\u00fchren k\u00f6nnen. Deshalb werden lokale Organisationen eng in die Arbeit der Stiftung <span style=\"font-weight: 400;\">eingebunden und auch nach Projektende bleiben die Partner:innen vor Ort mit den Gemeinden in Kontakt, um sicherzustellen, dass die Fortschritte bestehen bleiben und die Unterst\u00fctzung weiterhin Fr\u00fcchte tr\u00e4gt.<\/span><\/p>\r\n<p style=\"text-align: center;\"><a class=\"button button--outline--primary\" href=\"https:\/\/www.sternschnuppenfuerkinder.de\/\" target=\"_blank\" rel=\"noopener\"><span style=\"font-weight: 400;\">Weiter Infos zur Stiftung<\/span><\/a><\/p>\r\n[\/vc_column_text][\/vc_column][\/vc_row][vc_row ppi_row_type=&#8220;ppi_light_bg&#8220; ppi_content_type=&#8220;ppi_content_width_medium&#8220; full_width=&#8220;stretch_row&#8220;][vc_column]<div class=\"see_image \"><figure><img loading=\"lazy\" decoding=\"async\" width=\"1200\" height=\"800\" src=\"https:\/\/gruppe.seeberger.de\/wp\/wp-content\/uploads\/2024\/02\/csm_seeberger_28042016-9876_RGB_cff689a288.webp\" class=\"attachment-see-lg size-see-lg\" alt=\"Portr\u00e4tfoto im Gr\u00fcnen von Herr und Frau Keller\" srcset=\"https:\/\/gruppe.seeberger.de\/wp\/wp-content\/uploads\/2024\/02\/csm_seeberger_28042016-9876_RGB_cff689a288.webp 1200w, https:\/\/gruppe.seeberger.de\/wp\/wp-content\/uploads\/2024\/02\/csm_seeberger_28042016-9876_RGB_cff689a288-300x200.webp 300w, https:\/\/gruppe.seeberger.de\/wp\/wp-content\/uploads\/2024\/02\/csm_seeberger_28042016-9876_RGB_cff689a288-1024x683.webp 1024w, https:\/\/gruppe.seeberger.de\/wp\/wp-content\/uploads\/2024\/02\/csm_seeberger_28042016-9876_RGB_cff689a288-768x512.webp 768w, https:\/\/gruppe.seeberger.de\/wp\/wp-content\/uploads\/2024\/02\/csm_seeberger_28042016-9876_RGB_cff689a288-992x661.webp 992w, https:\/\/gruppe.seeberger.de\/wp\/wp-content\/uploads\/2024\/02\/csm_seeberger_28042016-9876_RGB_cff689a288-480x320.webp 480w\" sizes=\"auto, (max-width: 1200px) 100vw, 1200px\" \/><\/figure><\/div>[vc_column_text]\r\n<h2 class=\"text-width text-width--690\" style=\"text-align: center;\">Zukunftschancen schaffen: Hilfe f\u00fcr Kinder weltweit<\/h2>\r\n<p class=\"text-width text-width--690\" style=\"text-align: center;\">\u201eWir m\u00f6chten mithelfen, dass Kinder in \u00e4rmeren L\u00e4ndern eine chancenreiche Zukunft haben. Wir unterst\u00fctzen vor Ort Projekte und Investitionen in den Bereichen Gesundheit, Ern\u00e4hrung und Bildung. Hilfe zur Selbsthilfe soll dazu f\u00fchren, dass die Menschen vor Ort in die Lage versetzt werden, auch nach Projektabschluss ihre verbesserte Lebensgrundlage nachhaltig zu erhalten und ausk\u00f6mmlich zu wirtschaften.\u201c<\/p>\r\n<p style=\"text-align: center;\"><em>Alexandra und Clemens Keller<\/em><\/p>\r\n[\/vc_column_text][\/vc_column][\/vc_row]<\/div>","protected":false},"excerpt":{"rendered":"[vc_row ppi_row_padding=&#8220;ppi_remove_padding_top&#8220; full_width=&#8220;stretch_row_content_no_spaces&#8220;][vc_column][\/vc_column][\/vc_row][vc_row][vc_column][vc_column_text] Die Stiftung unserer Inhaberfamilie 2014 haben Clemens Keller, unser Gesch\u00e4ftsf\u00fchrer und Inhaber und seine Frau Alexandra die Stiftung \u201eSternschnuppen f\u00fcr Kinder\u201c ins Leben gerufen. Diese private Stiftung setzt sich daf\u00fcr ein, Kindern und Jugendlichen weltweit nachhaltige Unterst\u00fctzung anzubieten \u2013 und das unabh\u00e4ngig von wirtschaftlichen Interessen. Die Stiftung arbeitet Hand in Hand mit [&hellip;]","protected":false},"author":6,"featured_media":0,"parent":205,"menu_order":0,"comment_status":"closed","ping_status":"closed","template":"","meta":{"_acf_changed":false,"inline_featured_image":false,"footnotes":""},"class_list":["post-283","page","type-page","status-publish","hentry"],"acf":[],"yoast_head":"<!-- This site is optimized with the Yoast SEO plugin v27.2 - https:\/\/yoast.com\/product\/yoast-seo-wordpress\/ -->\n<title>Stiftung - Seeberger Gruppe<\/title>\n<meta name=\"robots\" content=\"index, follow, max-snippet:-1, max-image-preview:large, max-video-preview:-1\" \/>\n<link rel=\"canonical\" href=\"https:\/\/gruppe.seeberger.de\/de\/ueber-uns\/stiftung\/\" \/>\n<meta property=\"og:locale\" content=\"de_DE\" \/>\n<meta property=\"og:type\" content=\"article\" \/>\n<meta property=\"og:title\" content=\"Stiftung - Seeberger Gruppe\" \/>\n<meta property=\"og:description\" content=\"[vc_row ppi_row_padding=&#8220;ppi_remove_padding_top&#8220; full_width=&#8220;stretch_row_content_no_spaces&#8220;][vc_column][\/vc_column][\/vc_row][vc_row][vc_column][vc_column_text] Die Stiftung unserer Inhaberfamilie 2014 haben Clemens Keller, unser Gesch\u00e4ftsf\u00fchrer und Inhaber und seine Frau Alexandra die Stiftung \u201eSternschnuppen f\u00fcr Kinder\u201c ins Leben gerufen. Diese private Stiftung setzt sich daf\u00fcr ein, Kindern und Jugendlichen weltweit nachhaltige Unterst\u00fctzung anzubieten \u2013 und das unabh\u00e4ngig von wirtschaftlichen Interessen. Die Stiftung arbeitet Hand in Hand mit [&hellip;]\" \/>\n<meta property=\"og:url\" content=\"https:\/\/gruppe.seeberger.de\/de\/ueber-uns\/stiftung\/\" \/>\n<meta property=\"og:site_name\" content=\"Seeberger Gruppe\" \/>\n<meta property=\"article:publisher\" content=\"https:\/\/www.facebook.com\/seeberger.de\" \/>\n<meta property=\"article:modified_time\" content=\"2024-05-16T13:49:23+00:00\" \/>\n<meta property=\"og:image\" content=\"https:\/\/gruppe.seeberger.de\/wp\/wp-content\/uploads\/2024\/05\/Seeberger_Genusswelt_Aussenansicht.jpg\" \/>\n\t<meta property=\"og:image:width\" content=\"1200\" \/>\n\t<meta property=\"og:image:height\" content=\"832\" \/>\n\t<meta property=\"og:image:type\" content=\"image\/jpeg\" \/>\n<meta name=\"twitter:card\" content=\"summary_large_image\" \/>\n<meta name=\"twitter:label1\" content=\"Gesch\u00e4tzte Lesezeit\" \/>\n\t<meta name=\"twitter:data1\" content=\"2\u00a0Minuten\" \/>\n<script type=\"application\/ld+json\" class=\"yoast-schema-graph\">{\"@context\":\"https:\/\/schema.org\",\"@graph\":[{\"@type\":\"WebPage\",\"@id\":\"https:\/\/gruppe.seeberger.de\/de\/ueber-uns\/stiftung\/\",\"url\":\"https:\/\/gruppe.seeberger.de\/de\/ueber-uns\/stiftung\/\",\"name\":\"Stiftung - Seeberger Gruppe\",\"isPartOf\":{\"@id\":\"https:\/\/gruppe.seeberger.de\/de\/#website\"},\"datePublished\":\"2024-02-19T13:38:47+00:00\",\"dateModified\":\"2024-05-16T13:49:23+00:00\",\"breadcrumb\":{\"@id\":\"https:\/\/gruppe.seeberger.de\/de\/ueber-uns\/stiftung\/#breadcrumb\"},\"inLanguage\":\"de\",\"potentialAction\":[{\"@type\":\"ReadAction\",\"target\":[\"https:\/\/gruppe.seeberger.de\/de\/ueber-uns\/stiftung\/\"]}]},{\"@type\":\"BreadcrumbList\",\"@id\":\"https:\/\/gruppe.seeberger.de\/de\/ueber-uns\/stiftung\/#breadcrumb\",\"itemListElement\":[{\"@type\":\"ListItem\",\"position\":1,\"name\":\"Home\",\"item\":\"https:\/\/gruppe.seeberger.de\/de\/\"},{\"@type\":\"ListItem\",\"position\":2,\"name\":\"\u00dcber uns\",\"item\":\"https:\/\/gruppe.seeberger.de\/de\/ueber-uns\/\"},{\"@type\":\"ListItem\",\"position\":3,\"name\":\"Stiftung\"}]},{\"@type\":\"WebSite\",\"@id\":\"https:\/\/gruppe.seeberger.de\/de\/#website\",\"url\":\"https:\/\/gruppe.seeberger.de\/de\/\",\"name\":\"Seeberger Gruppe Website\",\"description\":\"Ein Familienunternehmen mit Tradition\",\"publisher\":{\"@id\":\"https:\/\/gruppe.seeberger.de\/de\/#organization\"},\"alternateName\":\"Seeberger Gruppe\",\"potentialAction\":[{\"@type\":\"SearchAction\",\"target\":{\"@type\":\"EntryPoint\",\"urlTemplate\":\"https:\/\/gruppe.seeberger.de\/de\/?s={search_term_string}\"},\"query-input\":{\"@type\":\"PropertyValueSpecification\",\"valueRequired\":true,\"valueName\":\"search_term_string\"}}],\"inLanguage\":\"de\"},{\"@type\":\"Organization\",\"@id\":\"https:\/\/gruppe.seeberger.de\/de\/#organization\",\"name\":\"Seeberger Gruppe\",\"url\":\"https:\/\/gruppe.seeberger.de\/de\/\",\"logo\":{\"@type\":\"ImageObject\",\"inLanguage\":\"de\",\"@id\":\"https:\/\/gruppe.seeberger.de\/de\/#\/schema\/logo\/image\/\",\"url\":\"https:\/\/gruppe.seeberger.de\/wp-content\/uploads\/2024\/03\/seeberger-gruppe-logo.svg\",\"contentUrl\":\"https:\/\/gruppe.seeberger.de\/wp-content\/uploads\/2024\/03\/seeberger-gruppe-logo.svg\",\"width\":224,\"height\":64,\"caption\":\"Seeberger Gruppe\"},\"image\":{\"@id\":\"https:\/\/gruppe.seeberger.de\/de\/#\/schema\/logo\/image\/\"},\"sameAs\":[\"https:\/\/www.facebook.com\/seeberger.de\",\"https:\/\/www.youtube.com\/channel\/UC1ZsMjWjwtYtlymi5VKdRqA\",\"https:\/\/www.instagram.com\/seeberger_1844\/\",\"https:\/\/www.xing.com\/pages\/seebergergmbh\",\"http:\/\/www.linkedin.com\/company\/seeberger\"]}]}<\/script>\n<!-- \/ Yoast SEO plugin. -->","yoast_head_json":{"title":"Stiftung - Seeberger Gruppe","robots":{"index":"index","follow":"follow","max-snippet":"max-snippet:-1","max-image-preview":"max-image-preview:large","max-video-preview":"max-video-preview:-1"},"canonical":"https:\/\/gruppe.seeberger.de\/de\/ueber-uns\/stiftung\/","og_locale":"de_DE","og_type":"article","og_title":"Stiftung - Seeberger Gruppe","og_description":"[vc_row ppi_row_padding=&#8220;ppi_remove_padding_top&#8220; full_width=&#8220;stretch_row_content_no_spaces&#8220;][vc_column][\/vc_column][\/vc_row][vc_row][vc_column][vc_column_text] Die Stiftung unserer Inhaberfamilie 2014 haben Clemens Keller, unser Gesch\u00e4ftsf\u00fchrer und Inhaber und seine Frau Alexandra die Stiftung \u201eSternschnuppen f\u00fcr Kinder\u201c ins Leben gerufen. Diese private Stiftung setzt sich daf\u00fcr ein, Kindern und Jugendlichen weltweit nachhaltige Unterst\u00fctzung anzubieten \u2013 und das unabh\u00e4ngig von wirtschaftlichen Interessen. Die Stiftung arbeitet Hand in Hand mit [&hellip;]","og_url":"https:\/\/gruppe.seeberger.de\/de\/ueber-uns\/stiftung\/","og_site_name":"Seeberger Gruppe","article_publisher":"https:\/\/www.facebook.com\/seeberger.de","article_modified_time":"2024-05-16T13:49:23+00:00","og_image":[{"width":1200,"height":832,"url":"https:\/\/gruppe.seeberger.de\/wp\/wp-content\/uploads\/2024\/05\/Seeberger_Genusswelt_Aussenansicht.jpg","type":"image\/jpeg"}],"twitter_card":"summary_large_image","twitter_misc":{"Gesch\u00e4tzte Lesezeit":"2\u00a0Minuten"},"schema":{"@context":"https:\/\/schema.org","@graph":[{"@type":"WebPage","@id":"https:\/\/gruppe.seeberger.de\/de\/ueber-uns\/stiftung\/","url":"https:\/\/gruppe.seeberger.de\/de\/ueber-uns\/stiftung\/","name":"Stiftung - Seeberger Gruppe","isPartOf":{"@id":"https:\/\/gruppe.seeberger.de\/de\/#website"},"datePublished":"2024-02-19T13:38:47+00:00","dateModified":"2024-05-16T13:49:23+00:00","breadcrumb":{"@id":"https:\/\/gruppe.seeberger.de\/de\/ueber-uns\/stiftung\/#breadcrumb"},"inLanguage":"de","potentialAction":[{"@type":"ReadAction","target":["https:\/\/gruppe.seeberger.de\/de\/ueber-uns\/stiftung\/"]}]},{"@type":"BreadcrumbList","@id":"https:\/\/gruppe.seeberger.de\/de\/ueber-uns\/stiftung\/#breadcrumb","itemListElement":[{"@type":"ListItem","position":1,"name":"Home","item":"https:\/\/gruppe.seeberger.de\/de\/"},{"@type":"ListItem","position":2,"name":"\u00dcber uns","item":"https:\/\/gruppe.seeberger.de\/de\/ueber-uns\/"},{"@type":"ListItem","position":3,"name":"Stiftung"}]},{"@type":"WebSite","@id":"https:\/\/gruppe.seeberger.de\/de\/#website","url":"https:\/\/gruppe.seeberger.de\/de\/","name":"Seeberger Gruppe Website","description":"Ein Familienunternehmen mit Tradition","publisher":{"@id":"https:\/\/gruppe.seeberger.de\/de\/#organization"},"alternateName":"Seeberger Gruppe","potentialAction":[{"@type":"SearchAction","target":{"@type":"EntryPoint","urlTemplate":"https:\/\/gruppe.seeberger.de\/de\/?s={search_term_string}"},"query-input":{"@type":"PropertyValueSpecification","valueRequired":true,"valueName":"search_term_string"}}],"inLanguage":"de"},{"@type":"Organization","@id":"https:\/\/gruppe.seeberger.de\/de\/#organization","name":"Seeberger Gruppe","url":"https:\/\/gruppe.seeberger.de\/de\/","logo":{"@type":"ImageObject","inLanguage":"de","@id":"https:\/\/gruppe.seeberger.de\/de\/#\/schema\/logo\/image\/","url":"https:\/\/gruppe.seeberger.de\/wp-content\/uploads\/2024\/03\/seeberger-gruppe-logo.svg","contentUrl":"https:\/\/gruppe.seeberger.de\/wp-content\/uploads\/2024\/03\/seeberger-gruppe-logo.svg","width":224,"height":64,"caption":"Seeberger Gruppe"},"image":{"@id":"https:\/\/gruppe.seeberger.de\/de\/#\/schema\/logo\/image\/"},"sameAs":["https:\/\/www.facebook.com\/seeberger.de","https:\/\/www.youtube.com\/channel\/UC1ZsMjWjwtYtlymi5VKdRqA","https:\/\/www.instagram.com\/seeberger_1844\/","https:\/\/www.xing.com\/pages\/seebergergmbh","http:\/\/www.linkedin.com\/company\/seeberger"]}]}},"_links":{"self":[{"href":"https:\/\/gruppe.seeberger.de\/de\/wp-json\/wp\/v2\/pages\/283","targetHints":{"allow":["GET"]}}],"collection":[{"href":"https:\/\/gruppe.seeberger.de\/de\/wp-json\/wp\/v2\/pages"}],"about":[{"href":"https:\/\/gruppe.seeberger.de\/de\/wp-json\/wp\/v2\/types\/page"}],"author":[{"embeddable":true,"href":"https:\/\/gruppe.seeberger.de\/de\/wp-json\/wp\/v2\/users\/6"}],"replies":[{"embeddable":true,"href":"https:\/\/gruppe.seeberger.de\/de\/wp-json\/wp\/v2\/comments?post=283"}],"version-history":[{"count":11,"href":"https:\/\/gruppe.seeberger.de\/de\/wp-json\/wp\/v2\/pages\/283\/revisions"}],"predecessor-version":[{"id":4460,"href":"https:\/\/gruppe.seeberger.de\/de\/wp-json\/wp\/v2\/pages\/283\/revisions\/4460"}],"up":[{"embeddable":true,"href":"https:\/\/gruppe.seeberger.de\/de\/wp-json\/wp\/v2\/pages\/205"}],"wp:attachment":[{"href":"https:\/\/gruppe.seeberger.de\/de\/wp-json\/wp\/v2\/media?parent=283"}],"curies":[{"name":"wp","href":"https:\/\/api.w.org\/{rel}","templated":true}]}}