{"id":4423,"date":"2025-05-20T11:49:06","date_gmt":"2025-05-20T09:49:06","guid":{"rendered":"https:\/\/gruppe.seeberger.de\/?page_id=4423"},"modified":"2025-07-23T11:57:30","modified_gmt":"2025-07-23T09:57:30","slug":"erklaerung-zur-barrierefreiheit","status":"publish","type":"page","link":"https:\/\/gruppe.seeberger.de\/de\/erklaerung-zur-barrierefreiheit\/","title":{"rendered":"Erkl\u00e4rung zur Barrierefreiheit"},"content":{"rendered":"<div class=\"wpb-content-wrapper\">[vc_row ppi_content_type=&#8220;ppi_content_width_small&#8220; ppi_decoration_top=&#8220;left&#8220; ppi_decoration_top_color=&#8220;#275D38&#8243;][vc_column]<div class=\"ppi_spacer\" style=\"height: 50px\"><\/div>[vc_column_text]\r\n<h1>Erkl\u00e4rung zur Barrierefreiheit<\/h1>\r\nDie Seeberger GmbH ist bem\u00fcht, ihre Website im Einklang mit den geltenden gesetzlichen Bestimmungen \u2013 insbesondere den Anforderungen aus der Richtlinie (EU) 2016\/2102 und dem Barrierefreiheitsst\u00e4rkungsgesetz (BFSG) \u2013 barrierefrei zug\u00e4nglich zu machen.\r\n\r\nDiese Erkl\u00e4rung zur Barrierefreiheit gilt f\u00fcr die aktuell im Internet erreichbare Version der Website gruppe.seeberger.de und bezieht sich auf den Stand vom 28.06.2025.\r\n\r\n<strong>\r\nStand der Vereinbarkeit mit den Anforderungen<\/strong>\r\n\r\nDie Barrierefreiheit der Website wurde umfassend gepr\u00fcft und schrittweise optimiert. Unser Anspruch ist es, die Anforderungen des WCAG-Standards (Version 2.1 AA) komplett zu erf\u00fcllen. Die meisten Ma\u00dfnahmen zur Verbesserung der Barrierefreiheit wurden in den letzten Monaten schon umgesetzt. Nach der Umsetzung der verbleibenden Ma\u00dfnahmen werden die Ergebnisse der \u00dcberpr\u00fcfung an dieser Stelle ver\u00f6ffentlicht.\r\n\r\n<strong>\r\nWelche Bereiche sind derzeit nicht barrierefrei?<\/strong>\r\n\r\nAktuell ist uns bewusst, dass noch folgender Aspekt optimiert werden muss:\r\n<ul>\r\n \t<li>Das Hintergrund-Video im Willkommensteaser l\u00e4uft in einer\r\nEndlos-Schleife durch und l\u00e4sst sich nicht pausieren<\/li>\r\n<\/ul>\r\n<strong>\r\nFeedback und Kontakt<\/strong>\r\n\r\nSollten Ihnen Barrieren auf gruppe.seeberger.de auffallen, oder haben Sie Fragen zum Thema Barrierefreiheit und unseren Ma\u00dfnahmen, so nehmen Sie bitte Kontakt mit uns auf.\r\n\r\nAnschrift:\r\nSeeberger GmbH\r\nHans-Lorenser-Stra\u00dfe 36\r\n89079 Ulm\r\nDeutschland\r\n\r\nTelefon: +49 (0)731 4093-0\r\nFax: +49 (0)731 4093-66 5000\r\nE-Mail: info@seeberger.de\r\n\r\n<strong>\r\nDurchsetzungs- und Schlichtungsverfahren<\/strong>\r\n\r\nSollte uns Ihr Feedback nicht zu einer zufriedenstellenden L\u00f6sung f\u00fchren, haben Sie die M\u00f6glichkeit, sich im Rahmen der geltenden Vorschriften an folgende Stelle zu wenden:\r\n<p style=\"padding-left: 40px\"><strong>Zust\u00e4ndige Markt\u00fcberwachung<\/strong>\r\nMit Inkrafttreten des Barrierefreiheitsst\u00e4rkungsgesetzes (BFSG) zum 28. Juni 2025 werden f\u00fcr Unternehmen im privaten Sektor (wie Seeberger) die jeweils zust\u00e4ndigen Landesbeh\u00f6rden (Markt\u00fcberwachungsbeh\u00f6rden) Ansprechpartner sein. F\u00fcr Baden-W\u00fcrttemberg wird dies voraussichtlich beim zust\u00e4ndigen Ministerium oder einem nachgeordneten Regierungspr\u00e4sidium angesiedelt sein. Sobald die konkrete Stelle final festgelegt ist, werden wir diese Informationen hier erg\u00e4nzen.<\/p>\r\n<p style=\"padding-left: 40px\"><strong>Schlichtungsstelle nach \u00a7 16 BGG<\/strong>\r\nUnabh\u00e4ngig davon k\u00f6nnen Sie sich bei Konflikten, die Barrierefreiheit betreffen, an die Schlichtungsstelle BGG beim\/bei der Beauftragten der Bundesregierung f\u00fcr die Belange von Menschen mit Behinderungen wenden:<\/p>\r\n<p style=\"padding-left: 40px\">Adresse: Mauerstra\u00dfe 53, 10117 Berlin\r\nTelefon: +49 (0)30 18 527-2805\r\nE-Mail: <a href=\"mailto:schlichtungsstelle@behindertenbeauftragter.de\">schlichtungsstelle@behindertenbeauftragter.de<\/a>\r\nWebsite: www.behindertenbeauftragter.de\/DE\/SchlichtungsstelleBGG\/1_Schlichtungsstelle.html<\/p>\r\nDie Schlichtungsstelle BGG unterst\u00fctzt bei der au\u00dfergerichtlichen Beilegung von Streitigkeiten. Das Verfahren ist f\u00fcr Sie kostenfrei, und Sie ben\u00f6tigen keinen Rechtsbeistand.[\/vc_column_text]<div class=\"ppi_spacer\" style=\"height: 50px\"><\/div>[\/vc_column][\/vc_row]<\/div>","protected":false},"excerpt":{"rendered":"[vc_row ppi_content_type=&#8220;ppi_content_width_small&#8220; ppi_decoration_top=&#8220;left&#8220; ppi_decoration_top_color=&#8220;#275D38&#8243;][vc_column][vc_column_text] Erkl\u00e4rung zur Barrierefreiheit Die Seeberger GmbH ist bem\u00fcht, ihre Website im Einklang mit den geltenden gesetzlichen Bestimmungen \u2013 insbesondere den Anforderungen aus der Richtlinie (EU) 2016\/2102 und dem Barrierefreiheitsst\u00e4rkungsgesetz (BFSG) \u2013 barrierefrei zug\u00e4nglich zu machen. Diese Erkl\u00e4rung zur Barrierefreiheit gilt f\u00fcr die aktuell im Internet erreichbare Version der Website gruppe.seeberger.de und [&hellip;]","protected":false},"author":18,"featured_media":0,"parent":0,"menu_order":0,"comment_status":"closed","ping_status":"closed","template":"","meta":{"_acf_changed":false,"inline_featured_image":false,"footnotes":""},"class_list":["post-4423","page","type-page","status-publish","hentry"],"acf":[],"yoast_head":"<!-- This site is optimized with the Yoast SEO plugin v27.2 - https:\/\/yoast.com\/product\/yoast-seo-wordpress\/ -->\n<title>Erkl\u00e4rung zur Barrierefreiheit - Seeberger Gruppe<\/title>\n<meta name=\"robots\" content=\"index, follow, max-snippet:-1, max-image-preview:large, max-video-preview:-1\" \/>\n<link rel=\"canonical\" href=\"https:\/\/gruppe.seeberger.de\/de\/erklaerung-zur-barrierefreiheit\/\" \/>\n<meta property=\"og:locale\" content=\"de_DE\" \/>\n<meta property=\"og:type\" content=\"article\" \/>\n<meta property=\"og:title\" content=\"Erkl\u00e4rung zur Barrierefreiheit - Seeberger Gruppe\" \/>\n<meta property=\"og:description\" content=\"[vc_row ppi_content_type=&#8220;ppi_content_width_small&#8220; ppi_decoration_top=&#8220;left&#8220; ppi_decoration_top_color=&#8220;#275D38&#8243;][vc_column][vc_column_text] Erkl\u00e4rung zur Barrierefreiheit Die Seeberger GmbH ist bem\u00fcht, ihre Website im Einklang mit den geltenden gesetzlichen Bestimmungen \u2013 insbesondere den Anforderungen aus der Richtlinie (EU) 2016\/2102 und dem Barrierefreiheitsst\u00e4rkungsgesetz (BFSG) \u2013 barrierefrei zug\u00e4nglich zu machen. Diese Erkl\u00e4rung zur Barrierefreiheit gilt f\u00fcr die aktuell im Internet erreichbare Version der Website gruppe.seeberger.de und [&hellip;]\" \/>\n<meta property=\"og:url\" content=\"https:\/\/gruppe.seeberger.de\/de\/erklaerung-zur-barrierefreiheit\/\" \/>\n<meta property=\"og:site_name\" content=\"Seeberger Gruppe\" \/>\n<meta property=\"article:publisher\" content=\"https:\/\/www.facebook.com\/seeberger.de\" \/>\n<meta property=\"article:modified_time\" content=\"2025-07-23T09:57:30+00:00\" \/>\n<meta property=\"og:image\" content=\"https:\/\/gruppe.seeberger.de\/wp\/wp-content\/uploads\/2024\/05\/Seeberger_Genusswelt_Aussenansicht.jpg\" \/>\n\t<meta property=\"og:image:width\" content=\"1200\" \/>\n\t<meta property=\"og:image:height\" content=\"832\" \/>\n\t<meta property=\"og:image:type\" content=\"image\/jpeg\" \/>\n<meta name=\"twitter:card\" content=\"summary_large_image\" \/>\n<meta name=\"twitter:label1\" content=\"Gesch\u00e4tzte Lesezeit\" \/>\n\t<meta name=\"twitter:data1\" content=\"2\u00a0Minuten\" \/>\n<script type=\"application\/ld+json\" class=\"yoast-schema-graph\">{\"@context\":\"https:\/\/schema.org\",\"@graph\":[{\"@type\":\"WebPage\",\"@id\":\"https:\/\/gruppe.seeberger.de\/de\/erklaerung-zur-barrierefreiheit\/\",\"url\":\"https:\/\/gruppe.seeberger.de\/de\/erklaerung-zur-barrierefreiheit\/\",\"name\":\"Erkl\u00e4rung zur Barrierefreiheit - Seeberger Gruppe\",\"isPartOf\":{\"@id\":\"https:\/\/gruppe.seeberger.de\/de\/#website\"},\"datePublished\":\"2025-05-20T09:49:06+00:00\",\"dateModified\":\"2025-07-23T09:57:30+00:00\",\"breadcrumb\":{\"@id\":\"https:\/\/gruppe.seeberger.de\/de\/erklaerung-zur-barrierefreiheit\/#breadcrumb\"},\"inLanguage\":\"de\",\"potentialAction\":[{\"@type\":\"ReadAction\",\"target\":[\"https:\/\/gruppe.seeberger.de\/de\/erklaerung-zur-barrierefreiheit\/\"]}]},{\"@type\":\"BreadcrumbList\",\"@id\":\"https:\/\/gruppe.seeberger.de\/de\/erklaerung-zur-barrierefreiheit\/#breadcrumb\",\"itemListElement\":[{\"@type\":\"ListItem\",\"position\":1,\"name\":\"Home\",\"item\":\"https:\/\/gruppe.seeberger.de\/de\/\"},{\"@type\":\"ListItem\",\"position\":2,\"name\":\"Erkl\u00e4rung zur Barrierefreiheit\"}]},{\"@type\":\"WebSite\",\"@id\":\"https:\/\/gruppe.seeberger.de\/de\/#website\",\"url\":\"https:\/\/gruppe.seeberger.de\/de\/\",\"name\":\"Seeberger Gruppe Website\",\"description\":\"Ein Familienunternehmen mit Tradition\",\"publisher\":{\"@id\":\"https:\/\/gruppe.seeberger.de\/de\/#organization\"},\"alternateName\":\"Seeberger Gruppe\",\"potentialAction\":[{\"@type\":\"SearchAction\",\"target\":{\"@type\":\"EntryPoint\",\"urlTemplate\":\"https:\/\/gruppe.seeberger.de\/de\/?s={search_term_string}\"},\"query-input\":{\"@type\":\"PropertyValueSpecification\",\"valueRequired\":true,\"valueName\":\"search_term_string\"}}],\"inLanguage\":\"de\"},{\"@type\":\"Organization\",\"@id\":\"https:\/\/gruppe.seeberger.de\/de\/#organization\",\"name\":\"Seeberger Gruppe\",\"url\":\"https:\/\/gruppe.seeberger.de\/de\/\",\"logo\":{\"@type\":\"ImageObject\",\"inLanguage\":\"de\",\"@id\":\"https:\/\/gruppe.seeberger.de\/de\/#\/schema\/logo\/image\/\",\"url\":\"https:\/\/gruppe.seeberger.de\/wp-content\/uploads\/2024\/03\/seeberger-gruppe-logo.svg\",\"contentUrl\":\"https:\/\/gruppe.seeberger.de\/wp-content\/uploads\/2024\/03\/seeberger-gruppe-logo.svg\",\"width\":224,\"height\":64,\"caption\":\"Seeberger Gruppe\"},\"image\":{\"@id\":\"https:\/\/gruppe.seeberger.de\/de\/#\/schema\/logo\/image\/\"},\"sameAs\":[\"https:\/\/www.facebook.com\/seeberger.de\",\"https:\/\/www.youtube.com\/channel\/UC1ZsMjWjwtYtlymi5VKdRqA\",\"https:\/\/www.instagram.com\/seeberger_1844\/\",\"https:\/\/www.xing.com\/pages\/seebergergmbh\",\"http:\/\/www.linkedin.com\/company\/seeberger\"]}]}<\/script>\n<!-- \/ Yoast SEO plugin. -->","yoast_head_json":{"title":"Erkl\u00e4rung zur Barrierefreiheit - Seeberger Gruppe","robots":{"index":"index","follow":"follow","max-snippet":"max-snippet:-1","max-image-preview":"max-image-preview:large","max-video-preview":"max-video-preview:-1"},"canonical":"https:\/\/gruppe.seeberger.de\/de\/erklaerung-zur-barrierefreiheit\/","og_locale":"de_DE","og_type":"article","og_title":"Erkl\u00e4rung zur Barrierefreiheit - Seeberger Gruppe","og_description":"[vc_row ppi_content_type=&#8220;ppi_content_width_small&#8220; ppi_decoration_top=&#8220;left&#8220; ppi_decoration_top_color=&#8220;#275D38&#8243;][vc_column][vc_column_text] Erkl\u00e4rung zur Barrierefreiheit Die Seeberger GmbH ist bem\u00fcht, ihre Website im Einklang mit den geltenden gesetzlichen Bestimmungen \u2013 insbesondere den Anforderungen aus der Richtlinie (EU) 2016\/2102 und dem Barrierefreiheitsst\u00e4rkungsgesetz (BFSG) \u2013 barrierefrei zug\u00e4nglich zu machen. Diese Erkl\u00e4rung zur Barrierefreiheit gilt f\u00fcr die aktuell im Internet erreichbare Version der Website gruppe.seeberger.de und [&hellip;]","og_url":"https:\/\/gruppe.seeberger.de\/de\/erklaerung-zur-barrierefreiheit\/","og_site_name":"Seeberger Gruppe","article_publisher":"https:\/\/www.facebook.com\/seeberger.de","article_modified_time":"2025-07-23T09:57:30+00:00","og_image":[{"width":1200,"height":832,"url":"https:\/\/gruppe.seeberger.de\/wp\/wp-content\/uploads\/2024\/05\/Seeberger_Genusswelt_Aussenansicht.jpg","type":"image\/jpeg"}],"twitter_card":"summary_large_image","twitter_misc":{"Gesch\u00e4tzte Lesezeit":"2\u00a0Minuten"},"schema":{"@context":"https:\/\/schema.org","@graph":[{"@type":"WebPage","@id":"https:\/\/gruppe.seeberger.de\/de\/erklaerung-zur-barrierefreiheit\/","url":"https:\/\/gruppe.seeberger.de\/de\/erklaerung-zur-barrierefreiheit\/","name":"Erkl\u00e4rung zur Barrierefreiheit - Seeberger Gruppe","isPartOf":{"@id":"https:\/\/gruppe.seeberger.de\/de\/#website"},"datePublished":"2025-05-20T09:49:06+00:00","dateModified":"2025-07-23T09:57:30+00:00","breadcrumb":{"@id":"https:\/\/gruppe.seeberger.de\/de\/erklaerung-zur-barrierefreiheit\/#breadcrumb"},"inLanguage":"de","potentialAction":[{"@type":"ReadAction","target":["https:\/\/gruppe.seeberger.de\/de\/erklaerung-zur-barrierefreiheit\/"]}]},{"@type":"BreadcrumbList","@id":"https:\/\/gruppe.seeberger.de\/de\/erklaerung-zur-barrierefreiheit\/#breadcrumb","itemListElement":[{"@type":"ListItem","position":1,"name":"Home","item":"https:\/\/gruppe.seeberger.de\/de\/"},{"@type":"ListItem","position":2,"name":"Erkl\u00e4rung zur Barrierefreiheit"}]},{"@type":"WebSite","@id":"https:\/\/gruppe.seeberger.de\/de\/#website","url":"https:\/\/gruppe.seeberger.de\/de\/","name":"Seeberger Gruppe Website","description":"Ein Familienunternehmen mit Tradition","publisher":{"@id":"https:\/\/gruppe.seeberger.de\/de\/#organization"},"alternateName":"Seeberger Gruppe","potentialAction":[{"@type":"SearchAction","target":{"@type":"EntryPoint","urlTemplate":"https:\/\/gruppe.seeberger.de\/de\/?s={search_term_string}"},"query-input":{"@type":"PropertyValueSpecification","valueRequired":true,"valueName":"search_term_string"}}],"inLanguage":"de"},{"@type":"Organization","@id":"https:\/\/gruppe.seeberger.de\/de\/#organization","name":"Seeberger Gruppe","url":"https:\/\/gruppe.seeberger.de\/de\/","logo":{"@type":"ImageObject","inLanguage":"de","@id":"https:\/\/gruppe.seeberger.de\/de\/#\/schema\/logo\/image\/","url":"https:\/\/gruppe.seeberger.de\/wp-content\/uploads\/2024\/03\/seeberger-gruppe-logo.svg","contentUrl":"https:\/\/gruppe.seeberger.de\/wp-content\/uploads\/2024\/03\/seeberger-gruppe-logo.svg","width":224,"height":64,"caption":"Seeberger Gruppe"},"image":{"@id":"https:\/\/gruppe.seeberger.de\/de\/#\/schema\/logo\/image\/"},"sameAs":["https:\/\/www.facebook.com\/seeberger.de","https:\/\/www.youtube.com\/channel\/UC1ZsMjWjwtYtlymi5VKdRqA","https:\/\/www.instagram.com\/seeberger_1844\/","https:\/\/www.xing.com\/pages\/seebergergmbh","http:\/\/www.linkedin.com\/company\/seeberger"]}]}},"_links":{"self":[{"href":"https:\/\/gruppe.seeberger.de\/de\/wp-json\/wp\/v2\/pages\/4423","targetHints":{"allow":["GET"]}}],"collection":[{"href":"https:\/\/gruppe.seeberger.de\/de\/wp-json\/wp\/v2\/pages"}],"about":[{"href":"https:\/\/gruppe.seeberger.de\/de\/wp-json\/wp\/v2\/types\/page"}],"author":[{"embeddable":true,"href":"https:\/\/gruppe.seeberger.de\/de\/wp-json\/wp\/v2\/users\/18"}],"replies":[{"embeddable":true,"href":"https:\/\/gruppe.seeberger.de\/de\/wp-json\/wp\/v2\/comments?post=4423"}],"version-history":[{"count":11,"href":"https:\/\/gruppe.seeberger.de\/de\/wp-json\/wp\/v2\/pages\/4423\/revisions"}],"predecessor-version":[{"id":4595,"href":"https:\/\/gruppe.seeberger.de\/de\/wp-json\/wp\/v2\/pages\/4423\/revisions\/4595"}],"wp:attachment":[{"href":"https:\/\/gruppe.seeberger.de\/de\/wp-json\/wp\/v2\/media?parent=4423"}],"curies":[{"name":"wp","href":"https:\/\/api.w.org\/{rel}","templated":true}]}}