{"id":1444,"date":"2024-02-19T14:38:20","date_gmt":"2024-02-19T13:38:20","guid":{"rendered":"https:\/\/gruppe.seeberger.de\/seeberger-whistle-blower-system\/"},"modified":"2025-07-23T08:44:37","modified_gmt":"2025-07-23T06:44:37","slug":"seeberger-whistle-blower-system","status":"publish","type":"page","link":"https:\/\/gruppe.seeberger.de\/en\/about-us\/seeberger-whistle-blower-system\/","title":{"rendered":"Compliance"},"content":{"rendered":"<div class=\"wpb-content-wrapper\">[vc_row ppi_content_type=&#8221;ppi_content_width_medium&#8221; full_width=&#8221;stretch_row_content_no_spaces&#8221; ppi_decoration_top=&#8221;right&#8221; ppi_decoration_top_color=&#8221;#275D38&#8243; ppi_decoration_bottom=&#8221;left&#8221; ppi_decoration_bottom_color=&#8221;#B3D57C&#8221; ppi_decoration_bottom_angle=&#8221;descending&#8221;][vc_column][vc_column_text]\r\n<h1 style=\"text-align: center\">Compliance at Seeberger<\/h1>\r\n[\/vc_column_text][\/vc_column][\/vc_row][vc_row ppi_content_type=&#8221;ppi_content_width_medium&#8221;][vc_column][vc_column_text]\r\n<h2 style=\"text-align: center\">A guide for responsible conduct<\/h2>\r\n<p style=\"text-align: center\">At Seeberger, we are not only deeply committed to complying with laws and guidelines, but also to creating an atmosphere of closeness and trust in which everyone feels welcome and safe. Accordingly, compliance is more than just an obligation for us \u2013 it is an expression of our commitment to integrity and fairness.<\/p>\r\n[\/vc_column_text][\/vc_column][\/vc_row][vc_row ppi_row_type=&#8221;ppi_light_bg&#8221; full_width=&#8221;stretch_row&#8221;][vc_column][vc_column_text]\r\n<h2 style=\"text-align: center\">Our compliance principles<\/h2>\r\n[\/vc_column_text]<div class=\"see_icon_module\"><div class=\"see_icon_module-slider swiper swiper-icon-module-slider swiper-69f0cfd63af2c\" data-swiperID=\"69f0cfd63af2c\"><div class=\"swiper-wrapper\"><div class=\"see_icon_module__item swiper-slide\">\n            <div class=\"see_icon_module__item__image\">\n            <img loading=\"lazy\" decoding=\"async\" width=\"295\" height=\"295\" src=\"https:\/\/gruppe.seeberger.de\/wp\/wp-content\/uploads\/2024\/05\/Icon_GesetzlicheVorgaben-1.svg\" class=\"attachment-see-md size-see-md\" alt=\"Icon, das ein Gesetzbuch vor einem gr\u00fcnen Globus darstellt.\" \/>        <\/div>\n        <div class=\"see_icon_module__item__description\">\n        <span class=\"h3\">Compliance with legal requirements<\/span>        <p>We take our responsibility to society seriously and strictly comply with all national and international laws and regulations that affect our work.<\/p>            <\/div>\n<\/div>\n<div class=\"see_icon_module__item swiper-slide\">\n            <div class=\"see_icon_module__item__image\">\n            <img loading=\"lazy\" decoding=\"async\" width=\"295\" height=\"295\" src=\"https:\/\/gruppe.seeberger.de\/wp\/wp-content\/uploads\/2024\/05\/Icon_FaiesWettbewerbgsverhalten.svg\" class=\"attachment-see-md size-see-md\" alt=\"Icon zu Wettbewerbsverhalten: H\u00e4ndesch\u00fctteln und dar\u00fcberstehende Waage\" \/>        <\/div>\n        <div class=\"see_icon_module__item__description\">\n        <span class=\"h3\">Fair competitive conduct<\/span>        <p>At Seeberger, we believe in fair competition and work to combat corruption, bribery and unfair agreements.<\/p>            <\/div>\n<\/div>\n<div class=\"see_icon_module__item swiper-slide\">\n            <div class=\"see_icon_module__item__image\">\n            <img loading=\"lazy\" decoding=\"async\" width=\"295\" height=\"295\" src=\"https:\/\/gruppe.seeberger.de\/wp\/wp-content\/uploads\/2024\/05\/Icon_Integritaet-Transparenz.svg\" class=\"attachment-see-md size-see-md\" alt=\"Icon, das ein aufgeschlagenes Buch neben einer gr\u00fcnen Lupe darstellt.\" \/>        <\/div>\n        <div class=\"see_icon_module__item__description\">\n        <span class=\"h3\">Integrity and transparency<\/span>        <p>Our corporate culture is characterised by openness and honesty. Our actions are transparent and comprehensible because we know that trust is the foundation of any good relationship.<\/p>            <\/div>\n<\/div>\n<div class=\"see_icon_module__item swiper-slide\">\n            <div class=\"see_icon_module__item__image\">\n            <img loading=\"lazy\" decoding=\"async\" width=\"295\" height=\"295\" src=\"https:\/\/gruppe.seeberger.de\/wp\/wp-content\/uploads\/2024\/05\/Icon_Repekt_Menschenrechte.svg\" class=\"attachment-see-md size-see-md\" alt=\"Icon, das drei illustrierte Personen unter einer Balkenwaage darstellt.\" \/>        <\/div>\n        <div class=\"see_icon_module__item__description\">\n        <span class=\"h3\">Respect for human rights<\/span>        <p>We respect human rights along our entire supply chain and foster a working environment characterised by diversity and respect.<\/p>            <\/div>\n<\/div>\n<\/div><\/div><div class=\"swiper-pagination\"><\/div><\/div>[vc_column_text]\r\n<p style=\"text-align: center\">You can find out more about our compliance principles and corporate values and how we put them into practice in our <a href=\"https:\/\/gruppe.seeberger.de\/wp\/wp-content\/uploads\/2024\/11\/241108_Code_of_Conduct_E_A4_Web.pdf\" target=\"_blank\" rel=\"noopener\"><strong>Code of Conduct<\/strong><\/a>.<\/p>\r\n<p style=\"text-align: center\">Our <a href=\"https:\/\/gruppe.seeberger.de\/wp\/wp-content\/uploads\/2025\/07\/Seeberger-Supplier-and-Business-Partner-Code-of-Conduct_Englisch.pdf\" target=\"_blank\" rel=\"noopener\"><strong><u>Supplier and Business Partner Code of Conduct<\/u><\/strong><\/a>\u00a0establishes these principles as the basis for our cooperation with suppliers and business partners. In this way, we support responsibility, sustainability, and integrity across our entire supply chain.<\/p>\r\n[\/vc_column_text][\/vc_column][\/vc_row][vc_row ppi_content_type=&#8221;ppi_content_width_medium&#8221;][vc_column][vc_column_text]\r\n<h2 style=\"text-align: center\">Our Compliance Management System (CMS)<\/h2>\r\n<p style=\"text-align: center\">Our Compliance Management System is the backbone of our commitment to compliance. It ensures that our principles are applied in all areas of the company. Our compliance organisation ensures our business practices always meet the highest standards, offers training and support for employees and monitors compliance with legal provisions.<\/p>\r\n[\/vc_column_text][\/vc_column][\/vc_row][vc_row ppi_row_type=&#8221;ppi_light_bg&#8221; ppi_content_type=&#8221;ppi_content_width_medium&#8221; full_width=&#8221;stretch_row&#8221;][vc_column][vc_column_text]\r\n<h2 style=\"text-align: center\">Our whistle-blower system<\/h2>\r\n<p style=\"text-align: center\">At Seeberger, it is important to us to identify and resolve potential compliance violations promptly. That\u2019s why we set up a whistle-blower system, which you can use to report all issues and information \u2013 openly, anonymously and directly. Your concerns are important to us, and we ensure your dialogue with us is confidential and safe.<\/p>\r\n<p style=\"text-align: center\">It\u2019s easy to report something: just click on the \u201cReport incident\u201d button. Once your message has been sent, an anonymous postbox is automatically created on the portal. You can access this using the \u201cCase postbox\u201d button. This makes it easier for us to communicate with you, especially if there are any follow-up questions \u2013 and without endangering your anonymity.<\/p>\r\n[\/vc_column_text][\/vc_column][\/vc_row][vc_row ppi_row_type=&#8221;ppi_light_bg&#8221; ppi_row_padding=&#8221;ppi_remove_padding_top&#8221; full_width=&#8221;stretch_row&#8221;][vc_column][vc_column_text]\r\n<p style=\"text-align: center\"><a class=\"button button--outline--primary button--big\" href=\"https:\/\/app.meldesystem.eu\/ords\/f?p=702:999:0::::X:1A8NVBHL5JYMJsobDC0iIYNfKU5JP5KQM_AMMRsatvOZ3KrLqtqhylQrmx3g22iRvsN5CaBV6B4FmRaBd01Qfg8SymYhuCeQ\" target=\"_blank\" rel=\"noopener\">Report incident<\/a><\/p>\r\n[\/vc_column_text][\/vc_column][\/vc_row][vc_row ppi_row_type=&#8221;ppi_light_bg&#8221; ppi_row_padding=&#8221;ppi_remove_padding_top&#8221; full_width=&#8221;stretch_row&#8221;][vc_column][vc_column_text]\r\n<p style=\"text-align: center\"><strong>Our Rules of Procedure explain how we deal with information and complaints in more detail.<\/strong><\/p>\r\n[\/vc_column_text]<div class=\"see_image see_image__full \"><figure><img loading=\"lazy\" decoding=\"async\" width=\"1200\" height=\"925\" src=\"https:\/\/gruppe.seeberger.de\/wp\/wp-content\/uploads\/2024\/05\/Schaubild_Hinweisgebersystem_ENG-1.svg\" class=\"attachment-see-lg size-see-lg\" alt=\"Illustrated diagram of the whistleblower system.\" \/><\/figure><\/div>[\/vc_column][\/vc_row][vc_row ppi_content_type=&#8221;ppi_content_width_medium&#8221;][vc_column][vc_column_text]\r\n<h2 style=\"text-align: center\">You can also contact us by other means:<\/h2>\r\n<p style=\"text-align: center\">By email: <a href=\"mailto:compliance@seeberger.de\">compliance@seeberger.de<\/a><\/p>\r\n<p style=\"text-align: center\">By phone: +49(0) 731 40 93 20 10<\/p>\r\n<p style=\"text-align: center\">Or by post:\r\nSeeberger GmbH\r\nFAO: Compliance Office\r\nHans-Lorenser-Str. 36\r\n89079 Ulm\r\nGermany<\/p>\r\n<p style=\"text-align: center\">We are here to listen to you and to review any information carefully. Help us to identify wrongdoing early on. With your help we can ensure our integrity and reliability and thereby our success.<\/p>\r\n[\/vc_column_text]<div class=\"ppi_spacer\" style=\"height: 50px\"><\/div>[\/vc_column][\/vc_row]<\/div>","protected":false},"excerpt":{"rendered":"[vc_row ppi_content_type=&#8221;ppi_content_width_medium&#8221; full_width=&#8221;stretch_row_content_no_spaces&#8221; ppi_decoration_top=&#8221;right&#8221; ppi_decoration_top_color=&#8221;#275D38&#8243; ppi_decoration_bottom=&#8221;left&#8221; ppi_decoration_bottom_color=&#8221;#B3D57C&#8221; ppi_decoration_bottom_angle=&#8221;descending&#8221;][vc_column][vc_column_text] Compliance at Seeberger [\/vc_column_text][\/vc_column][\/vc_row][vc_row ppi_content_type=&#8221;ppi_content_width_medium&#8221;][vc_column][vc_column_text] A guide for responsible conduct At Seeberger, we are not only deeply committed to complying with laws and guidelines, but also to creating an atmosphere of closeness and trust in which everyone feels welcome and safe. Accordingly, compliance is more than just [&hellip;]","protected":false},"author":6,"featured_media":0,"parent":1419,"menu_order":0,"comment_status":"closed","ping_status":"closed","template":"","meta":{"_acf_changed":false,"inline_featured_image":false,"footnotes":""},"class_list":["post-1444","page","type-page","status-publish","hentry"],"acf":[],"yoast_head":"<!-- This site is optimized with the Yoast SEO plugin v27.2 - https:\/\/yoast.com\/product\/yoast-seo-wordpress\/ -->\n<title>Compliance - Seeberger Group<\/title>\n<meta name=\"robots\" content=\"index, follow, max-snippet:-1, max-image-preview:large, max-video-preview:-1\" \/>\n<link rel=\"canonical\" href=\"https:\/\/gruppe.seeberger.de\/en\/about-us\/seeberger-whistle-blower-system\/\" \/>\n<meta property=\"og:locale\" content=\"en_US\" \/>\n<meta property=\"og:type\" content=\"article\" \/>\n<meta property=\"og:title\" content=\"Compliance - Seeberger Group\" \/>\n<meta property=\"og:description\" content=\"[vc_row ppi_content_type=&#8221;ppi_content_width_medium&#8221; full_width=&#8221;stretch_row_content_no_spaces&#8221; ppi_decoration_top=&#8221;right&#8221; ppi_decoration_top_color=&#8221;#275D38&#8243; ppi_decoration_bottom=&#8221;left&#8221; ppi_decoration_bottom_color=&#8221;#B3D57C&#8221; ppi_decoration_bottom_angle=&#8221;descending&#8221;][vc_column][vc_column_text] Compliance at Seeberger [\/vc_column_text][\/vc_column][\/vc_row][vc_row ppi_content_type=&#8221;ppi_content_width_medium&#8221;][vc_column][vc_column_text] A guide for responsible conduct At Seeberger, we are not only deeply committed to complying with laws and guidelines, but also to creating an atmosphere of closeness and trust in which everyone feels welcome and safe. Accordingly, compliance is more than just [&hellip;]\" \/>\n<meta property=\"og:url\" content=\"https:\/\/gruppe.seeberger.de\/en\/about-us\/seeberger-whistle-blower-system\/\" \/>\n<meta property=\"og:site_name\" content=\"Seeberger Group\" \/>\n<meta property=\"article:publisher\" content=\"https:\/\/www.facebook.com\/seeberger.de\" \/>\n<meta property=\"article:modified_time\" content=\"2025-07-23T06:44:37+00:00\" \/>\n<meta property=\"og:image\" content=\"https:\/\/gruppe.seeberger.de\/wp\/wp-content\/uploads\/2024\/05\/Seeberger_Genusswelt_Aussenansicht.jpg\" \/>\n\t<meta property=\"og:image:width\" content=\"1200\" \/>\n\t<meta property=\"og:image:height\" content=\"832\" \/>\n\t<meta property=\"og:image:type\" content=\"image\/jpeg\" \/>\n<meta name=\"twitter:card\" content=\"summary_large_image\" \/>\n<meta name=\"twitter:label1\" content=\"Est. reading time\" \/>\n\t<meta name=\"twitter:data1\" content=\"3 minutes\" \/>\n<script type=\"application\/ld+json\" class=\"yoast-schema-graph\">{\"@context\":\"https:\/\/schema.org\",\"@graph\":[{\"@type\":\"WebPage\",\"@id\":\"https:\/\/gruppe.seeberger.de\/en\/about-us\/seeberger-whistle-blower-system\/\",\"url\":\"https:\/\/gruppe.seeberger.de\/en\/about-us\/seeberger-whistle-blower-system\/\",\"name\":\"Compliance - Seeberger Group\",\"isPartOf\":{\"@id\":\"https:\/\/gruppe.seeberger.de\/en\/#website\"},\"datePublished\":\"2024-02-19T13:38:20+00:00\",\"dateModified\":\"2025-07-23T06:44:37+00:00\",\"breadcrumb\":{\"@id\":\"https:\/\/gruppe.seeberger.de\/en\/about-us\/seeberger-whistle-blower-system\/#breadcrumb\"},\"inLanguage\":\"en-US\",\"potentialAction\":[{\"@type\":\"ReadAction\",\"target\":[\"https:\/\/gruppe.seeberger.de\/en\/about-us\/seeberger-whistle-blower-system\/\"]}]},{\"@type\":\"BreadcrumbList\",\"@id\":\"https:\/\/gruppe.seeberger.de\/en\/about-us\/seeberger-whistle-blower-system\/#breadcrumb\",\"itemListElement\":[{\"@type\":\"ListItem\",\"position\":1,\"name\":\"Home\",\"item\":\"https:\/\/gruppe.seeberger.de\/en\/\"},{\"@type\":\"ListItem\",\"position\":2,\"name\":\"About Us\",\"item\":\"https:\/\/gruppe.seeberger.de\/en\/about-us\/\"},{\"@type\":\"ListItem\",\"position\":3,\"name\":\"Compliance\"}]},{\"@type\":\"WebSite\",\"@id\":\"https:\/\/gruppe.seeberger.de\/en\/#website\",\"url\":\"https:\/\/gruppe.seeberger.de\/en\/\",\"name\":\"Seeberger Gruppe Website\",\"description\":\"Ein Familienunternehmen mit Tradition\",\"publisher\":{\"@id\":\"https:\/\/gruppe.seeberger.de\/en\/#organization\"},\"alternateName\":\"Seeberger Gruppe\",\"potentialAction\":[{\"@type\":\"SearchAction\",\"target\":{\"@type\":\"EntryPoint\",\"urlTemplate\":\"https:\/\/gruppe.seeberger.de\/en\/?s={search_term_string}\"},\"query-input\":{\"@type\":\"PropertyValueSpecification\",\"valueRequired\":true,\"valueName\":\"search_term_string\"}}],\"inLanguage\":\"en-US\"},{\"@type\":\"Organization\",\"@id\":\"https:\/\/gruppe.seeberger.de\/en\/#organization\",\"name\":\"Seeberger Group\",\"url\":\"https:\/\/gruppe.seeberger.de\/en\/\",\"logo\":{\"@type\":\"ImageObject\",\"inLanguage\":\"en-US\",\"@id\":\"https:\/\/gruppe.seeberger.de\/en\/#\/schema\/logo\/image\/\",\"url\":\"https:\/\/gruppe.seeberger.de\/wp-content\/uploads\/2024\/03\/seeberger-gruppe-logo.svg\",\"contentUrl\":\"https:\/\/gruppe.seeberger.de\/wp-content\/uploads\/2024\/03\/seeberger-gruppe-logo.svg\",\"width\":224,\"height\":64,\"caption\":\"Seeberger Group\"},\"image\":{\"@id\":\"https:\/\/gruppe.seeberger.de\/en\/#\/schema\/logo\/image\/\"},\"sameAs\":[\"https:\/\/www.facebook.com\/seeberger.de\",\"https:\/\/www.youtube.com\/channel\/UC1ZsMjWjwtYtlymi5VKdRqA\",\"https:\/\/www.instagram.com\/seeberger_1844\/\",\"https:\/\/www.xing.com\/pages\/seebergergmbh\",\"http:\/\/www.linkedin.com\/company\/seeberger\"]}]}<\/script>\n<!-- \/ Yoast SEO plugin. -->","yoast_head_json":{"title":"Compliance - Seeberger Group","robots":{"index":"index","follow":"follow","max-snippet":"max-snippet:-1","max-image-preview":"max-image-preview:large","max-video-preview":"max-video-preview:-1"},"canonical":"https:\/\/gruppe.seeberger.de\/en\/about-us\/seeberger-whistle-blower-system\/","og_locale":"en_US","og_type":"article","og_title":"Compliance - Seeberger Group","og_description":"[vc_row ppi_content_type=&#8221;ppi_content_width_medium&#8221; full_width=&#8221;stretch_row_content_no_spaces&#8221; ppi_decoration_top=&#8221;right&#8221; ppi_decoration_top_color=&#8221;#275D38&#8243; ppi_decoration_bottom=&#8221;left&#8221; ppi_decoration_bottom_color=&#8221;#B3D57C&#8221; ppi_decoration_bottom_angle=&#8221;descending&#8221;][vc_column][vc_column_text] Compliance at Seeberger [\/vc_column_text][\/vc_column][\/vc_row][vc_row ppi_content_type=&#8221;ppi_content_width_medium&#8221;][vc_column][vc_column_text] A guide for responsible conduct At Seeberger, we are not only deeply committed to complying with laws and guidelines, but also to creating an atmosphere of closeness and trust in which everyone feels welcome and safe. Accordingly, compliance is more than just [&hellip;]","og_url":"https:\/\/gruppe.seeberger.de\/en\/about-us\/seeberger-whistle-blower-system\/","og_site_name":"Seeberger Group","article_publisher":"https:\/\/www.facebook.com\/seeberger.de","article_modified_time":"2025-07-23T06:44:37+00:00","og_image":[{"width":1200,"height":832,"url":"https:\/\/gruppe.seeberger.de\/wp\/wp-content\/uploads\/2024\/05\/Seeberger_Genusswelt_Aussenansicht.jpg","type":"image\/jpeg"}],"twitter_card":"summary_large_image","twitter_misc":{"Est. reading time":"3 minutes"},"schema":{"@context":"https:\/\/schema.org","@graph":[{"@type":"WebPage","@id":"https:\/\/gruppe.seeberger.de\/en\/about-us\/seeberger-whistle-blower-system\/","url":"https:\/\/gruppe.seeberger.de\/en\/about-us\/seeberger-whistle-blower-system\/","name":"Compliance - Seeberger Group","isPartOf":{"@id":"https:\/\/gruppe.seeberger.de\/en\/#website"},"datePublished":"2024-02-19T13:38:20+00:00","dateModified":"2025-07-23T06:44:37+00:00","breadcrumb":{"@id":"https:\/\/gruppe.seeberger.de\/en\/about-us\/seeberger-whistle-blower-system\/#breadcrumb"},"inLanguage":"en-US","potentialAction":[{"@type":"ReadAction","target":["https:\/\/gruppe.seeberger.de\/en\/about-us\/seeberger-whistle-blower-system\/"]}]},{"@type":"BreadcrumbList","@id":"https:\/\/gruppe.seeberger.de\/en\/about-us\/seeberger-whistle-blower-system\/#breadcrumb","itemListElement":[{"@type":"ListItem","position":1,"name":"Home","item":"https:\/\/gruppe.seeberger.de\/en\/"},{"@type":"ListItem","position":2,"name":"About Us","item":"https:\/\/gruppe.seeberger.de\/en\/about-us\/"},{"@type":"ListItem","position":3,"name":"Compliance"}]},{"@type":"WebSite","@id":"https:\/\/gruppe.seeberger.de\/en\/#website","url":"https:\/\/gruppe.seeberger.de\/en\/","name":"Seeberger Gruppe Website","description":"Ein Familienunternehmen mit Tradition","publisher":{"@id":"https:\/\/gruppe.seeberger.de\/en\/#organization"},"alternateName":"Seeberger Gruppe","potentialAction":[{"@type":"SearchAction","target":{"@type":"EntryPoint","urlTemplate":"https:\/\/gruppe.seeberger.de\/en\/?s={search_term_string}"},"query-input":{"@type":"PropertyValueSpecification","valueRequired":true,"valueName":"search_term_string"}}],"inLanguage":"en-US"},{"@type":"Organization","@id":"https:\/\/gruppe.seeberger.de\/en\/#organization","name":"Seeberger Group","url":"https:\/\/gruppe.seeberger.de\/en\/","logo":{"@type":"ImageObject","inLanguage":"en-US","@id":"https:\/\/gruppe.seeberger.de\/en\/#\/schema\/logo\/image\/","url":"https:\/\/gruppe.seeberger.de\/wp-content\/uploads\/2024\/03\/seeberger-gruppe-logo.svg","contentUrl":"https:\/\/gruppe.seeberger.de\/wp-content\/uploads\/2024\/03\/seeberger-gruppe-logo.svg","width":224,"height":64,"caption":"Seeberger Group"},"image":{"@id":"https:\/\/gruppe.seeberger.de\/en\/#\/schema\/logo\/image\/"},"sameAs":["https:\/\/www.facebook.com\/seeberger.de","https:\/\/www.youtube.com\/channel\/UC1ZsMjWjwtYtlymi5VKdRqA","https:\/\/www.instagram.com\/seeberger_1844\/","https:\/\/www.xing.com\/pages\/seebergergmbh","http:\/\/www.linkedin.com\/company\/seeberger"]}]}},"_links":{"self":[{"href":"https:\/\/gruppe.seeberger.de\/en\/wp-json\/wp\/v2\/pages\/1444","targetHints":{"allow":["GET"]}}],"collection":[{"href":"https:\/\/gruppe.seeberger.de\/en\/wp-json\/wp\/v2\/pages"}],"about":[{"href":"https:\/\/gruppe.seeberger.de\/en\/wp-json\/wp\/v2\/types\/page"}],"author":[{"embeddable":true,"href":"https:\/\/gruppe.seeberger.de\/en\/wp-json\/wp\/v2\/users\/6"}],"replies":[{"embeddable":true,"href":"https:\/\/gruppe.seeberger.de\/en\/wp-json\/wp\/v2\/comments?post=1444"}],"version-history":[{"count":21,"href":"https:\/\/gruppe.seeberger.de\/en\/wp-json\/wp\/v2\/pages\/1444\/revisions"}],"predecessor-version":[{"id":4586,"href":"https:\/\/gruppe.seeberger.de\/en\/wp-json\/wp\/v2\/pages\/1444\/revisions\/4586"}],"up":[{"embeddable":true,"href":"https:\/\/gruppe.seeberger.de\/en\/wp-json\/wp\/v2\/pages\/1419"}],"wp:attachment":[{"href":"https:\/\/gruppe.seeberger.de\/en\/wp-json\/wp\/v2\/media?parent=1444"}],"curies":[{"name":"wp","href":"https:\/\/api.w.org\/{rel}","templated":true}]}}