{"id":1710,"date":"2024-02-19T14:38:47","date_gmt":"2024-02-19T13:38:47","guid":{"rendered":"https:\/\/gruppe.seeberger.de\/sustainability\/foundation\/"},"modified":"2024-05-16T15:49:23","modified_gmt":"2024-05-16T13:49:23","slug":"foundation","status":"publish","type":"page","link":"https:\/\/gruppe.seeberger.de\/en\/about-us\/foundation\/","title":{"rendered":"Foundation"},"content":{"rendered":"<div class=\"wpb-content-wrapper\">[vc_row ppi_row_padding=&#8221;ppi_remove_padding_top&#8221; full_width=&#8221;stretch_row_content_no_spaces&#8221;][vc_column]<div class=\"see_keyvisual-slider\"><div class=\"swiper swiper-keyvisual-slider swiper-69e5df081671d\" data-swiperID=\"69e5df081671d\"><div class=\"swiper-wrapper\"><div class=\"see_keyvisual-slider__item see_keyvisual-slider__item--light swiper-slide\"><img loading=\"lazy\" decoding=\"async\" width=\"2560\" height=\"1706\" src=\"https:\/\/gruppe.seeberger.de\/wp\/wp-content\/uploads\/2024\/02\/Produkte-aus-dem-Garten-scaled.jpg\" class=\"see_keyvisual-slider__item__image\" alt=\"Zwei Kinder mit Gie\u00dfkannen gie\u00dfen Gem\u00fcse\" srcset=\"https:\/\/gruppe.seeberger.de\/wp\/wp-content\/uploads\/2024\/02\/Produkte-aus-dem-Garten-scaled.jpg 2560w, https:\/\/gruppe.seeberger.de\/wp\/wp-content\/uploads\/2024\/02\/Produkte-aus-dem-Garten-300x200.jpg 300w, https:\/\/gruppe.seeberger.de\/wp\/wp-content\/uploads\/2024\/02\/Produkte-aus-dem-Garten-1024x683.jpg 1024w, https:\/\/gruppe.seeberger.de\/wp\/wp-content\/uploads\/2024\/02\/Produkte-aus-dem-Garten-768x512.jpg 768w, https:\/\/gruppe.seeberger.de\/wp\/wp-content\/uploads\/2024\/02\/Produkte-aus-dem-Garten-1920x1280.jpg 1920w, https:\/\/gruppe.seeberger.de\/wp\/wp-content\/uploads\/2024\/02\/Produkte-aus-dem-Garten-1200x800.jpg 1200w, https:\/\/gruppe.seeberger.de\/wp\/wp-content\/uploads\/2024\/02\/Produkte-aus-dem-Garten-992x661.jpg 992w, https:\/\/gruppe.seeberger.de\/wp\/wp-content\/uploads\/2024\/02\/Produkte-aus-dem-Garten-480x320.jpg 480w\" sizes=\"auto, (max-width: 2560px) 100vw, 2560px\" \/><div class=\"see_keyvisual-slider__item__content \"><div class=\"see_keyvisual-slider__item__content__inner\"><div class=\"see_keyvisual-slider__item__content__headlines\"><h1 class=\"see_keyvisual-slider__item__content__headline\">Sternschnuppen f\u00fcr Kinder<\/h1><\/div><\/div><\/div><\/div><\/div><\/div><\/div>[\/vc_column][\/vc_row][vc_row][vc_column][vc_column_text]\r\n<h2 class=\"text-width text-width--690\" style=\"text-align: center;\">The foundation of our owner family<\/h2>\n<p class=\"text-width text-width--690\" style=\"text-align: center;\">In 2014, Clemens Keller, our managing director and owner, and his wife Alexandra created the \u201cSternschnuppen f\u00fcr Kinder\u201d foundation. This private foundation provides sustainable support to children and young people all over the world \u2013 and does so independently of commercial interests.<\/p>\n<p class=\"text-width text-width--690\" style=\"text-align: center;\">The foundation works hand in hand with experienced partners like Vivamos mejor, a certified aid organisation in Latin America, to realise projects that promote genuine self-sufficiency. Our owner family are especially interested in support relating to farming and nutrition, enabling people to improve their living conditions for themselves. The aim of the foundation\u2019s projects, which are closely linked to local communities, is to initiate sustainable changes that last even after the project ends.<\/p>\n<p class=\"text-width text-width--690\" style=\"text-align: center;\">It\u2019s not just about temporary success, but rather that the communities can continue with the positive changes independently. That\u2019s why local organisations are closely involved in the foundation\u2019s work and <span style=\"font-weight: 400;\">local partners remain in contact with the communities even after the projects end, ensuring that progress is maintained and that the support continues to bear fruit.<\/span><\/p>\n<p style=\"text-align: center;\"><a class=\"button button--outline--primary\" href=\"https:\/\/www.sternschnuppenfuerkinder.de\/\" target=\"_blank\" rel=\"noopener\"><span style=\"font-weight: 400;\">More info about the foundation<\/span><\/a><\/p>\r\n[\/vc_column_text][\/vc_column][\/vc_row][vc_row ppi_row_type=&#8221;ppi_light_bg&#8221; ppi_content_type=&#8221;ppi_content_width_medium&#8221; full_width=&#8221;stretch_row&#8221;][vc_column]<div class=\"see_image \"><figure><img loading=\"lazy\" decoding=\"async\" width=\"1200\" height=\"800\" src=\"https:\/\/gruppe.seeberger.de\/wp\/wp-content\/uploads\/2024\/02\/csm_seeberger_28042016-9876_RGB_cff689a288.webp\" class=\"attachment-see-lg size-see-lg\" alt=\"Portr\u00e4tfoto im Gr\u00fcnen von Herr und Frau Keller\" srcset=\"https:\/\/gruppe.seeberger.de\/wp\/wp-content\/uploads\/2024\/02\/csm_seeberger_28042016-9876_RGB_cff689a288.webp 1200w, https:\/\/gruppe.seeberger.de\/wp\/wp-content\/uploads\/2024\/02\/csm_seeberger_28042016-9876_RGB_cff689a288-300x200.webp 300w, https:\/\/gruppe.seeberger.de\/wp\/wp-content\/uploads\/2024\/02\/csm_seeberger_28042016-9876_RGB_cff689a288-1024x683.webp 1024w, https:\/\/gruppe.seeberger.de\/wp\/wp-content\/uploads\/2024\/02\/csm_seeberger_28042016-9876_RGB_cff689a288-768x512.webp 768w, https:\/\/gruppe.seeberger.de\/wp\/wp-content\/uploads\/2024\/02\/csm_seeberger_28042016-9876_RGB_cff689a288-992x661.webp 992w, https:\/\/gruppe.seeberger.de\/wp\/wp-content\/uploads\/2024\/02\/csm_seeberger_28042016-9876_RGB_cff689a288-480x320.webp 480w\" sizes=\"auto, (max-width: 1200px) 100vw, 1200px\" \/><\/figure><\/div>[vc_column_text]\r\n<h2 class=\"text-width text-width--690\" style=\"text-align: center;\">Creating future opportunities: help for children worldwide<\/h2>\n<p class=\"text-width text-width--690\" style=\"text-align: center;\">\u201cWe like to help children in poorer countries have a promising future. We support local projects and investments in health, nutrition and education. Helping people to help themselves means enabling local people to maintain their improved livelihoods long term and operate profitably even after the project ends.\u201d<\/p>\n<p style=\"text-align: center;\"><em>Alexandra and Clemens Keller<\/em><\/p>\r\n[\/vc_column_text][\/vc_column][\/vc_row]<\/div>","protected":false},"excerpt":{"rendered":"[vc_row ppi_row_padding=&#8221;ppi_remove_padding_top&#8221; full_width=&#8221;stretch_row_content_no_spaces&#8221;][vc_column][\/vc_column][\/vc_row][vc_row][vc_column][vc_column_text] The foundation of our owner family In 2014, Clemens Keller, our managing director and owner, and his wife Alexandra created the \u201cSternschnuppen f\u00fcr Kinder\u201d foundation. This private foundation provides sustainable support to children and young people all over the world \u2013 and does so independently of commercial interests. The foundation works hand [&hellip;]","protected":false},"author":6,"featured_media":0,"parent":1419,"menu_order":0,"comment_status":"closed","ping_status":"closed","template":"","meta":{"_acf_changed":false,"inline_featured_image":false,"footnotes":""},"class_list":["post-1710","page","type-page","status-publish","hentry"],"acf":[],"yoast_head":"<!-- This site is optimized with the Yoast SEO plugin v27.2 - https:\/\/yoast.com\/product\/yoast-seo-wordpress\/ -->\n<title>Foundation - Seeberger Group<\/title>\n<meta name=\"robots\" content=\"index, follow, max-snippet:-1, max-image-preview:large, max-video-preview:-1\" \/>\n<link rel=\"canonical\" href=\"https:\/\/gruppe.seeberger.de\/en\/about-us\/foundation\/\" \/>\n<meta property=\"og:locale\" content=\"en_US\" \/>\n<meta property=\"og:type\" content=\"article\" \/>\n<meta property=\"og:title\" content=\"Foundation - Seeberger Group\" \/>\n<meta property=\"og:description\" content=\"[vc_row ppi_row_padding=&#8221;ppi_remove_padding_top&#8221; full_width=&#8221;stretch_row_content_no_spaces&#8221;][vc_column][\/vc_column][\/vc_row][vc_row][vc_column][vc_column_text] The foundation of our owner family In 2014, Clemens Keller, our managing director and owner, and his wife Alexandra created the \u201cSternschnuppen f\u00fcr Kinder\u201d foundation. This private foundation provides sustainable support to children and young people all over the world \u2013 and does so independently of commercial interests. The foundation works hand [&hellip;]\" \/>\n<meta property=\"og:url\" content=\"https:\/\/gruppe.seeberger.de\/en\/about-us\/foundation\/\" \/>\n<meta property=\"og:site_name\" content=\"Seeberger Group\" \/>\n<meta property=\"article:publisher\" content=\"https:\/\/www.facebook.com\/seeberger.de\" \/>\n<meta property=\"article:modified_time\" content=\"2024-05-16T13:49:23+00:00\" \/>\n<meta property=\"og:image\" content=\"https:\/\/gruppe.seeberger.de\/wp\/wp-content\/uploads\/2024\/05\/Seeberger_Genusswelt_Aussenansicht.jpg\" \/>\n\t<meta property=\"og:image:width\" content=\"1200\" \/>\n\t<meta property=\"og:image:height\" content=\"832\" \/>\n\t<meta property=\"og:image:type\" content=\"image\/jpeg\" \/>\n<meta name=\"twitter:card\" content=\"summary_large_image\" \/>\n<meta name=\"twitter:label1\" content=\"Est. reading time\" \/>\n\t<meta name=\"twitter:data1\" content=\"2 minutes\" \/>\n<script type=\"application\/ld+json\" class=\"yoast-schema-graph\">{\"@context\":\"https:\/\/schema.org\",\"@graph\":[{\"@type\":\"WebPage\",\"@id\":\"https:\/\/gruppe.seeberger.de\/en\/about-us\/foundation\/\",\"url\":\"https:\/\/gruppe.seeberger.de\/en\/about-us\/foundation\/\",\"name\":\"Foundation - Seeberger Group\",\"isPartOf\":{\"@id\":\"https:\/\/gruppe.seeberger.de\/en\/#website\"},\"datePublished\":\"2024-02-19T13:38:47+00:00\",\"dateModified\":\"2024-05-16T13:49:23+00:00\",\"breadcrumb\":{\"@id\":\"https:\/\/gruppe.seeberger.de\/en\/about-us\/foundation\/#breadcrumb\"},\"inLanguage\":\"en-US\",\"potentialAction\":[{\"@type\":\"ReadAction\",\"target\":[\"https:\/\/gruppe.seeberger.de\/en\/about-us\/foundation\/\"]}]},{\"@type\":\"BreadcrumbList\",\"@id\":\"https:\/\/gruppe.seeberger.de\/en\/about-us\/foundation\/#breadcrumb\",\"itemListElement\":[{\"@type\":\"ListItem\",\"position\":1,\"name\":\"Home\",\"item\":\"https:\/\/gruppe.seeberger.de\/en\/\"},{\"@type\":\"ListItem\",\"position\":2,\"name\":\"About Us\",\"item\":\"https:\/\/gruppe.seeberger.de\/en\/about-us\/\"},{\"@type\":\"ListItem\",\"position\":3,\"name\":\"Foundation\"}]},{\"@type\":\"WebSite\",\"@id\":\"https:\/\/gruppe.seeberger.de\/en\/#website\",\"url\":\"https:\/\/gruppe.seeberger.de\/en\/\",\"name\":\"Seeberger Gruppe Website\",\"description\":\"Ein Familienunternehmen mit Tradition\",\"publisher\":{\"@id\":\"https:\/\/gruppe.seeberger.de\/en\/#organization\"},\"alternateName\":\"Seeberger Gruppe\",\"potentialAction\":[{\"@type\":\"SearchAction\",\"target\":{\"@type\":\"EntryPoint\",\"urlTemplate\":\"https:\/\/gruppe.seeberger.de\/en\/?s={search_term_string}\"},\"query-input\":{\"@type\":\"PropertyValueSpecification\",\"valueRequired\":true,\"valueName\":\"search_term_string\"}}],\"inLanguage\":\"en-US\"},{\"@type\":\"Organization\",\"@id\":\"https:\/\/gruppe.seeberger.de\/en\/#organization\",\"name\":\"Seeberger Group\",\"url\":\"https:\/\/gruppe.seeberger.de\/en\/\",\"logo\":{\"@type\":\"ImageObject\",\"inLanguage\":\"en-US\",\"@id\":\"https:\/\/gruppe.seeberger.de\/en\/#\/schema\/logo\/image\/\",\"url\":\"https:\/\/gruppe.seeberger.de\/wp-content\/uploads\/2024\/03\/seeberger-gruppe-logo.svg\",\"contentUrl\":\"https:\/\/gruppe.seeberger.de\/wp-content\/uploads\/2024\/03\/seeberger-gruppe-logo.svg\",\"width\":224,\"height\":64,\"caption\":\"Seeberger Group\"},\"image\":{\"@id\":\"https:\/\/gruppe.seeberger.de\/en\/#\/schema\/logo\/image\/\"},\"sameAs\":[\"https:\/\/www.facebook.com\/seeberger.de\",\"https:\/\/www.youtube.com\/channel\/UC1ZsMjWjwtYtlymi5VKdRqA\",\"https:\/\/www.instagram.com\/seeberger_1844\/\",\"https:\/\/www.xing.com\/pages\/seebergergmbh\",\"http:\/\/www.linkedin.com\/company\/seeberger\"]}]}<\/script>\n<!-- \/ Yoast SEO plugin. -->","yoast_head_json":{"title":"Foundation - Seeberger Group","robots":{"index":"index","follow":"follow","max-snippet":"max-snippet:-1","max-image-preview":"max-image-preview:large","max-video-preview":"max-video-preview:-1"},"canonical":"https:\/\/gruppe.seeberger.de\/en\/about-us\/foundation\/","og_locale":"en_US","og_type":"article","og_title":"Foundation - Seeberger Group","og_description":"[vc_row ppi_row_padding=&#8221;ppi_remove_padding_top&#8221; full_width=&#8221;stretch_row_content_no_spaces&#8221;][vc_column][\/vc_column][\/vc_row][vc_row][vc_column][vc_column_text] The foundation of our owner family In 2014, Clemens Keller, our managing director and owner, and his wife Alexandra created the \u201cSternschnuppen f\u00fcr Kinder\u201d foundation. This private foundation provides sustainable support to children and young people all over the world \u2013 and does so independently of commercial interests. The foundation works hand [&hellip;]","og_url":"https:\/\/gruppe.seeberger.de\/en\/about-us\/foundation\/","og_site_name":"Seeberger Group","article_publisher":"https:\/\/www.facebook.com\/seeberger.de","article_modified_time":"2024-05-16T13:49:23+00:00","og_image":[{"width":1200,"height":832,"url":"https:\/\/gruppe.seeberger.de\/wp\/wp-content\/uploads\/2024\/05\/Seeberger_Genusswelt_Aussenansicht.jpg","type":"image\/jpeg"}],"twitter_card":"summary_large_image","twitter_misc":{"Est. reading time":"2 minutes"},"schema":{"@context":"https:\/\/schema.org","@graph":[{"@type":"WebPage","@id":"https:\/\/gruppe.seeberger.de\/en\/about-us\/foundation\/","url":"https:\/\/gruppe.seeberger.de\/en\/about-us\/foundation\/","name":"Foundation - Seeberger Group","isPartOf":{"@id":"https:\/\/gruppe.seeberger.de\/en\/#website"},"datePublished":"2024-02-19T13:38:47+00:00","dateModified":"2024-05-16T13:49:23+00:00","breadcrumb":{"@id":"https:\/\/gruppe.seeberger.de\/en\/about-us\/foundation\/#breadcrumb"},"inLanguage":"en-US","potentialAction":[{"@type":"ReadAction","target":["https:\/\/gruppe.seeberger.de\/en\/about-us\/foundation\/"]}]},{"@type":"BreadcrumbList","@id":"https:\/\/gruppe.seeberger.de\/en\/about-us\/foundation\/#breadcrumb","itemListElement":[{"@type":"ListItem","position":1,"name":"Home","item":"https:\/\/gruppe.seeberger.de\/en\/"},{"@type":"ListItem","position":2,"name":"About Us","item":"https:\/\/gruppe.seeberger.de\/en\/about-us\/"},{"@type":"ListItem","position":3,"name":"Foundation"}]},{"@type":"WebSite","@id":"https:\/\/gruppe.seeberger.de\/en\/#website","url":"https:\/\/gruppe.seeberger.de\/en\/","name":"Seeberger Gruppe Website","description":"Ein Familienunternehmen mit Tradition","publisher":{"@id":"https:\/\/gruppe.seeberger.de\/en\/#organization"},"alternateName":"Seeberger Gruppe","potentialAction":[{"@type":"SearchAction","target":{"@type":"EntryPoint","urlTemplate":"https:\/\/gruppe.seeberger.de\/en\/?s={search_term_string}"},"query-input":{"@type":"PropertyValueSpecification","valueRequired":true,"valueName":"search_term_string"}}],"inLanguage":"en-US"},{"@type":"Organization","@id":"https:\/\/gruppe.seeberger.de\/en\/#organization","name":"Seeberger Group","url":"https:\/\/gruppe.seeberger.de\/en\/","logo":{"@type":"ImageObject","inLanguage":"en-US","@id":"https:\/\/gruppe.seeberger.de\/en\/#\/schema\/logo\/image\/","url":"https:\/\/gruppe.seeberger.de\/wp-content\/uploads\/2024\/03\/seeberger-gruppe-logo.svg","contentUrl":"https:\/\/gruppe.seeberger.de\/wp-content\/uploads\/2024\/03\/seeberger-gruppe-logo.svg","width":224,"height":64,"caption":"Seeberger Group"},"image":{"@id":"https:\/\/gruppe.seeberger.de\/en\/#\/schema\/logo\/image\/"},"sameAs":["https:\/\/www.facebook.com\/seeberger.de","https:\/\/www.youtube.com\/channel\/UC1ZsMjWjwtYtlymi5VKdRqA","https:\/\/www.instagram.com\/seeberger_1844\/","https:\/\/www.xing.com\/pages\/seebergergmbh","http:\/\/www.linkedin.com\/company\/seeberger"]}]}},"_links":{"self":[{"href":"https:\/\/gruppe.seeberger.de\/en\/wp-json\/wp\/v2\/pages\/1710","targetHints":{"allow":["GET"]}}],"collection":[{"href":"https:\/\/gruppe.seeberger.de\/en\/wp-json\/wp\/v2\/pages"}],"about":[{"href":"https:\/\/gruppe.seeberger.de\/en\/wp-json\/wp\/v2\/types\/page"}],"author":[{"embeddable":true,"href":"https:\/\/gruppe.seeberger.de\/en\/wp-json\/wp\/v2\/users\/6"}],"replies":[{"embeddable":true,"href":"https:\/\/gruppe.seeberger.de\/en\/wp-json\/wp\/v2\/comments?post=1710"}],"version-history":[{"count":16,"href":"https:\/\/gruppe.seeberger.de\/en\/wp-json\/wp\/v2\/pages\/1710\/revisions"}],"predecessor-version":[{"id":3463,"href":"https:\/\/gruppe.seeberger.de\/en\/wp-json\/wp\/v2\/pages\/1710\/revisions\/3463"}],"up":[{"embeddable":true,"href":"https:\/\/gruppe.seeberger.de\/en\/wp-json\/wp\/v2\/pages\/1419"}],"wp:attachment":[{"href":"https:\/\/gruppe.seeberger.de\/en\/wp-json\/wp\/v2\/media?parent=1710"}],"curies":[{"name":"wp","href":"https:\/\/api.w.org\/{rel}","templated":true}]}}