{"id":1732,"date":"2024-02-19T14:33:36","date_gmt":"2024-02-19T13:33:36","guid":{"rendered":"https:\/\/gruppe.seeberger.de\/sustainability\/social-responsibility-and-commitment\/"},"modified":"2024-10-10T14:21:38","modified_gmt":"2024-10-10T12:21:38","slug":"social-responsibility-and-commitment","status":"publish","type":"page","link":"https:\/\/gruppe.seeberger.de\/en\/sustainability\/social-responsibility-and-commitment\/","title":{"rendered":"Social responsibility and commitment"},"content":{"rendered":"<div class=\"wpb-content-wrapper\">[vc_row ppi_row_padding=&#8221;ppi_remove_padding_top&#8221; full_width=&#8221;stretch_row_content_no_spaces&#8221;][vc_column]<div class=\"see_keyvisual-slider\"><div class=\"swiper swiper-keyvisual-slider swiper-69e25be753732\" data-swiperID=\"69e25be753732\"><div class=\"swiper-wrapper\"><div class=\"see_keyvisual-slider__item see_keyvisual-slider__item--light swiper-slide\"><img loading=\"lazy\" decoding=\"async\" width=\"2560\" height=\"1707\" src=\"https:\/\/gruppe.seeberger.de\/wp\/wp-content\/uploads\/2024\/04\/Gemeinschaft-Hero-1-scaled.jpg\" class=\"see_keyvisual-slider__item__image\" alt=\"Eine Gruppe von sieben Menschen l\u00e4chelt, steht dicht nebeneinander, vor Holzwand.\" srcset=\"https:\/\/gruppe.seeberger.de\/wp\/wp-content\/uploads\/2024\/04\/Gemeinschaft-Hero-1-scaled.jpg 2560w, https:\/\/gruppe.seeberger.de\/wp\/wp-content\/uploads\/2024\/04\/Gemeinschaft-Hero-1-300x200.jpg 300w, https:\/\/gruppe.seeberger.de\/wp\/wp-content\/uploads\/2024\/04\/Gemeinschaft-Hero-1-1024x683.jpg 1024w, https:\/\/gruppe.seeberger.de\/wp\/wp-content\/uploads\/2024\/04\/Gemeinschaft-Hero-1-768x512.jpg 768w, https:\/\/gruppe.seeberger.de\/wp\/wp-content\/uploads\/2024\/04\/Gemeinschaft-Hero-1-1920x1280.jpg 1920w, https:\/\/gruppe.seeberger.de\/wp\/wp-content\/uploads\/2024\/04\/Gemeinschaft-Hero-1-1200x800.jpg 1200w, https:\/\/gruppe.seeberger.de\/wp\/wp-content\/uploads\/2024\/04\/Gemeinschaft-Hero-1-992x661.jpg 992w, https:\/\/gruppe.seeberger.de\/wp\/wp-content\/uploads\/2024\/04\/Gemeinschaft-Hero-1-480x320.jpg 480w\" sizes=\"auto, (max-width: 2560px) 100vw, 2560px\" \/><div class=\"see_keyvisual-slider__item__content \"><div class=\"see_keyvisual-slider__item__content__inner\"><div class=\"see_keyvisual-slider__item__content__headlines\"><h1 class=\"see_keyvisual-slider__item__content__headline\">Together for a strong community <\/h1><\/div><\/div><\/div><\/div><\/div><\/div><\/div>[\/vc_column][\/vc_row][vc_row ppi_content_type=&#8221;ppi_content_width_medium&#8221; ppi_decoration_top=&#8221;left&#8221; ppi_decoration_top_color=&#8221;#B3D57C&#8221;][vc_column][vc_column_text]\r\n<h2 style=\"text-align: center;\">Our commitment to a strong community in our company<\/h2>\r\n<p style=\"text-align: center;\"><span style=\"font-weight: 400;\">A strong community built on our corporate values has always been a matter of the heart for us. Our goal is to create an environment that is humane and responsible. At Seeberger, we work together to create a community of mutual support. This focus strengthens our adaptability and flexibility, enabling us to sustain our growth and progress \u2013 from developing and establishing sophisticated working models to pushing ahead with the digitisation and modernisation of our company.<\/span><\/p>\r\n[\/vc_column_text][\/vc_column][\/vc_row][vc_row ppi_row_type=&#8221;ppi_light_bg&#8221; full_width=&#8221;stretch_row&#8221; ppi_decoration_top=&#8221;right&#8221; ppi_decoration_top_color=&#8221;#275D38&#8243; ppi_decoration_top_angle=&#8221;descending&#8221;][vc_column][vc_column_text]\r\n<h2 style=\"text-align: center;\">Our goals by 2025<\/h2>\r\n[\/vc_column_text]<div class=\"see_icon_module\"><div class=\"see_icon_module-slider swiper swiper-icon-module-slider swiper-69e25be753b7c\" data-swiperID=\"69e25be753b7c\"><div class=\"swiper-wrapper\"><div class=\"see_icon_module__item swiper-slide\">\n            <div class=\"see_icon_module__item__image\">\n            <img loading=\"lazy\" decoding=\"async\" width=\"295\" height=\"295\" src=\"https:\/\/gruppe.seeberger.de\/wp\/wp-content\/uploads\/2024\/04\/Seeberger_Icon_SeebergerFamiliy.svg\" class=\"attachment-see-md size-see-md\" alt=\"Icon, das die Seeberger Familie symbolisiert.\" \/>        <\/div>\n        <div class=\"see_icon_module__item__description\">\n        <span class=\"h3\">Continue to expand our \u201cSeeberger Family\u201d employee programme<\/span>                    <\/div>\n<\/div>\n<div class=\"see_icon_module__item swiper-slide\">\n            <div class=\"see_icon_module__item__image\">\n            <img loading=\"lazy\" decoding=\"async\" width=\"295\" height=\"295\" src=\"https:\/\/gruppe.seeberger.de\/wp\/wp-content\/uploads\/2024\/04\/Icon_MobilesArbeiten-Kopie-1.svg\" class=\"attachment-see-md size-see-md\" alt=\"Eine Darstellung, die mobiles Arbeiten symbolisiert.\" \/>        <\/div>\n        <div class=\"see_icon_module__item__description\">\n        <span class=\"h3\">Expand \u201cNew Work\u201d for better networking and cooperation<\/span>                    <\/div>\n<\/div>\n<div class=\"see_icon_module__item swiper-slide\">\n            <div class=\"see_icon_module__item__image\">\n            <img loading=\"lazy\" decoding=\"async\" width=\"295\" height=\"295\" src=\"https:\/\/gruppe.seeberger.de\/wp\/wp-content\/uploads\/2024\/05\/Icon_NewLeadership-1.svg\" class=\"attachment-see-md size-see-md\" alt=\"Icon, das eine Frau darstellt, die zu zwei Personen spricht.\" \/>        <\/div>\n        <div class=\"see_icon_module__item__description\">\n        <span class=\"h3\">Establish a modern \u201cNew Leadership\u201d management culture<\/span>                    <\/div>\n<\/div>\n<\/div><\/div><div class=\"swiper-pagination\"><\/div><\/div>[\/vc_column][\/vc_row][vc_row][vc_column][vc_column_text]\r\n<h2 style=\"text-align: center;\">Community milestones \u2013 achievements so far<\/h2>\r\n[\/vc_column_text]<div class=\"see_timeline__wrapper\"><div class=\"see_timeline sustainability\"><div class=\"swiper swiper-timeline-slider swiper-69e25be75459b\" data-swiperID=\"69e25be75459b\"><div class=\"swiper-wrapper\"><div class=\"see_timeline__item swiper-slide\">\n    <h3 class=\"see_timeline__item__year h1\">\n        2019    <\/h3>\n    <div class=\"see_timeline__item__point\"><\/div>\n    <div class=\"see_timeline__item__content\">\n                    <div class=\"see_timeline__item__content__image\">\n                <img loading=\"lazy\" decoding=\"async\" width=\"200\" height=\"264\" src=\"https:\/\/gruppe.seeberger.de\/wp\/wp-content\/uploads\/2024\/04\/Icon_VereinbarkeitBerufPflege.svg\" class=\"attachment-see-md\" alt=\"Icon zu Vereinbarkeit\" title=\"Icon_VereinbarkeitBerufPflege\" \/>            <\/div>\n                \n                    <p class=\"see_timeline__item__content__description\">In 2019, we extended our Seeberger Family programme with a comprehensive concept to reconcile work and caring; expanded our compliance management system to include corruption and whistle-blowing; and introduced a business team organisation for each division.<\/p>\n            <\/div>\n<\/div>\n<div class=\"see_timeline__item swiper-slide\">\n    <h3 class=\"see_timeline__item__year h1\">\n        2020\/21    <\/h3>\n    <div class=\"see_timeline__item__point\"><\/div>\n    <div class=\"see_timeline__item__content\">\n                    <div class=\"see_timeline__item__content__image\">\n                <img loading=\"lazy\" decoding=\"async\" width=\"200\" height=\"264\" src=\"https:\/\/gruppe.seeberger.de\/wp\/wp-content\/uploads\/2024\/05\/Icon_ComplianceManagement-System-1.svg\" class=\"attachment-see-md\" alt=\"\" title=\"Icon_ComplianceManagement-System 1\" \/>            <\/div>\n                \n                    <p class=\"see_timeline__item__content__description\">In 2020\/2021, we reviewed and adapted our code of conduct; continued to expand our leadership competence in ongoing workshops; 30 % of participants in our junior staff development programme took on more senior duties, and a further 50 % expanded their area of responsibility within their respective positions; and we certified our compliance management system.<\/p>\n            <\/div>\n<\/div>\n<div class=\"see_timeline__item swiper-slide\">\n    <h3 class=\"see_timeline__item__year h1\">\n        2022\/23    <\/h3>\n    <div class=\"see_timeline__item__point\"><\/div>\n    <div class=\"see_timeline__item__content\">\n                    <div class=\"see_timeline__item__content__image\">\n                <img loading=\"lazy\" decoding=\"async\" width=\"190\" height=\"264\" src=\"https:\/\/gruppe.seeberger.de\/wp\/wp-content\/uploads\/2024\/04\/Icon_WellpassFirmenfitness.svg\" class=\"attachment-see-md\" alt=\"Icon mit Basketball und Fitnessger\u00e4t\" title=\"Icon_WellpassFirmenfitness\" \/>            <\/div>\n                \n                    <p class=\"see_timeline__item__content__description\">In 2022\/2023, additional options were added to the Seeberger Family programme (e.g. EGYM Wellpass for corporate fitness). The focus was on creating options that can be used by all employees of Seeberger regardless of location.<\/p>\n            <\/div>\n<\/div>\n<\/div><\/div><div class=\"swiper-pagination\"><\/div><\/div><\/div>[\/vc_column][\/vc_row][vc_row ppi_row_type=&#8221;ppi_light_bg&#8221; ppi_content_type=&#8221;ppi_content_width_small&#8221; full_width=&#8221;stretch_row&#8221; ppi_decoration_top=&#8221;left&#8221; ppi_decoration_top_color=&#8221;#B3D57C&#8221; ppi_decoration_bottom=&#8221;right&#8221; ppi_decoration_bottom_color=&#8221;#275D38&#8243; ppi_decoration_bottom_angle=&#8221;descending&#8221;][vc_column]<div class=\"see_image \"><figure><img loading=\"lazy\" decoding=\"async\" width=\"720\" height=\"540\" src=\"https:\/\/gruppe.seeberger.de\/wp\/wp-content\/uploads\/2024\/05\/JobRad_Foto-3.jpg\" class=\"attachment-see-lg size-see-lg\" alt=\"Zwei Personen fahren Fahrr\u00e4der auf einem Weg neben einem Geb\u00e4ude und bl\u00fchenden Str\u00e4uchern.\" srcset=\"https:\/\/gruppe.seeberger.de\/wp\/wp-content\/uploads\/2024\/05\/JobRad_Foto-3.jpg 720w, https:\/\/gruppe.seeberger.de\/wp\/wp-content\/uploads\/2024\/05\/JobRad_Foto-3-300x225.jpg 300w, https:\/\/gruppe.seeberger.de\/wp\/wp-content\/uploads\/2024\/05\/JobRad_Foto-3-480x360.jpg 480w\" sizes=\"auto, (max-width: 720px) 100vw, 720px\" \/><\/figure><\/div><div class=\"ppi_spacer\" style=\"height: 50px\"><\/div>[vc_column_text]\r\n<h2 style=\"text-align: center;\">Our Seeberger Family employee programme<\/h2>\r\n<p style=\"text-align: center;\"><span style=\"font-weight: 400;\">As a family company, we particularly value an environment in which appreciation and respect are practised. Work-life balance is not just a phrase for us, but something we actively put into practice. Our \u201cSeeberger Family\u201d programme provides our employees with a wide variety of benefits, such as childcare places, support for family carers, sport and massage resources, healthcare and pension schemes, and a range of team-building activities. <\/span><\/p>\r\n<p style=\"text-align: center;\"><a class=\"button button--outline--primary\" href=\"https:\/\/gruppe.seeberger.de\/karriere\/mitarbeiterbenefits\/\"><span style=\"font-weight: 400;\">Go to our employee programme<\/span><\/a><\/p>\r\n[\/vc_column_text][\/vc_column][\/vc_row][vc_row][vc_column]\n<div class=\"see_image-text__container\">\n    <div class=\"see_image-text ppi_row ppi_row-flex align-items--center\">\n        <div class=\"ppi_col-xs-12 ppi_col-md-6 see_image\">\n                        <figure>\n                                    <img loading=\"lazy\" decoding=\"async\" width=\"1000\" height=\"1000\" src=\"https:\/\/gruppe.seeberger.de\/wp\/wp-content\/uploads\/2024\/05\/Icon_Mitarbeitenden-Beteiligung.png\" class=\"attachment-see-lg size-see-lg\" alt=\"Drei illustrierte Personen vor einem Diagramm mit aufsteigendem Pfeil, symbolisierend Wachstum.\" srcset=\"https:\/\/gruppe.seeberger.de\/wp\/wp-content\/uploads\/2024\/05\/Icon_Mitarbeitenden-Beteiligung.png 1000w, https:\/\/gruppe.seeberger.de\/wp\/wp-content\/uploads\/2024\/05\/Icon_Mitarbeitenden-Beteiligung-300x300.png 300w, https:\/\/gruppe.seeberger.de\/wp\/wp-content\/uploads\/2024\/05\/Icon_Mitarbeitenden-Beteiligung-150x150.png 150w, https:\/\/gruppe.seeberger.de\/wp\/wp-content\/uploads\/2024\/05\/Icon_Mitarbeitenden-Beteiligung-768x768.png 768w, https:\/\/gruppe.seeberger.de\/wp\/wp-content\/uploads\/2024\/05\/Icon_Mitarbeitenden-Beteiligung-992x992.png 992w, https:\/\/gruppe.seeberger.de\/wp\/wp-content\/uploads\/2024\/05\/Icon_Mitarbeitenden-Beteiligung-480x480.png 480w\" sizes=\"auto, (max-width: 1000px) 100vw, 1000px\" \/>                            <\/figure>\n                                            <\/div>\n\n        <div class=\"ppi_col-xs-12 ppi_col-md-6 more-padding-left\">\n                            <div class=\"see_image-text__content\">\n                    <h2>Employee participation at Seeberger<\/h2>\n<p>It\u2019s about more than just work for us \u2013 it\u2019s about genuine participation. We actively involve our employees in shaping the company and allow them to participate in the company\u2019s success. Thanks to our employee participation model, everyone benefits from a profit-based bonus and an attractive rate of interest on the capital. This not only rewards their dedication, but is also a great opportunity for long-term wealth building.<\/p>\n                <\/div>\n                    <\/div>\n\n\n\n            <\/div>\n<\/div>\n[\/vc_column][\/vc_row][vc_row ppi_row_type=&#8221;ppi_light_bg&#8221; ppi_content_type=&#8221;ppi_content_width_small&#8221; full_width=&#8221;stretch_row&#8221;][vc_column][vc_column_text]\r\n<h2 style=\"text-align: center;\">Seeberger whistle-blower system<\/h2>\r\n<p style=\"text-align: center;\"><span style=\"font-weight: 400;\">Laws, rules and guidelines are not just words for us. Our goal is always to act responsibly and to identify and address potential violations early on. That\u2019s how we ensure that errors are resolved quickly. Thanks to our whistle-blower system, anyone can anonymously and easily report any incidents directly to our compliance officer.<\/span><\/p>\r\n<p style=\"text-align: center;\"><a class=\"button button--outline--primary\" href=\"https:\/\/gruppe.seeberger.de\/ueber-uns\/seeberger-hinweisgebersystem\/\"><span style=\"font-weight: 400;\">To the whistle-blower system<\/span><\/a><\/p>\r\n[\/vc_column_text][\/vc_column][\/vc_row]<\/div>","protected":false},"excerpt":{"rendered":"[vc_row ppi_row_padding=&#8221;ppi_remove_padding_top&#8221; full_width=&#8221;stretch_row_content_no_spaces&#8221;][vc_column][\/vc_column][\/vc_row][vc_row ppi_content_type=&#8221;ppi_content_width_medium&#8221; ppi_decoration_top=&#8221;left&#8221; ppi_decoration_top_color=&#8221;#B3D57C&#8221;][vc_column][vc_column_text] Our commitment to a strong community in our company A strong community built on our corporate values has always been a matter of the heart for us. Our goal is to create an environment that is humane and responsible. At Seeberger, we work together to create a community of [&hellip;]","protected":false},"author":6,"featured_media":0,"parent":1450,"menu_order":0,"comment_status":"closed","ping_status":"closed","template":"","meta":{"_acf_changed":false,"inline_featured_image":false,"footnotes":""},"class_list":["post-1732","page","type-page","status-publish","hentry"],"acf":[],"yoast_head":"<!-- This site is optimized with the Yoast SEO plugin v27.2 - https:\/\/yoast.com\/product\/yoast-seo-wordpress\/ -->\n<title>Social responsibility at Seeberger: our commitment to the future<\/title>\n<meta name=\"description\" content=\"Discover how Seeberger is shaping a positive future through social responsibility and community involvement. Read about our initiatives for employees and our community here.\" \/>\n<meta name=\"robots\" content=\"index, follow, max-snippet:-1, max-image-preview:large, max-video-preview:-1\" \/>\n<link rel=\"canonical\" href=\"https:\/\/gruppe.seeberger.de\/en\/sustainability\/social-responsibility-and-commitment\/\" \/>\n<meta property=\"og:locale\" content=\"en_US\" \/>\n<meta property=\"og:type\" content=\"article\" \/>\n<meta property=\"og:title\" content=\"Social responsibility at Seeberger: our commitment to the future\" \/>\n<meta property=\"og:description\" content=\"Discover how Seeberger is shaping a positive future through social responsibility and community involvement. Read about our initiatives for employees and our community here.\" \/>\n<meta property=\"og:url\" content=\"https:\/\/gruppe.seeberger.de\/en\/sustainability\/social-responsibility-and-commitment\/\" \/>\n<meta property=\"og:site_name\" content=\"Seeberger Group\" \/>\n<meta property=\"article:publisher\" content=\"https:\/\/www.facebook.com\/seeberger.de\" \/>\n<meta property=\"article:modified_time\" content=\"2024-10-10T12:21:38+00:00\" \/>\n<meta property=\"og:image\" content=\"https:\/\/gruppe.seeberger.de\/wp\/wp-content\/uploads\/2024\/05\/Seeberger_Genusswelt_Aussenansicht.jpg\" \/>\n\t<meta property=\"og:image:width\" content=\"1200\" \/>\n\t<meta property=\"og:image:height\" content=\"832\" \/>\n\t<meta property=\"og:image:type\" content=\"image\/jpeg\" \/>\n<meta name=\"twitter:card\" content=\"summary_large_image\" \/>\n<meta name=\"twitter:label1\" content=\"Est. reading time\" \/>\n\t<meta name=\"twitter:data1\" content=\"3 minutes\" \/>\n<script type=\"application\/ld+json\" class=\"yoast-schema-graph\">{\"@context\":\"https:\/\/schema.org\",\"@graph\":[{\"@type\":\"WebPage\",\"@id\":\"https:\/\/gruppe.seeberger.de\/en\/sustainability\/social-responsibility-and-commitment\/\",\"url\":\"https:\/\/gruppe.seeberger.de\/en\/sustainability\/social-responsibility-and-commitment\/\",\"name\":\"Social responsibility at Seeberger: our commitment to the future\",\"isPartOf\":{\"@id\":\"https:\/\/gruppe.seeberger.de\/en\/#website\"},\"datePublished\":\"2024-02-19T13:33:36+00:00\",\"dateModified\":\"2024-10-10T12:21:38+00:00\",\"description\":\"Discover how Seeberger is shaping a positive future through social responsibility and community involvement. Read about our initiatives for employees and our community here.\",\"breadcrumb\":{\"@id\":\"https:\/\/gruppe.seeberger.de\/en\/sustainability\/social-responsibility-and-commitment\/#breadcrumb\"},\"inLanguage\":\"en-US\",\"potentialAction\":[{\"@type\":\"ReadAction\",\"target\":[\"https:\/\/gruppe.seeberger.de\/en\/sustainability\/social-responsibility-and-commitment\/\"]}]},{\"@type\":\"BreadcrumbList\",\"@id\":\"https:\/\/gruppe.seeberger.de\/en\/sustainability\/social-responsibility-and-commitment\/#breadcrumb\",\"itemListElement\":[{\"@type\":\"ListItem\",\"position\":1,\"name\":\"Home\",\"item\":\"https:\/\/gruppe.seeberger.de\/en\/\"},{\"@type\":\"ListItem\",\"position\":2,\"name\":\"Sustainability\",\"item\":\"https:\/\/gruppe.seeberger.de\/en\/sustainability\/\"},{\"@type\":\"ListItem\",\"position\":3,\"name\":\"Social responsibility and commitment\"}]},{\"@type\":\"WebSite\",\"@id\":\"https:\/\/gruppe.seeberger.de\/en\/#website\",\"url\":\"https:\/\/gruppe.seeberger.de\/en\/\",\"name\":\"Seeberger Gruppe Website\",\"description\":\"Ein Familienunternehmen mit Tradition\",\"publisher\":{\"@id\":\"https:\/\/gruppe.seeberger.de\/en\/#organization\"},\"alternateName\":\"Seeberger Gruppe\",\"potentialAction\":[{\"@type\":\"SearchAction\",\"target\":{\"@type\":\"EntryPoint\",\"urlTemplate\":\"https:\/\/gruppe.seeberger.de\/en\/?s={search_term_string}\"},\"query-input\":{\"@type\":\"PropertyValueSpecification\",\"valueRequired\":true,\"valueName\":\"search_term_string\"}}],\"inLanguage\":\"en-US\"},{\"@type\":\"Organization\",\"@id\":\"https:\/\/gruppe.seeberger.de\/en\/#organization\",\"name\":\"Seeberger Group\",\"url\":\"https:\/\/gruppe.seeberger.de\/en\/\",\"logo\":{\"@type\":\"ImageObject\",\"inLanguage\":\"en-US\",\"@id\":\"https:\/\/gruppe.seeberger.de\/en\/#\/schema\/logo\/image\/\",\"url\":\"https:\/\/gruppe.seeberger.de\/wp-content\/uploads\/2024\/03\/seeberger-gruppe-logo.svg\",\"contentUrl\":\"https:\/\/gruppe.seeberger.de\/wp-content\/uploads\/2024\/03\/seeberger-gruppe-logo.svg\",\"width\":224,\"height\":64,\"caption\":\"Seeberger Group\"},\"image\":{\"@id\":\"https:\/\/gruppe.seeberger.de\/en\/#\/schema\/logo\/image\/\"},\"sameAs\":[\"https:\/\/www.facebook.com\/seeberger.de\",\"https:\/\/www.youtube.com\/channel\/UC1ZsMjWjwtYtlymi5VKdRqA\",\"https:\/\/www.instagram.com\/seeberger_1844\/\",\"https:\/\/www.xing.com\/pages\/seebergergmbh\",\"http:\/\/www.linkedin.com\/company\/seeberger\"]}]}<\/script>\n<!-- \/ Yoast SEO plugin. -->","yoast_head_json":{"title":"Social responsibility at Seeberger: our commitment to the future","description":"Discover how Seeberger is shaping a positive future through social responsibility and community involvement. Read about our initiatives for employees and our community here.","robots":{"index":"index","follow":"follow","max-snippet":"max-snippet:-1","max-image-preview":"max-image-preview:large","max-video-preview":"max-video-preview:-1"},"canonical":"https:\/\/gruppe.seeberger.de\/en\/sustainability\/social-responsibility-and-commitment\/","og_locale":"en_US","og_type":"article","og_title":"Social responsibility at Seeberger: our commitment to the future","og_description":"Discover how Seeberger is shaping a positive future through social responsibility and community involvement. Read about our initiatives for employees and our community here.","og_url":"https:\/\/gruppe.seeberger.de\/en\/sustainability\/social-responsibility-and-commitment\/","og_site_name":"Seeberger Group","article_publisher":"https:\/\/www.facebook.com\/seeberger.de","article_modified_time":"2024-10-10T12:21:38+00:00","og_image":[{"width":1200,"height":832,"url":"https:\/\/gruppe.seeberger.de\/wp\/wp-content\/uploads\/2024\/05\/Seeberger_Genusswelt_Aussenansicht.jpg","type":"image\/jpeg"}],"twitter_card":"summary_large_image","twitter_misc":{"Est. reading time":"3 minutes"},"schema":{"@context":"https:\/\/schema.org","@graph":[{"@type":"WebPage","@id":"https:\/\/gruppe.seeberger.de\/en\/sustainability\/social-responsibility-and-commitment\/","url":"https:\/\/gruppe.seeberger.de\/en\/sustainability\/social-responsibility-and-commitment\/","name":"Social responsibility at Seeberger: our commitment to the future","isPartOf":{"@id":"https:\/\/gruppe.seeberger.de\/en\/#website"},"datePublished":"2024-02-19T13:33:36+00:00","dateModified":"2024-10-10T12:21:38+00:00","description":"Discover how Seeberger is shaping a positive future through social responsibility and community involvement. Read about our initiatives for employees and our community here.","breadcrumb":{"@id":"https:\/\/gruppe.seeberger.de\/en\/sustainability\/social-responsibility-and-commitment\/#breadcrumb"},"inLanguage":"en-US","potentialAction":[{"@type":"ReadAction","target":["https:\/\/gruppe.seeberger.de\/en\/sustainability\/social-responsibility-and-commitment\/"]}]},{"@type":"BreadcrumbList","@id":"https:\/\/gruppe.seeberger.de\/en\/sustainability\/social-responsibility-and-commitment\/#breadcrumb","itemListElement":[{"@type":"ListItem","position":1,"name":"Home","item":"https:\/\/gruppe.seeberger.de\/en\/"},{"@type":"ListItem","position":2,"name":"Sustainability","item":"https:\/\/gruppe.seeberger.de\/en\/sustainability\/"},{"@type":"ListItem","position":3,"name":"Social responsibility and commitment"}]},{"@type":"WebSite","@id":"https:\/\/gruppe.seeberger.de\/en\/#website","url":"https:\/\/gruppe.seeberger.de\/en\/","name":"Seeberger Gruppe Website","description":"Ein Familienunternehmen mit Tradition","publisher":{"@id":"https:\/\/gruppe.seeberger.de\/en\/#organization"},"alternateName":"Seeberger Gruppe","potentialAction":[{"@type":"SearchAction","target":{"@type":"EntryPoint","urlTemplate":"https:\/\/gruppe.seeberger.de\/en\/?s={search_term_string}"},"query-input":{"@type":"PropertyValueSpecification","valueRequired":true,"valueName":"search_term_string"}}],"inLanguage":"en-US"},{"@type":"Organization","@id":"https:\/\/gruppe.seeberger.de\/en\/#organization","name":"Seeberger Group","url":"https:\/\/gruppe.seeberger.de\/en\/","logo":{"@type":"ImageObject","inLanguage":"en-US","@id":"https:\/\/gruppe.seeberger.de\/en\/#\/schema\/logo\/image\/","url":"https:\/\/gruppe.seeberger.de\/wp-content\/uploads\/2024\/03\/seeberger-gruppe-logo.svg","contentUrl":"https:\/\/gruppe.seeberger.de\/wp-content\/uploads\/2024\/03\/seeberger-gruppe-logo.svg","width":224,"height":64,"caption":"Seeberger Group"},"image":{"@id":"https:\/\/gruppe.seeberger.de\/en\/#\/schema\/logo\/image\/"},"sameAs":["https:\/\/www.facebook.com\/seeberger.de","https:\/\/www.youtube.com\/channel\/UC1ZsMjWjwtYtlymi5VKdRqA","https:\/\/www.instagram.com\/seeberger_1844\/","https:\/\/www.xing.com\/pages\/seebergergmbh","http:\/\/www.linkedin.com\/company\/seeberger"]}]}},"_links":{"self":[{"href":"https:\/\/gruppe.seeberger.de\/en\/wp-json\/wp\/v2\/pages\/1732","targetHints":{"allow":["GET"]}}],"collection":[{"href":"https:\/\/gruppe.seeberger.de\/en\/wp-json\/wp\/v2\/pages"}],"about":[{"href":"https:\/\/gruppe.seeberger.de\/en\/wp-json\/wp\/v2\/types\/page"}],"author":[{"embeddable":true,"href":"https:\/\/gruppe.seeberger.de\/en\/wp-json\/wp\/v2\/users\/6"}],"replies":[{"embeddable":true,"href":"https:\/\/gruppe.seeberger.de\/en\/wp-json\/wp\/v2\/comments?post=1732"}],"version-history":[{"count":18,"href":"https:\/\/gruppe.seeberger.de\/en\/wp-json\/wp\/v2\/pages\/1732\/revisions"}],"predecessor-version":[{"id":4005,"href":"https:\/\/gruppe.seeberger.de\/en\/wp-json\/wp\/v2\/pages\/1732\/revisions\/4005"}],"up":[{"embeddable":true,"href":"https:\/\/gruppe.seeberger.de\/en\/wp-json\/wp\/v2\/pages\/1450"}],"wp:attachment":[{"href":"https:\/\/gruppe.seeberger.de\/en\/wp-json\/wp\/v2\/media?parent=1732"}],"curies":[{"name":"wp","href":"https:\/\/api.w.org\/{rel}","templated":true}]}}