{"id":1241,"date":"2024-02-19T14:51:24","date_gmt":"2024-02-19T13:51:24","guid":{"rendered":"https:\/\/gruppe.seeberger.de\/mentions-legales\/"},"modified":"2025-08-29T13:49:19","modified_gmt":"2025-08-29T11:49:19","slug":"mentions-legales","status":"publish","type":"page","link":"https:\/\/gruppe.seeberger.de\/fr\/mentions-legales\/","title":{"rendered":"Mentions L\u00e9gales"},"content":{"rendered":"<div class=\"wpb-content-wrapper\">[vc_row ppi_content_type=&#8221;ppi_content_width_small&#8221; ppi_decoration_top=&#8221;left&#8221; ppi_decoration_top_color=&#8221;#275D38&#8243;][vc_column][vc_column_text]\r\n<h1 class=\"text-width text-width--690\">Mentions L\u00e9gales<\/h1>\r\n<p class=\"text-width text-width--690\"><span style=\"font-weight: 400;\">Seeberger GmbH\r\n<\/span><span style=\"font-weight: 400;\">Hans-Lorenser-Stra\u00dfe 36<\/span><span style=\"font-weight: 400;\">\r\n<\/span><span style=\"font-weight: 400;\">89079 Ulm<\/span><span style=\"font-weight: 400;\">\r\n<\/span><span style=\"font-weight: 400;\">T\u00e9l\u00e9phone +49 731 4093-0<\/span><span style=\"font-weight: 400;\">\r\n<\/span><span style=\"font-weight: 400;\">T\u00e9l\u00e9copie +49 731 4093-66 5000<\/span><span style=\"font-weight: 400;\">\r\n<\/span><span style=\"font-weight: 400;\">info(at)seeberger.de<\/span><span style=\"font-weight: 400;\">\r\n<\/span><span style=\"font-weight: 400;\">\r\n<\/span><span style=\"font-weight: 400;\">RdC feuillet HRB 728251 Amtsgericht (tribunal d\u2019instance) Ulm<\/span><span style=\"font-weight: 400;\">\r\n<\/span><span style=\"font-weight: 400;\">Si\u00e8ge de la soci\u00e9t\u00e9 : Ulm<\/span><span style=\"font-weight: 400;\">\r\n<\/span><span style=\"font-weight: 400;\">G\u00e9rants: Ralph Beranek, Clemens Keller<\/span><span style=\"font-weight: 400;\">\r\n<\/span><span style=\"font-weight: 400;\">N\u00b0 de TVA intracommunautaire : DE284328280<\/span><span style=\"font-weight: 400;\">\r\n<\/span><span style=\"font-weight: 400;\">\r\n<\/span><span style=\"font-weight: 400;\">\r\n<\/span><strong>Personne \u00e0 contacter :\r\n<\/strong><span style=\"font-weight: 400;\">Tim Jerg<\/span><span style=\"font-weight: 400;\">\r\n<\/span><span style=\"font-weight: 400;\">\r\n<\/span><strong>D\u00e9charge de responsabilit\u00e9 :\r\n<\/strong><span style=\"font-weight: 400;\">en d\u00e9pit d\u2019un contr\u00f4le minutieux, nous d\u00e9clinons toute responsabilit\u00e9 pour les contenus des liens externes. La responsabilit\u00e9 du contenu de ces pages rel\u00e8ve exclusivement de leurs exploitants.<\/span><span style=\"font-weight: 400;\">\r\n<\/span><span style=\"font-weight: 400;\">\r\n<\/span><span style=\"font-weight: 400;\"><strong>Organisme de contr\u00f4le biologique : <\/strong>\r\nDE-\u00d6KO-003<\/span><\/p>\r\n<p class=\"text-width text-width--690\"><span style=\"font-weight: 400;\">Copyright 2024 by Seeberger &#8211; Tous droits r\u00e9serv\u00e9s.<\/span><span style=\"font-weight: 400;\">\r\n<\/span><span style=\"font-weight: 400;\">Sous r\u00e9serve de modifications techniques et d\u2019erreurs.<\/span><\/p>\r\n[\/vc_column_text][vc_column_text]\r\n<p class=\"text-width text-width--690\">cr\u00e9dit photo<\/p>\r\n<p class=\"text-width text-width--690\">\u00a9 JobRad, jobrad.org<\/p>\r\n[\/vc_column_text][\/vc_column][\/vc_row]<\/div>","protected":false},"excerpt":{"rendered":"[vc_row ppi_content_type=&#8221;ppi_content_width_small&#8221; ppi_decoration_top=&#8221;left&#8221; ppi_decoration_top_color=&#8221;#275D38&#8243;][vc_column][vc_column_text] Mentions L\u00e9gales Seeberger GmbH Hans-Lorenser-Stra\u00dfe 36 89079 Ulm T\u00e9l\u00e9phone +49 731 4093-0 T\u00e9l\u00e9copie +49 731 4093-66 5000 info(at)seeberger.de RdC feuillet HRB 728251 Amtsgericht (tribunal d\u2019instance) Ulm Si\u00e8ge de la soci\u00e9t\u00e9 : Ulm G\u00e9rants: Ralph Beranek, Clemens Keller N\u00b0 de TVA intracommunautaire : DE284328280 Personne \u00e0 contacter : Tim Jerg D\u00e9charge de [&hellip;]","protected":false},"author":6,"featured_media":0,"parent":0,"menu_order":0,"comment_status":"closed","ping_status":"closed","template":"","meta":{"_acf_changed":false,"inline_featured_image":false,"footnotes":""},"class_list":["post-1241","page","type-page","status-publish","hentry"],"acf":[],"yoast_head":"<!-- This site is optimized with the Yoast SEO plugin v27.2 - https:\/\/yoast.com\/product\/yoast-seo-wordpress\/ -->\n<title>Mentions L\u00e9gales - Seeberger Gruppe<\/title>\n<meta name=\"robots\" content=\"index, follow, max-snippet:-1, max-image-preview:large, max-video-preview:-1\" \/>\n<link rel=\"canonical\" href=\"https:\/\/gruppe.seeberger.de\/fr\/mentions-legales\/\" \/>\n<meta property=\"og:locale\" content=\"fr_FR\" \/>\n<meta property=\"og:type\" content=\"article\" \/>\n<meta property=\"og:title\" content=\"Mentions L\u00e9gales - Seeberger Gruppe\" \/>\n<meta property=\"og:description\" content=\"[vc_row ppi_content_type=&#8221;ppi_content_width_small&#8221; ppi_decoration_top=&#8221;left&#8221; ppi_decoration_top_color=&#8221;#275D38&#8243;][vc_column][vc_column_text] Mentions L\u00e9gales Seeberger GmbH Hans-Lorenser-Stra\u00dfe 36 89079 Ulm T\u00e9l\u00e9phone +49 731 4093-0 T\u00e9l\u00e9copie +49 731 4093-66 5000 info(at)seeberger.de RdC feuillet HRB 728251 Amtsgericht (tribunal d\u2019instance) Ulm Si\u00e8ge de la soci\u00e9t\u00e9 : Ulm G\u00e9rants: Ralph Beranek, Clemens Keller N\u00b0 de TVA intracommunautaire : DE284328280 Personne \u00e0 contacter : Tim Jerg D\u00e9charge de [&hellip;]\" \/>\n<meta property=\"og:url\" content=\"https:\/\/gruppe.seeberger.de\/fr\/mentions-legales\/\" \/>\n<meta property=\"og:site_name\" content=\"Seeberger Gruppe\" \/>\n<meta property=\"article:publisher\" content=\"https:\/\/www.facebook.com\/seeberger.de\" \/>\n<meta property=\"article:modified_time\" content=\"2025-08-29T11:49:19+00:00\" \/>\n<meta property=\"og:image\" content=\"https:\/\/gruppe.seeberger.de\/wp\/wp-content\/uploads\/2024\/05\/Seeberger_Genusswelt_Aussenansicht.jpg\" \/>\n\t<meta property=\"og:image:width\" content=\"1200\" \/>\n\t<meta property=\"og:image:height\" content=\"832\" \/>\n\t<meta property=\"og:image:type\" content=\"image\/jpeg\" \/>\n<meta name=\"twitter:card\" content=\"summary_large_image\" \/>\n<meta name=\"twitter:label1\" content=\"Est. reading time\" \/>\n\t<meta name=\"twitter:data1\" content=\"1 minute\" \/>\n<script type=\"application\/ld+json\" class=\"yoast-schema-graph\">{\"@context\":\"https:\/\/schema.org\",\"@graph\":[{\"@type\":\"WebPage\",\"@id\":\"https:\/\/gruppe.seeberger.de\/fr\/mentions-legales\/\",\"url\":\"https:\/\/gruppe.seeberger.de\/fr\/mentions-legales\/\",\"name\":\"Mentions L\u00e9gales - Seeberger Gruppe\",\"isPartOf\":{\"@id\":\"https:\/\/gruppe.seeberger.de\/fr\/#website\"},\"datePublished\":\"2024-02-19T13:51:24+00:00\",\"dateModified\":\"2025-08-29T11:49:19+00:00\",\"breadcrumb\":{\"@id\":\"https:\/\/gruppe.seeberger.de\/fr\/mentions-legales\/#breadcrumb\"},\"inLanguage\":\"fr-FR\",\"potentialAction\":[{\"@type\":\"ReadAction\",\"target\":[\"https:\/\/gruppe.seeberger.de\/fr\/mentions-legales\/\"]}]},{\"@type\":\"BreadcrumbList\",\"@id\":\"https:\/\/gruppe.seeberger.de\/fr\/mentions-legales\/#breadcrumb\",\"itemListElement\":[{\"@type\":\"ListItem\",\"position\":1,\"name\":\"Home\",\"item\":\"https:\/\/gruppe.seeberger.de\/fr\/\"},{\"@type\":\"ListItem\",\"position\":2,\"name\":\"Mentions L\u00e9gales\"}]},{\"@type\":\"WebSite\",\"@id\":\"https:\/\/gruppe.seeberger.de\/fr\/#website\",\"url\":\"https:\/\/gruppe.seeberger.de\/fr\/\",\"name\":\"Seeberger Gruppe Website\",\"description\":\"Ein Familienunternehmen mit Tradition\",\"publisher\":{\"@id\":\"https:\/\/gruppe.seeberger.de\/fr\/#organization\"},\"alternateName\":\"Seeberger Gruppe\",\"potentialAction\":[{\"@type\":\"SearchAction\",\"target\":{\"@type\":\"EntryPoint\",\"urlTemplate\":\"https:\/\/gruppe.seeberger.de\/fr\/?s={search_term_string}\"},\"query-input\":{\"@type\":\"PropertyValueSpecification\",\"valueRequired\":true,\"valueName\":\"search_term_string\"}}],\"inLanguage\":\"fr-FR\"},{\"@type\":\"Organization\",\"@id\":\"https:\/\/gruppe.seeberger.de\/fr\/#organization\",\"name\":\"Seeberger Gruppe\",\"url\":\"https:\/\/gruppe.seeberger.de\/fr\/\",\"logo\":{\"@type\":\"ImageObject\",\"inLanguage\":\"fr-FR\",\"@id\":\"https:\/\/gruppe.seeberger.de\/fr\/#\/schema\/logo\/image\/\",\"url\":\"https:\/\/gruppe.seeberger.de\/wp-content\/uploads\/2024\/03\/seeberger-gruppe-logo.svg\",\"contentUrl\":\"https:\/\/gruppe.seeberger.de\/wp-content\/uploads\/2024\/03\/seeberger-gruppe-logo.svg\",\"width\":224,\"height\":64,\"caption\":\"Seeberger Gruppe\"},\"image\":{\"@id\":\"https:\/\/gruppe.seeberger.de\/fr\/#\/schema\/logo\/image\/\"},\"sameAs\":[\"https:\/\/www.facebook.com\/seeberger.de\",\"https:\/\/www.youtube.com\/channel\/UC1ZsMjWjwtYtlymi5VKdRqA\",\"https:\/\/www.instagram.com\/seeberger_1844\/\",\"https:\/\/www.xing.com\/pages\/seebergergmbh\",\"http:\/\/www.linkedin.com\/company\/seeberger\"]}]}<\/script>\n<!-- \/ Yoast SEO plugin. -->","yoast_head_json":{"title":"Mentions L\u00e9gales - Seeberger Gruppe","robots":{"index":"index","follow":"follow","max-snippet":"max-snippet:-1","max-image-preview":"max-image-preview:large","max-video-preview":"max-video-preview:-1"},"canonical":"https:\/\/gruppe.seeberger.de\/fr\/mentions-legales\/","og_locale":"fr_FR","og_type":"article","og_title":"Mentions L\u00e9gales - Seeberger Gruppe","og_description":"[vc_row ppi_content_type=&#8221;ppi_content_width_small&#8221; ppi_decoration_top=&#8221;left&#8221; ppi_decoration_top_color=&#8221;#275D38&#8243;][vc_column][vc_column_text] Mentions L\u00e9gales Seeberger GmbH Hans-Lorenser-Stra\u00dfe 36 89079 Ulm T\u00e9l\u00e9phone +49 731 4093-0 T\u00e9l\u00e9copie +49 731 4093-66 5000 info(at)seeberger.de RdC feuillet HRB 728251 Amtsgericht (tribunal d\u2019instance) Ulm Si\u00e8ge de la soci\u00e9t\u00e9 : Ulm G\u00e9rants: Ralph Beranek, Clemens Keller N\u00b0 de TVA intracommunautaire : DE284328280 Personne \u00e0 contacter : Tim Jerg D\u00e9charge de [&hellip;]","og_url":"https:\/\/gruppe.seeberger.de\/fr\/mentions-legales\/","og_site_name":"Seeberger Gruppe","article_publisher":"https:\/\/www.facebook.com\/seeberger.de","article_modified_time":"2025-08-29T11:49:19+00:00","og_image":[{"width":1200,"height":832,"url":"https:\/\/gruppe.seeberger.de\/wp\/wp-content\/uploads\/2024\/05\/Seeberger_Genusswelt_Aussenansicht.jpg","type":"image\/jpeg"}],"twitter_card":"summary_large_image","twitter_misc":{"Est. reading time":"1 minute"},"schema":{"@context":"https:\/\/schema.org","@graph":[{"@type":"WebPage","@id":"https:\/\/gruppe.seeberger.de\/fr\/mentions-legales\/","url":"https:\/\/gruppe.seeberger.de\/fr\/mentions-legales\/","name":"Mentions L\u00e9gales - Seeberger Gruppe","isPartOf":{"@id":"https:\/\/gruppe.seeberger.de\/fr\/#website"},"datePublished":"2024-02-19T13:51:24+00:00","dateModified":"2025-08-29T11:49:19+00:00","breadcrumb":{"@id":"https:\/\/gruppe.seeberger.de\/fr\/mentions-legales\/#breadcrumb"},"inLanguage":"fr-FR","potentialAction":[{"@type":"ReadAction","target":["https:\/\/gruppe.seeberger.de\/fr\/mentions-legales\/"]}]},{"@type":"BreadcrumbList","@id":"https:\/\/gruppe.seeberger.de\/fr\/mentions-legales\/#breadcrumb","itemListElement":[{"@type":"ListItem","position":1,"name":"Home","item":"https:\/\/gruppe.seeberger.de\/fr\/"},{"@type":"ListItem","position":2,"name":"Mentions L\u00e9gales"}]},{"@type":"WebSite","@id":"https:\/\/gruppe.seeberger.de\/fr\/#website","url":"https:\/\/gruppe.seeberger.de\/fr\/","name":"Seeberger Gruppe Website","description":"Ein Familienunternehmen mit Tradition","publisher":{"@id":"https:\/\/gruppe.seeberger.de\/fr\/#organization"},"alternateName":"Seeberger Gruppe","potentialAction":[{"@type":"SearchAction","target":{"@type":"EntryPoint","urlTemplate":"https:\/\/gruppe.seeberger.de\/fr\/?s={search_term_string}"},"query-input":{"@type":"PropertyValueSpecification","valueRequired":true,"valueName":"search_term_string"}}],"inLanguage":"fr-FR"},{"@type":"Organization","@id":"https:\/\/gruppe.seeberger.de\/fr\/#organization","name":"Seeberger Gruppe","url":"https:\/\/gruppe.seeberger.de\/fr\/","logo":{"@type":"ImageObject","inLanguage":"fr-FR","@id":"https:\/\/gruppe.seeberger.de\/fr\/#\/schema\/logo\/image\/","url":"https:\/\/gruppe.seeberger.de\/wp-content\/uploads\/2024\/03\/seeberger-gruppe-logo.svg","contentUrl":"https:\/\/gruppe.seeberger.de\/wp-content\/uploads\/2024\/03\/seeberger-gruppe-logo.svg","width":224,"height":64,"caption":"Seeberger Gruppe"},"image":{"@id":"https:\/\/gruppe.seeberger.de\/fr\/#\/schema\/logo\/image\/"},"sameAs":["https:\/\/www.facebook.com\/seeberger.de","https:\/\/www.youtube.com\/channel\/UC1ZsMjWjwtYtlymi5VKdRqA","https:\/\/www.instagram.com\/seeberger_1844\/","https:\/\/www.xing.com\/pages\/seebergergmbh","http:\/\/www.linkedin.com\/company\/seeberger"]}]}},"_links":{"self":[{"href":"https:\/\/gruppe.seeberger.de\/fr\/wp-json\/wp\/v2\/pages\/1241","targetHints":{"allow":["GET"]}}],"collection":[{"href":"https:\/\/gruppe.seeberger.de\/fr\/wp-json\/wp\/v2\/pages"}],"about":[{"href":"https:\/\/gruppe.seeberger.de\/fr\/wp-json\/wp\/v2\/types\/page"}],"author":[{"embeddable":true,"href":"https:\/\/gruppe.seeberger.de\/fr\/wp-json\/wp\/v2\/users\/6"}],"replies":[{"embeddable":true,"href":"https:\/\/gruppe.seeberger.de\/fr\/wp-json\/wp\/v2\/comments?post=1241"}],"version-history":[{"count":9,"href":"https:\/\/gruppe.seeberger.de\/fr\/wp-json\/wp\/v2\/pages\/1241\/revisions"}],"predecessor-version":[{"id":4654,"href":"https:\/\/gruppe.seeberger.de\/fr\/wp-json\/wp\/v2\/pages\/1241\/revisions\/4654"}],"wp:attachment":[{"href":"https:\/\/gruppe.seeberger.de\/fr\/wp-json\/wp\/v2\/media?parent=1241"}],"curies":[{"name":"wp","href":"https:\/\/api.w.org\/{rel}","templated":true}]}}