{"id":1572,"date":"2024-02-15T09:12:02","date_gmt":"2024-02-15T08:12:02","guid":{"rendered":"https:\/\/gruppe.seeberger.de\/ce-que-nous-sommes\/actualites\/"},"modified":"2024-05-13T10:33:26","modified_gmt":"2024-05-13T08:33:26","slug":"actualites","status":"publish","type":"page","link":"https:\/\/gruppe.seeberger.de\/fr\/ce-que-nous-sommes\/actualites\/","title":{"rendered":"Actualit\u00e9s"},"content":{"rendered":"<div class=\"wpb-content-wrapper\">[vc_row ppi_row_padding=&#8221;ppi_remove_padding_top&#8221; full_width=&#8221;stretch_row&#8221; ppi_decoration_top=&#8221;right&#8221; ppi_decoration_top_color=&#8221;#B3D57C&#8221; ppi_decoration_bottom=&#8221;left&#8221; ppi_decoration_bottom_color=&#8221;#275D38&#8243; ppi_decoration_bottom_angle=&#8221;descending&#8221;][vc_column]<div class=\"ppi_spacer show-for-xl\" style=\"height: 100px\"><\/div>[vc_column_text]\r\n<h1><\/h1>\n<h1 class=\"text-width text-width--690\" style=\"text-align: center;\">Actualit\u00e9s et nouvelles du Groupe Seeberger<\/h1>\r\n[\/vc_column_text][\/vc_column][\/vc_row][vc_row][vc_column]<div class=\"see_blog\">\n                                        <div class=\"ppi_row\">\n                    <div class=\"ppi_col-xs-12\">\n                        <div class=\"see_blog__categories\">\n    <div class=\"see_blog__categories__toggle button button--primary\">choisir la cat\u00e9gorie<\/div>\n    <ul class=\"see_blog__categories__items\">\n                            <li class=\"see_blog__categories__item see_blog__categories__item__all active\" data-category=\"all\">Tous<\/li>\n                            <li class=\"see_blog__categories__item\" data-category=\"49\">Cha\u00eene d\u2019approvisionnement<\/li>\n                    <li class=\"see_blog__categories__item\" data-category=\"29\">Durabilit\u00e9<\/li>\n                    <li class=\"see_blog__categories__item\" data-category=\"48\">\u00c9conomie circulaire<\/li>\n                    <li class=\"see_blog__categories__item\" data-category=\"30\">Groupe Seeberger<\/li>\n                    <li class=\"see_blog__categories__item\" data-category=\"50\">Origine<\/li>\n                    <li class=\"see_blog__categories__item\" data-category=\"32\">Presse<\/li>\n                    <li class=\"see_blog__categories__item\" data-category=\"35\">Professional<\/li>\n                    <li class=\"see_blog__categories__item\" data-category=\"47\">Protection du climat<\/li>\n                    <li class=\"see_blog__categories__item\" data-category=\"34\">Snacks<\/li>\n                    <li class=\"see_blog__categories__item\" data-category=\"33\">Univers des saveurs<\/li>\n            <\/ul>\n<\/div>\n                    <\/div>\n                <\/div>\n            \n            <div class=\"see_loader\">\n    <div class=\"ppi_row text-center\">\n        <div class=\"ppi_col-xs-12\">\n            <div class=\"see_loader__spinner\">\n                <span><\/span>\n                <span><\/span>\n                <span><\/span>\n            <\/div>\n        <\/div>\n    <\/div>\n<\/div>\n        \n        <div class=\"see_blog__list see_blog__grid\"\n             data-posts-per-page=\"5\">\n                                                                                    <a href=\"https:\/\/gruppe.seeberger.de\/fr\/blog\/extension-de-la-logistique-par-la-construction-dun-nouvel-entrepot-a-hauts-rayonnages\/\"  class=\"see_blog__list__item see_blog__grid__item\">\n    <div class=\"see_blog__list__item__image\">\n        <img loading=\"lazy\" decoding=\"async\" width=\"768\" height=\"493\" src=\"https:\/\/gruppe.seeberger.de\/wp\/wp-content\/uploads\/2024\/10\/Spatenstich-Seeberger-scaled.jpg\" class=\"attachment-768x576 size-768x576\" alt=\"Spatenstich Hochregallager 2026\" srcset=\"https:\/\/gruppe.seeberger.de\/wp\/wp-content\/uploads\/2024\/10\/Spatenstich-Seeberger-scaled.jpg 2560w, https:\/\/gruppe.seeberger.de\/wp\/wp-content\/uploads\/2024\/10\/Spatenstich-Seeberger-300x193.jpg 300w, https:\/\/gruppe.seeberger.de\/wp\/wp-content\/uploads\/2024\/10\/Spatenstich-Seeberger-1024x658.jpg 1024w, https:\/\/gruppe.seeberger.de\/wp\/wp-content\/uploads\/2024\/10\/Spatenstich-Seeberger-768x493.jpg 768w, https:\/\/gruppe.seeberger.de\/wp\/wp-content\/uploads\/2024\/10\/Spatenstich-Seeberger-1920x1233.jpg 1920w, https:\/\/gruppe.seeberger.de\/wp\/wp-content\/uploads\/2024\/10\/Spatenstich-Seeberger-1200x771.jpg 1200w, https:\/\/gruppe.seeberger.de\/wp\/wp-content\/uploads\/2024\/10\/Spatenstich-Seeberger-992x637.jpg 992w, https:\/\/gruppe.seeberger.de\/wp\/wp-content\/uploads\/2024\/10\/Spatenstich-Seeberger-480x308.jpg 480w\" sizes=\"auto, (max-width: 768px) 100vw, 768px\" \/>    <\/div>\n    <div class=\"see_blog__list__item__content\">\n        <h3 class=\"see_blog__list__item__content__title\">\n            Extension de la logistique par la construction d&#8217;un nouvel entrep\u00f4t \u00e0 hauts rayonnages        <\/h3>\n        <div class=\"see_blog__list__item__content__category\">\n            09.10.2024,\n            <span>Groupe Seeberger<\/span>, <span>Presse<\/span>        <\/div>\n\n        <div class=\"see_blog__list__item__content__description\">\n            Seeberger augmente ses capacit\u00e9s avec un entrep\u00f4t de stockage en hauteur suppl\u00e9mentaire et une extension de la logistique interne existante.        <\/div>\n    <\/div>\n<\/a>\n                                                                                                <a href=\"https:\/\/gruppe.seeberger.de\/fr\/blog\/communique-de-presse-sur-lexercice-2023-et-perspectives\/\"  class=\"see_blog__list__item see_blog__grid__item\">\n    <div class=\"see_blog__list__item__image\">\n        <img loading=\"lazy\" decoding=\"async\" width=\"496\" height=\"576\" src=\"https:\/\/gruppe.seeberger.de\/wp\/wp-content\/uploads\/2024\/07\/Seeberger_Nussroesterei1-2.jpg\" class=\"attachment-768x576 size-768x576\" alt=\"Nuss-R\u00f6sterei\" srcset=\"https:\/\/gruppe.seeberger.de\/wp\/wp-content\/uploads\/2024\/07\/Seeberger_Nussroesterei1-2.jpg 545w, https:\/\/gruppe.seeberger.de\/wp\/wp-content\/uploads\/2024\/07\/Seeberger_Nussroesterei1-2-258x300.jpg 258w, https:\/\/gruppe.seeberger.de\/wp\/wp-content\/uploads\/2024\/07\/Seeberger_Nussroesterei1-2-480x558.jpg 480w\" sizes=\"auto, (max-width: 496px) 100vw, 496px\" \/>    <\/div>\n    <div class=\"see_blog__list__item__content\">\n        <h3 class=\"see_blog__list__item__content__title\">\n            Communiqu\u00e9 de presse sur l&#8217;exercice 2023 et perspectives        <\/h3>\n        <div class=\"see_blog__list__item__content__category\">\n            15.07.2024,\n            <span>Groupe Seeberger<\/span>, <span>Presse<\/span>        <\/div>\n\n        <div class=\"see_blog__list__item__content__description\">\n            Seeberger termine l'ann\u00e9e 2023 de mani\u00e8re satisfaisante malgr\u00e9 un contexte difficile et continue \u00e0 mettre le cap sur la croissance pour 2024.        <\/div>\n    <\/div>\n<\/a>\n                                                                                                <div\n    class=\"see_blog__list__item see_blog__list__item__green see_blog__grid__item\">\n            <div class=\"see_blog__list__item__green__image\">\n            <img loading=\"lazy\" decoding=\"async\" width=\"169\" height=\"130\" src=\"https:\/\/gruppe.seeberger.de\/wp\/wp-content\/uploads\/2024\/02\/press.png\" class=\"attachment-see-sm size-see-sm\" alt=\"Icon mit Zeitung und Weltkugel\" \/>        <\/div>\n        <div class=\"see_blog__list__item__green__content\">\n                    <div class=\"see_blog__list__item__green__content__text\">\n                <h4 style=\"text-align: center;\">Presse<\/h4>\n<p style=\"text-align: center;\"><a href=\"https:\/\/gruppe.seeberger.de\/fr\/blog\/concept-seeberger-sur-la-loi-relative-aux-obligations-de-vigilance-de-la-chaine-dapprovisionnement-lksg\/\">Concept Seeberger sur<\/a><br \/>\nla loi relative aux obligations de vigilance de la cha\u00eene d\u2019approvisionnement<\/p>\n<p style=\"text-align: center;\"><a href=\"https:\/\/gruppe.seeberger.de\/fr\/blog\/participation-au-projet-de-recherche-bioval\/\">Participation au<\/a><br \/>\nprojet de recherche \u00ab BioVal \u00bb<\/p>\n<p style=\"text-align: center;\"><a href=\"https:\/\/gruppe.seeberger.de\/fr\/blog\/emballages-de-produits-contenant-30-de-materiaux-recycles\/\">Emballages de produits contenant<\/a><br \/>\n30 % de mat\u00e9riaux recycl\u00e9s<\/p>\n<p style=\"text-align: center;\"><a href=\"https:\/\/gruppe.seeberger.de\/fr\/blog\/notre-nouveau-rapport-sur-le-developpement-durable-est-disponible\/\">Notre nouveau<\/a><br \/>\nrapport annuel est disponible<\/p>\n            <\/div>\n        \n                    <div class=\"see_blog__list__item__green__content__links\">\n\n                                                    <a class=\"see_blog__list__item__green__content__links__right button button--outline--primary\" href=\"https:\/\/gruppe.seeberger.de\/fr\/presse\/\" target=\"_self\" rel=\"\" title=\"Contact presse\" style=\"\">Contact presse<\/a>                            <\/div>\n            <\/div>\n<\/div>\n                            <a href=\"https:\/\/gruppe.seeberger.de\/fr\/blog\/le-travail-de-durabilite-certifie-par-la-medaille-dargent-ecovadis\/\"  class=\"see_blog__list__item see_blog__grid__item\">\n    <div class=\"see_blog__list__item__image\">\n        <img loading=\"lazy\" decoding=\"async\" width=\"714\" height=\"576\" src=\"https:\/\/gruppe.seeberger.de\/wp\/wp-content\/uploads\/2024\/07\/IMG_0241-scaled.jpg\" class=\"attachment-768x576 size-768x576\" alt=\"Plantage mit bl\u00fchenden B\u00e4umen\" srcset=\"https:\/\/gruppe.seeberger.de\/wp\/wp-content\/uploads\/2024\/07\/IMG_0241-scaled.jpg 2560w, https:\/\/gruppe.seeberger.de\/wp\/wp-content\/uploads\/2024\/07\/IMG_0241-300x242.jpg 300w, https:\/\/gruppe.seeberger.de\/wp\/wp-content\/uploads\/2024\/07\/IMG_0241-1024x827.jpg 1024w, https:\/\/gruppe.seeberger.de\/wp\/wp-content\/uploads\/2024\/07\/IMG_0241-768x620.jpg 768w, https:\/\/gruppe.seeberger.de\/wp\/wp-content\/uploads\/2024\/07\/IMG_0241-1920x1550.jpg 1920w, https:\/\/gruppe.seeberger.de\/wp\/wp-content\/uploads\/2024\/07\/IMG_0241-1200x969.jpg 1200w, https:\/\/gruppe.seeberger.de\/wp\/wp-content\/uploads\/2024\/07\/IMG_0241-992x801.jpg 992w, https:\/\/gruppe.seeberger.de\/wp\/wp-content\/uploads\/2024\/07\/IMG_0241-480x387.jpg 480w\" sizes=\"auto, (max-width: 714px) 100vw, 714px\" \/>    <\/div>\n    <div class=\"see_blog__list__item__content\">\n        <h3 class=\"see_blog__list__item__content__title\">\n            Le travail de durabilit\u00e9 r\u00e9compens\u00e9 par la m\u00e9daille d&#8217;argent EcoVadis        <\/h3>\n        <div class=\"see_blog__list__item__content__category\">\n            03.07.2024,\n            <span>Durabilit\u00e9<\/span>, <span>Groupe Seeberger<\/span>        <\/div>\n\n        <div class=\"see_blog__list__item__content__description\">\n            Apr\u00e8s avoir obtenu le bronze en 2023, nous nous sommes encore am\u00e9lior\u00e9s cette ann\u00e9e en obtenant la m\u00e9daille d'argent du classement EcoVadis sur le d\u00e9veloppement durable .        <\/div>\n    <\/div>\n<\/a>\n                                                                                                <a href=\"https:\/\/gruppe.seeberger.de\/fr\/blog\/seeberger-remporte-le-prix-marketing-dulm-2023\/\"  class=\"see_blog__list__item see_blog__grid__item\">\n    <div class=\"see_blog__list__item__image\">\n        <img loading=\"lazy\" decoding=\"async\" width=\"768\" height=\"576\" src=\"https:\/\/gruppe.seeberger.de\/wp\/wp-content\/uploads\/2024\/03\/Marketingpreis-768x576.webp\" class=\"attachment-768x576 size-768x576\" alt=\"Marketingteam mit Ulmer Marketing Preis\" srcset=\"https:\/\/gruppe.seeberger.de\/wp\/wp-content\/uploads\/2024\/03\/Marketingpreis-768x576.webp 768w, https:\/\/gruppe.seeberger.de\/wp\/wp-content\/uploads\/2024\/03\/Marketingpreis-300x225.webp 300w, https:\/\/gruppe.seeberger.de\/wp\/wp-content\/uploads\/2024\/03\/Marketingpreis-480x360.webp 480w, https:\/\/gruppe.seeberger.de\/wp\/wp-content\/uploads\/2024\/03\/Marketingpreis.webp 960w\" sizes=\"auto, (max-width: 768px) 100vw, 768px\" \/>    <\/div>\n    <div class=\"see_blog__list__item__content\">\n        <h3 class=\"see_blog__list__item__content__title\">\n            Seeberger remporte le prix marketing d&#8217;Ulm 2023        <\/h3>\n        <div class=\"see_blog__list__item__content__category\">\n            17.11.2023,\n            <span>Snacks<\/span>        <\/div>\n\n        <div class=\"see_blog__list__item__content__description\">\n            Nous remportons cette ann\u00e9e le premier prix du prestigieux Ulmer Marketing Award 2023.        <\/div>\n    <\/div>\n<\/a>\n                                                                                                <a href=\"https:\/\/gruppe.seeberger.de\/fr\/blog\/prix-dencouragement-du-pain-de-sucre-dor-2023-pour-notre-collaboratrice-julia-herrmann\/\"  class=\"see_blog__list__item see_blog__grid__item\">\n    <div class=\"see_blog__list__item__image\">\n        <img loading=\"lazy\" decoding=\"async\" width=\"432\" height=\"576\" src=\"https:\/\/gruppe.seeberger.de\/wp\/wp-content\/uploads\/2024\/02\/Julia_Herrmann.webp\" class=\"attachment-768x576 size-768x576\" alt=\"Mitarbeiterin Julia Herrmann umrahmt von Gesch\u00e4ftsf\u00fchrer Ralph Beranek und Vertriebsleiter Sven Eckartsberg\" srcset=\"https:\/\/gruppe.seeberger.de\/wp\/wp-content\/uploads\/2024\/02\/Julia_Herrmann.webp 720w, https:\/\/gruppe.seeberger.de\/wp\/wp-content\/uploads\/2024\/02\/Julia_Herrmann-225x300.webp 225w, https:\/\/gruppe.seeberger.de\/wp\/wp-content\/uploads\/2024\/02\/Julia_Herrmann-480x640.webp 480w\" sizes=\"auto, (max-width: 432px) 100vw, 432px\" \/>    <\/div>\n    <div class=\"see_blog__list__item__content\">\n        <h3 class=\"see_blog__list__item__content__title\">\n            Prix d&#8217;encouragement du Pain de Sucre d&#8217;Or 2023 pour notre collaboratrice Julia Herrmann        <\/h3>\n        <div class=\"see_blog__list__item__content__category\">\n            17.11.2023,\n            <span>Groupe Seeberger<\/span>        <\/div>\n\n        <div class=\"see_blog__list__item__content__description\">\n            Notre coll\u00e8gue Julia Herrmann, l'un des dix jeunes talents de l'industrie alimentaire, remporte le prix d'encouragement de la Fondation du pain de sucre d'or.        <\/div>\n    <\/div>\n<\/a>\n                                                                        <\/div>\n\n\n        <div class=\"see_loader\">\n    <div class=\"ppi_row text-center\">\n        <div class=\"ppi_col-xs-12\">\n            <div class=\"see_loader__spinner\">\n                <span><\/span>\n                <span><\/span>\n                <span><\/span>\n            <\/div>\n        <\/div>\n    <\/div>\n<\/div>\n\n                    <div class=\"see_blog__load-more\">\n                <div class=\"ppi_row text-center\">\n                    <div class=\"ppi_col-xs-12\">\n                                                    <a href=\"#\"\n                               class=\"button button--outline load-more-button\" >\n                                Plus d'articles                            <\/a>\n                                            <\/div>\n                <\/div>\n            <\/div>\n            \n    <\/div>\n[\/vc_column][\/vc_row]<\/div>","protected":false},"excerpt":{"rendered":"[vc_row ppi_row_padding=&#8221;ppi_remove_padding_top&#8221; full_width=&#8221;stretch_row&#8221; ppi_decoration_top=&#8221;right&#8221; ppi_decoration_top_color=&#8221;#B3D57C&#8221; ppi_decoration_bottom=&#8221;left&#8221; ppi_decoration_bottom_color=&#8221;#275D38&#8243; ppi_decoration_bottom_angle=&#8221;descending&#8221;][vc_column][vc_column_text] Actualit\u00e9s et nouvelles du Groupe Seeberger [\/vc_column_text][\/vc_column][\/vc_row][vc_row][vc_column][\/vc_column][\/vc_row]","protected":false},"author":3,"featured_media":0,"parent":1569,"menu_order":0,"comment_status":"closed","ping_status":"closed","template":"","meta":{"_acf_changed":false,"inline_featured_image":false,"footnotes":""},"class_list":["post-1572","page","type-page","status-publish","hentry"],"acf":[],"yoast_head":"<!-- This site is optimized with the Yoast SEO plugin v27.2 - https:\/\/yoast.com\/product\/yoast-seo-wordpress\/ -->\n<title>Actualit\u00e9s | Aper\u00e7u des nouvelles du Groupe Seeberger<\/title>\n<meta name=\"description\" content=\"Toutes les nouvelles et les mises \u00e0 jour sur le quotidien d\u2019entreprise du Groupe Seeberger.\" \/>\n<meta name=\"robots\" content=\"index, follow, max-snippet:-1, max-image-preview:large, max-video-preview:-1\" \/>\n<link rel=\"canonical\" href=\"https:\/\/gruppe.seeberger.de\/fr\/ce-que-nous-sommes\/actualites\/\" \/>\n<meta property=\"og:locale\" content=\"fr_FR\" \/>\n<meta property=\"og:type\" content=\"article\" \/>\n<meta property=\"og:title\" content=\"Actualit\u00e9s | Aper\u00e7u des nouvelles du Groupe Seeberger\" \/>\n<meta property=\"og:description\" content=\"Toutes les nouvelles et les mises \u00e0 jour sur le quotidien d\u2019entreprise du Groupe Seeberger.\" \/>\n<meta property=\"og:url\" content=\"https:\/\/gruppe.seeberger.de\/fr\/ce-que-nous-sommes\/actualites\/\" \/>\n<meta property=\"og:site_name\" content=\"Seeberger Gruppe\" \/>\n<meta property=\"article:publisher\" content=\"https:\/\/www.facebook.com\/seeberger.de\" \/>\n<meta property=\"article:modified_time\" content=\"2024-05-13T08:33:26+00:00\" \/>\n<meta property=\"og:image\" content=\"https:\/\/gruppe.seeberger.de\/wp\/wp-content\/uploads\/2024\/05\/Seeberger_Genusswelt_Aussenansicht.jpg\" \/>\n\t<meta property=\"og:image:width\" content=\"1200\" \/>\n\t<meta property=\"og:image:height\" content=\"832\" \/>\n\t<meta property=\"og:image:type\" content=\"image\/jpeg\" \/>\n<meta name=\"twitter:card\" content=\"summary_large_image\" \/>\n<meta name=\"twitter:label1\" content=\"Est. reading time\" \/>\n\t<meta name=\"twitter:data1\" content=\"1 minute\" \/>\n<script type=\"application\/ld+json\" class=\"yoast-schema-graph\">{\"@context\":\"https:\/\/schema.org\",\"@graph\":[{\"@type\":\"WebPage\",\"@id\":\"https:\/\/gruppe.seeberger.de\/fr\/ce-que-nous-sommes\/actualites\/\",\"url\":\"https:\/\/gruppe.seeberger.de\/fr\/ce-que-nous-sommes\/actualites\/\",\"name\":\"Actualit\u00e9s | Aper\u00e7u des nouvelles du Groupe Seeberger\",\"isPartOf\":{\"@id\":\"https:\/\/gruppe.seeberger.de\/fr\/#website\"},\"datePublished\":\"2024-02-15T08:12:02+00:00\",\"dateModified\":\"2024-05-13T08:33:26+00:00\",\"description\":\"Toutes les nouvelles et les mises \u00e0 jour sur le quotidien d\u2019entreprise du Groupe Seeberger.\",\"breadcrumb\":{\"@id\":\"https:\/\/gruppe.seeberger.de\/fr\/ce-que-nous-sommes\/actualites\/#breadcrumb\"},\"inLanguage\":\"fr-FR\",\"potentialAction\":[{\"@type\":\"ReadAction\",\"target\":[\"https:\/\/gruppe.seeberger.de\/fr\/ce-que-nous-sommes\/actualites\/\"]}]},{\"@type\":\"BreadcrumbList\",\"@id\":\"https:\/\/gruppe.seeberger.de\/fr\/ce-que-nous-sommes\/actualites\/#breadcrumb\",\"itemListElement\":[{\"@type\":\"ListItem\",\"position\":1,\"name\":\"Home\",\"item\":\"https:\/\/gruppe.seeberger.de\/fr\/\"},{\"@type\":\"ListItem\",\"position\":2,\"name\":\"Ce que nous sommes\",\"item\":\"https:\/\/gruppe.seeberger.de\/fr\/ce-que-nous-sommes\/\"},{\"@type\":\"ListItem\",\"position\":3,\"name\":\"Actualit\u00e9s\"}]},{\"@type\":\"WebSite\",\"@id\":\"https:\/\/gruppe.seeberger.de\/fr\/#website\",\"url\":\"https:\/\/gruppe.seeberger.de\/fr\/\",\"name\":\"Seeberger Gruppe Website\",\"description\":\"Ein Familienunternehmen mit Tradition\",\"publisher\":{\"@id\":\"https:\/\/gruppe.seeberger.de\/fr\/#organization\"},\"alternateName\":\"Seeberger Gruppe\",\"potentialAction\":[{\"@type\":\"SearchAction\",\"target\":{\"@type\":\"EntryPoint\",\"urlTemplate\":\"https:\/\/gruppe.seeberger.de\/fr\/?s={search_term_string}\"},\"query-input\":{\"@type\":\"PropertyValueSpecification\",\"valueRequired\":true,\"valueName\":\"search_term_string\"}}],\"inLanguage\":\"fr-FR\"},{\"@type\":\"Organization\",\"@id\":\"https:\/\/gruppe.seeberger.de\/fr\/#organization\",\"name\":\"Seeberger Gruppe\",\"url\":\"https:\/\/gruppe.seeberger.de\/fr\/\",\"logo\":{\"@type\":\"ImageObject\",\"inLanguage\":\"fr-FR\",\"@id\":\"https:\/\/gruppe.seeberger.de\/fr\/#\/schema\/logo\/image\/\",\"url\":\"https:\/\/gruppe.seeberger.de\/wp-content\/uploads\/2024\/03\/seeberger-gruppe-logo.svg\",\"contentUrl\":\"https:\/\/gruppe.seeberger.de\/wp-content\/uploads\/2024\/03\/seeberger-gruppe-logo.svg\",\"width\":224,\"height\":64,\"caption\":\"Seeberger Gruppe\"},\"image\":{\"@id\":\"https:\/\/gruppe.seeberger.de\/fr\/#\/schema\/logo\/image\/\"},\"sameAs\":[\"https:\/\/www.facebook.com\/seeberger.de\",\"https:\/\/www.youtube.com\/channel\/UC1ZsMjWjwtYtlymi5VKdRqA\",\"https:\/\/www.instagram.com\/seeberger_1844\/\",\"https:\/\/www.xing.com\/pages\/seebergergmbh\",\"http:\/\/www.linkedin.com\/company\/seeberger\"]}]}<\/script>\n<!-- \/ Yoast SEO plugin. -->","yoast_head_json":{"title":"Actualit\u00e9s | Aper\u00e7u des nouvelles du Groupe Seeberger","description":"Toutes les nouvelles et les mises \u00e0 jour sur le quotidien d\u2019entreprise du Groupe Seeberger.","robots":{"index":"index","follow":"follow","max-snippet":"max-snippet:-1","max-image-preview":"max-image-preview:large","max-video-preview":"max-video-preview:-1"},"canonical":"https:\/\/gruppe.seeberger.de\/fr\/ce-que-nous-sommes\/actualites\/","og_locale":"fr_FR","og_type":"article","og_title":"Actualit\u00e9s | Aper\u00e7u des nouvelles du Groupe Seeberger","og_description":"Toutes les nouvelles et les mises \u00e0 jour sur le quotidien d\u2019entreprise du Groupe Seeberger.","og_url":"https:\/\/gruppe.seeberger.de\/fr\/ce-que-nous-sommes\/actualites\/","og_site_name":"Seeberger Gruppe","article_publisher":"https:\/\/www.facebook.com\/seeberger.de","article_modified_time":"2024-05-13T08:33:26+00:00","og_image":[{"width":1200,"height":832,"url":"https:\/\/gruppe.seeberger.de\/wp\/wp-content\/uploads\/2024\/05\/Seeberger_Genusswelt_Aussenansicht.jpg","type":"image\/jpeg"}],"twitter_card":"summary_large_image","twitter_misc":{"Est. reading time":"1 minute"},"schema":{"@context":"https:\/\/schema.org","@graph":[{"@type":"WebPage","@id":"https:\/\/gruppe.seeberger.de\/fr\/ce-que-nous-sommes\/actualites\/","url":"https:\/\/gruppe.seeberger.de\/fr\/ce-que-nous-sommes\/actualites\/","name":"Actualit\u00e9s | Aper\u00e7u des nouvelles du Groupe Seeberger","isPartOf":{"@id":"https:\/\/gruppe.seeberger.de\/fr\/#website"},"datePublished":"2024-02-15T08:12:02+00:00","dateModified":"2024-05-13T08:33:26+00:00","description":"Toutes les nouvelles et les mises \u00e0 jour sur le quotidien d\u2019entreprise du Groupe Seeberger.","breadcrumb":{"@id":"https:\/\/gruppe.seeberger.de\/fr\/ce-que-nous-sommes\/actualites\/#breadcrumb"},"inLanguage":"fr-FR","potentialAction":[{"@type":"ReadAction","target":["https:\/\/gruppe.seeberger.de\/fr\/ce-que-nous-sommes\/actualites\/"]}]},{"@type":"BreadcrumbList","@id":"https:\/\/gruppe.seeberger.de\/fr\/ce-que-nous-sommes\/actualites\/#breadcrumb","itemListElement":[{"@type":"ListItem","position":1,"name":"Home","item":"https:\/\/gruppe.seeberger.de\/fr\/"},{"@type":"ListItem","position":2,"name":"Ce que nous sommes","item":"https:\/\/gruppe.seeberger.de\/fr\/ce-que-nous-sommes\/"},{"@type":"ListItem","position":3,"name":"Actualit\u00e9s"}]},{"@type":"WebSite","@id":"https:\/\/gruppe.seeberger.de\/fr\/#website","url":"https:\/\/gruppe.seeberger.de\/fr\/","name":"Seeberger Gruppe Website","description":"Ein Familienunternehmen mit Tradition","publisher":{"@id":"https:\/\/gruppe.seeberger.de\/fr\/#organization"},"alternateName":"Seeberger Gruppe","potentialAction":[{"@type":"SearchAction","target":{"@type":"EntryPoint","urlTemplate":"https:\/\/gruppe.seeberger.de\/fr\/?s={search_term_string}"},"query-input":{"@type":"PropertyValueSpecification","valueRequired":true,"valueName":"search_term_string"}}],"inLanguage":"fr-FR"},{"@type":"Organization","@id":"https:\/\/gruppe.seeberger.de\/fr\/#organization","name":"Seeberger Gruppe","url":"https:\/\/gruppe.seeberger.de\/fr\/","logo":{"@type":"ImageObject","inLanguage":"fr-FR","@id":"https:\/\/gruppe.seeberger.de\/fr\/#\/schema\/logo\/image\/","url":"https:\/\/gruppe.seeberger.de\/wp-content\/uploads\/2024\/03\/seeberger-gruppe-logo.svg","contentUrl":"https:\/\/gruppe.seeberger.de\/wp-content\/uploads\/2024\/03\/seeberger-gruppe-logo.svg","width":224,"height":64,"caption":"Seeberger Gruppe"},"image":{"@id":"https:\/\/gruppe.seeberger.de\/fr\/#\/schema\/logo\/image\/"},"sameAs":["https:\/\/www.facebook.com\/seeberger.de","https:\/\/www.youtube.com\/channel\/UC1ZsMjWjwtYtlymi5VKdRqA","https:\/\/www.instagram.com\/seeberger_1844\/","https:\/\/www.xing.com\/pages\/seebergergmbh","http:\/\/www.linkedin.com\/company\/seeberger"]}]}},"_links":{"self":[{"href":"https:\/\/gruppe.seeberger.de\/fr\/wp-json\/wp\/v2\/pages\/1572","targetHints":{"allow":["GET"]}}],"collection":[{"href":"https:\/\/gruppe.seeberger.de\/fr\/wp-json\/wp\/v2\/pages"}],"about":[{"href":"https:\/\/gruppe.seeberger.de\/fr\/wp-json\/wp\/v2\/types\/page"}],"author":[{"embeddable":true,"href":"https:\/\/gruppe.seeberger.de\/fr\/wp-json\/wp\/v2\/users\/3"}],"replies":[{"embeddable":true,"href":"https:\/\/gruppe.seeberger.de\/fr\/wp-json\/wp\/v2\/comments?post=1572"}],"version-history":[{"count":19,"href":"https:\/\/gruppe.seeberger.de\/fr\/wp-json\/wp\/v2\/pages\/1572\/revisions"}],"predecessor-version":[{"id":3256,"href":"https:\/\/gruppe.seeberger.de\/fr\/wp-json\/wp\/v2\/pages\/1572\/revisions\/3256"}],"up":[{"embeddable":true,"href":"https:\/\/gruppe.seeberger.de\/fr\/wp-json\/wp\/v2\/pages\/1569"}],"wp:attachment":[{"href":"https:\/\/gruppe.seeberger.de\/fr\/wp-json\/wp\/v2\/media?parent=1572"}],"curies":[{"name":"wp","href":"https:\/\/api.w.org\/{rel}","templated":true}]}}