{"id":1684,"date":"2024-02-19T14:38:20","date_gmt":"2024-02-19T13:38:20","guid":{"rendered":"https:\/\/gruppe.seeberger.de\/durabilite\/le-dispositif-de-lancement-dalerte-chez-seeberger\/"},"modified":"2025-07-23T08:50:14","modified_gmt":"2025-07-23T06:50:14","slug":"le-dispositif-de-lancement-dalerte-chez-seeberger","status":"publish","type":"page","link":"https:\/\/gruppe.seeberger.de\/fr\/ce-que-nous-sommes\/le-dispositif-de-lancement-dalerte-chez-seeberger\/","title":{"rendered":"Le dispositif de lancement d\u2019alerte chez Seeberger"},"content":{"rendered":"<div class=\"wpb-content-wrapper\">[vc_row ppi_content_type=&#8221;ppi_content_width_medium&#8221; full_width=&#8221;stretch_row_content_no_spaces&#8221; ppi_decoration_top=&#8221;right&#8221; ppi_decoration_top_color=&#8221;#275D38&#8243; ppi_decoration_bottom=&#8221;left&#8221; ppi_decoration_bottom_color=&#8221;#B3D57C&#8221; ppi_decoration_bottom_angle=&#8221;descending&#8221;][vc_column][vc_column_text]\r\n<h1 style=\"text-align: center\">La conformit\u00e9 dans Seeberger<\/h1>\r\n[\/vc_column_text][\/vc_column][\/vc_row][vc_row ppi_content_type=&#8221;ppi_content_width_medium&#8221;][vc_column][vc_column_text]\r\n<h2 style=\"text-align: center\">Guide pour une action responsable<\/h2>\r\n<p style=\"text-align: center\">Chez Seeberger, nous avons \u00e0 c\u0153ur non seulement de nous conformer aux lois et aux r\u00e9glementations, mais aussi de cr\u00e9er une atmosph\u00e8re de proximit\u00e9 et de confiance, dans laquelle chacune et chacun se sente bien accueilli et en s\u00e9curit\u00e9. La conformit\u00e9 est donc plus qu\u2019un devoir, elle est l\u2019expression de notre engagement en faveur de l\u2019int\u00e9grit\u00e9 et de l\u2019\u00e9quit\u00e9.<\/p>\r\n[\/vc_column_text][\/vc_column][\/vc_row][vc_row ppi_row_type=&#8221;ppi_light_bg&#8221; full_width=&#8221;stretch_row&#8221;][vc_column][vc_column_text]\r\n<h2 style=\"text-align: center\">Nos principes de conformit\u00e9<\/h2>\r\n[\/vc_column_text]<div class=\"see_icon_module\"><div class=\"see_icon_module-slider swiper swiper-icon-module-slider swiper-69e070ed16c29\" data-swiperID=\"69e070ed16c29\"><div class=\"swiper-wrapper\"><div class=\"see_icon_module__item swiper-slide\">\n            <div class=\"see_icon_module__item__image\">\n            <img loading=\"lazy\" decoding=\"async\" width=\"295\" height=\"295\" src=\"https:\/\/gruppe.seeberger.de\/wp\/wp-content\/uploads\/2024\/05\/Icon_GesetzlicheVorgaben-1.svg\" class=\"attachment-see-md size-see-md\" alt=\"Icon, das ein Gesetzbuch vor einem gr\u00fcnen Globus darstellt.\" \/>        <\/div>\n        <div class=\"see_icon_module__item__description\">\n        <span class=\"h3\">Respect des dispositions l\u00e9gales<\/span>        <p>Nous prenons au s\u00e9rieux notre responsabilit\u00e9 envers la soci\u00e9t\u00e9 et nous nous conformons strictement \u00e0 toutes les lois et r\u00e9glementations nationales et internationales qui ont une incidence sur notre travail.<\/p>            <\/div>\n<\/div>\n<div class=\"see_icon_module__item swiper-slide\">\n            <div class=\"see_icon_module__item__image\">\n            <img loading=\"lazy\" decoding=\"async\" width=\"295\" height=\"295\" src=\"https:\/\/gruppe.seeberger.de\/wp\/wp-content\/uploads\/2024\/05\/Icon_FaiesWettbewerbgsverhalten.svg\" class=\"attachment-see-md size-see-md\" alt=\"Icon zu Wettbewerbsverhalten: H\u00e4ndesch\u00fctteln und dar\u00fcberstehende Waage\" \/>        <\/div>\n        <div class=\"see_icon_module__item__description\">\n        <span class=\"h3\">Comportement \u00e9quitable face \u00e0 la concurrence<\/span>        <p>Nous croyons chez Seeberger \u00e0 la concurrence loyale et nous nous engageons contre la corruption, la subornation et les ententes d\u00e9loyales.<\/p>            <\/div>\n<\/div>\n<div class=\"see_icon_module__item swiper-slide\">\n            <div class=\"see_icon_module__item__image\">\n            <img loading=\"lazy\" decoding=\"async\" width=\"295\" height=\"295\" src=\"https:\/\/gruppe.seeberger.de\/wp\/wp-content\/uploads\/2024\/05\/Icon_Integritaet-Transparenz.svg\" class=\"attachment-see-md size-see-md\" alt=\"Icon, das ein aufgeschlagenes Buch neben einer gr\u00fcnen Lupe darstellt.\" \/>        <\/div>\n        <div class=\"see_icon_module__item__description\">\n        <span class=\"h3\">Int\u00e9grit\u00e9 et transparence<\/span>        <p>Notre culture d\u2019entreprise est caract\u00e9ris\u00e9e par l\u2019ouverture d\u2019esprit et l\u2019honn\u00eatet\u00e9. Nous agissons de mani\u00e8re transparente et intelligible, car nous savons que la confiance est la base de bonnes relations.<\/p>            <\/div>\n<\/div>\n<div class=\"see_icon_module__item swiper-slide\">\n            <div class=\"see_icon_module__item__image\">\n            <img loading=\"lazy\" decoding=\"async\" width=\"295\" height=\"295\" src=\"https:\/\/gruppe.seeberger.de\/wp\/wp-content\/uploads\/2024\/05\/Icon_Repekt_Menschenrechte.svg\" class=\"attachment-see-md size-see-md\" alt=\"Icon, das drei illustrierte Personen unter einer Balkenwaage darstellt.\" \/>        <\/div>\n        <div class=\"see_icon_module__item__description\">\n        <span class=\"h3\">Respect des droits de l\u2019homme<\/span>        <p>Nous respectons les droits de l\u2019homme tout le long de notre cha\u00eene d\u2019approvisionnement et promouvons des environnements de travail caract\u00e9ris\u00e9s par la diversit\u00e9 et le respect.<\/p>            <\/div>\n<\/div>\n<\/div><\/div><div class=\"swiper-pagination\"><\/div><\/div>[vc_column_text]\r\n<p style=\"text-align: center\">Notre <strong><a href=\"https:\/\/gruppe.seeberger.de\/wp\/wp-content\/uploads\/2024\/11\/241108_Code_of_Conduct_FRZ_A4_Web.pdf\" target=\"_blank\" rel=\"noopener\">Code de conduite<\/a><\/strong> vous en apprendra davantage sur nos principes de conformit\u00e9 et sur nos valeurs d\u2019entreprise, ainsi que sur la mani\u00e8re dont nous les mettons en pratique.<\/p>\r\n<p style=\"text-align: center\">Notre <strong><a href=\"https:\/\/gruppe.seeberger.de\/wp\/wp-content\/uploads\/2025\/07\/Seeberger-Supplier-and-Business-Partner-Code-of-Conduct_Englisch.pdf\" target=\"_blank\" rel=\"noopener\">Code de conduite des fournisseurs et partenaires<\/a><\/strong> commerciaux \u00e9tablit ces principes comme base de notre coop\u00e9ration avec les fournisseurs et partenaires commerciaux. De cette mani\u00e8re, nous encourageons la responsabilit\u00e9, la durabilit\u00e9 et l&#8217;int\u00e9grit\u00e9 tout au long de notre cha\u00eene d&#8217;approvisionnement.<\/p>\r\n[\/vc_column_text][\/vc_column][\/vc_row][vc_row ppi_content_type=&#8221;ppi_content_width_medium&#8221;][vc_column][vc_column_text]\r\n<h2 style=\"text-align: center\">Notre syst\u00e8me de gestion de la conformit\u00e9 (SGC)<\/h2>\r\n<p style=\"text-align: center\">Notre syst\u00e8me de gestion de la conformit\u00e9 est la colonne vert\u00e9brale de notre engagement en faveur d\u2019une action en tous points conforme aux r\u00e8gles. Il garantit que nos principes sont concr\u00e9tis\u00e9s dans tous les domaines de l\u2019entreprise. L\u2019organisation de notre syst\u00e8me de conformit\u00e9 veille \u00e0 ce que nos pratiques commerciales r\u00e9pondent toujours aux normes les plus strictes, propose des formations et une assistance aux collaborateurs et supervise le respect des dispositions l\u00e9gales.<\/p>\r\n[\/vc_column_text][\/vc_column][\/vc_row][vc_row ppi_row_type=&#8221;ppi_light_bg&#8221; ppi_content_type=&#8221;ppi_content_width_medium&#8221; full_width=&#8221;stretch_row&#8221;][vc_column][vc_column_text]\r\n<h2 style=\"text-align: center\">Notre dispositif de lancement d\u2019alerte<\/h2>\r\n<p style=\"text-align: center\">Nous consid\u00e9rons chez Seeberger qu\u2019il est essentiel de d\u00e9tecter de mani\u00e8re pr\u00e9coce les infractions \u00e0 la conformit\u00e9 et d\u2019y rem\u00e9dier. Pour cette raison, nous avons instaur\u00e9 un dispositif de lancement d\u2019alerte par lequel vous pouvez nous faire part de vos doutes et de vos remarques \u2013 en toute franchise, de mani\u00e8re anonyme et directe. Vos pr\u00e9occupations nous importent, et nous vous garantissons un dialogue confidentiel et s\u00e9curis\u00e9.<\/p>\r\n<p style=\"text-align: center\">Vous pouvez ais\u00e9ment communiquer un signalement en cliquant sur le bouton \u00ab Faire un signalement \u00bb. Une fois le signalement envoy\u00e9, une bo\u00eete aux lettres anonyme est automatiquement cr\u00e9\u00e9e sur le portail. Vous y acc\u00e9dez en cliquant sur le bouton \u00ab Bo\u00eete de signalement \u00bb. Celle-ci nous permet de communiquer plus facilement avec vous, notamment si des questions devaient se poser \u2013 et ce, sans compromettre votre anonymat.<\/p>\r\n[\/vc_column_text][\/vc_column][\/vc_row][vc_row ppi_row_type=&#8221;ppi_light_bg&#8221; ppi_row_padding=&#8221;ppi_remove_padding_top&#8221; full_width=&#8221;stretch_row&#8221;][vc_column][vc_column_text]\r\n<p style=\"text-align: center\"><a class=\"button button--outline--primary button--big\" href=\"https:\/\/app.meldesystem.eu\/ords\/f?p=702:999:0::::X:1A8NVBHL5JYMJsobDC0iIYNfKU5JP5KQM_AMMRsatvOZ3KrLqtqhylQrmx3g22iRvsN5CaBV6B4FmRaBd01Qfg8SymYhuCeQ\" target=\"_blank\" rel=\"noopener\">Faire un signalement<\/a><\/p>\r\n[\/vc_column_text][\/vc_column][\/vc_row][vc_row ppi_row_type=&#8221;ppi_light_bg&#8221; ppi_row_padding=&#8221;ppi_remove_padding_top&#8221; full_width=&#8221;stretch_row&#8221;][vc_column][vc_column_text]\r\n<p style=\"text-align: center\"><strong>Notre r\u00e8glement de proc\u00e9dure explique plus en d\u00e9tail la mani\u00e8re dont nous traitons les alertes et les r\u00e9clamations.<\/strong><\/p>\r\n[\/vc_column_text]<div class=\"see_image \"><figure><img loading=\"lazy\" decoding=\"async\" width=\"1200\" height=\"925\" src=\"https:\/\/gruppe.seeberger.de\/wp\/wp-content\/uploads\/2024\/05\/Schaubild_Hinweisgebersystem_FRA.svg\" class=\"attachment-see-lg size-see-lg\" alt=\"\" \/><\/figure><\/div>[\/vc_column][\/vc_row][vc_row ppi_content_type=&#8221;ppi_content_width_medium&#8221;][vc_column][vc_column_text]\r\n<h2 style=\"text-align: center\">Vous pouvez aussi nous contacter d\u2019une autre mani\u00e8re :<\/h2>\r\n<p style=\"text-align: center\">Par courriel : <a href=\"mailto:compliance@seeberger.de\">compliance@seeberger.de<\/a><\/p>\r\n<p style=\"text-align: center\">Par t\u00e9l\u00e9phone : +49(0) 731 40 93 20 10<\/p>\r\n<p style=\"text-align: center\">Ou par courrier postal :\r\nSeeberger GmbH\r\nc\/o Service de conformit\u00e9\r\nHans-Lorenser-Str. 36\r\n89079 Ulm\r\nAllemagne<\/p>\r\n<p style=\"text-align: center\">Nous sommes l\u00e0 pour vous \u00e9couter et pour examiner toute alerte avec le plus grand soin. Aidez-nous \u00e0 d\u00e9tecter les comportements inappropri\u00e9s \u00e0 un stade pr\u00e9coce. Votre soutien nous donne les moyens de garantir notre int\u00e9grit\u00e9 et notre fiabilit\u00e9, et par cons\u00e9quent aussi notre succ\u00e8s.<\/p>\r\n[\/vc_column_text]<div class=\"ppi_spacer\" style=\"height: 50px\"><\/div>[\/vc_column][\/vc_row]<\/div>","protected":false},"excerpt":{"rendered":"[vc_row ppi_content_type=&#8221;ppi_content_width_medium&#8221; full_width=&#8221;stretch_row_content_no_spaces&#8221; ppi_decoration_top=&#8221;right&#8221; ppi_decoration_top_color=&#8221;#275D38&#8243; ppi_decoration_bottom=&#8221;left&#8221; ppi_decoration_bottom_color=&#8221;#B3D57C&#8221; ppi_decoration_bottom_angle=&#8221;descending&#8221;][vc_column][vc_column_text] La conformit\u00e9 dans Seeberger [\/vc_column_text][\/vc_column][\/vc_row][vc_row ppi_content_type=&#8221;ppi_content_width_medium&#8221;][vc_column][vc_column_text] Guide pour une action responsable Chez Seeberger, nous avons \u00e0 c\u0153ur non seulement de nous conformer aux lois et aux r\u00e9glementations, mais aussi de cr\u00e9er une atmosph\u00e8re de proximit\u00e9 et de confiance, dans laquelle chacune et chacun se sente bien accueilli [&hellip;]","protected":false},"author":6,"featured_media":0,"parent":1569,"menu_order":0,"comment_status":"closed","ping_status":"closed","template":"","meta":{"_acf_changed":false,"inline_featured_image":false,"footnotes":""},"class_list":["post-1684","page","type-page","status-publish","hentry"],"acf":[],"yoast_head":"<!-- This site is optimized with the Yoast SEO plugin v27.2 - https:\/\/yoast.com\/product\/yoast-seo-wordpress\/ -->\n<title>Le dispositif de lancement d\u2019alerte chez Seeberger - Seeberger Gruppe<\/title>\n<meta name=\"robots\" content=\"index, follow, max-snippet:-1, max-image-preview:large, max-video-preview:-1\" \/>\n<link rel=\"canonical\" href=\"https:\/\/gruppe.seeberger.de\/fr\/ce-que-nous-sommes\/le-dispositif-de-lancement-dalerte-chez-seeberger\/\" \/>\n<meta property=\"og:locale\" content=\"fr_FR\" \/>\n<meta property=\"og:type\" content=\"article\" \/>\n<meta property=\"og:title\" content=\"Le dispositif de lancement d\u2019alerte chez Seeberger - Seeberger Gruppe\" \/>\n<meta property=\"og:description\" content=\"[vc_row ppi_content_type=&#8221;ppi_content_width_medium&#8221; full_width=&#8221;stretch_row_content_no_spaces&#8221; ppi_decoration_top=&#8221;right&#8221; ppi_decoration_top_color=&#8221;#275D38&#8243; ppi_decoration_bottom=&#8221;left&#8221; ppi_decoration_bottom_color=&#8221;#B3D57C&#8221; ppi_decoration_bottom_angle=&#8221;descending&#8221;][vc_column][vc_column_text] La conformit\u00e9 dans Seeberger [\/vc_column_text][\/vc_column][\/vc_row][vc_row ppi_content_type=&#8221;ppi_content_width_medium&#8221;][vc_column][vc_column_text] Guide pour une action responsable Chez Seeberger, nous avons \u00e0 c\u0153ur non seulement de nous conformer aux lois et aux r\u00e9glementations, mais aussi de cr\u00e9er une atmosph\u00e8re de proximit\u00e9 et de confiance, dans laquelle chacune et chacun se sente bien accueilli [&hellip;]\" \/>\n<meta property=\"og:url\" content=\"https:\/\/gruppe.seeberger.de\/fr\/ce-que-nous-sommes\/le-dispositif-de-lancement-dalerte-chez-seeberger\/\" \/>\n<meta property=\"og:site_name\" content=\"Seeberger Gruppe\" \/>\n<meta property=\"article:publisher\" content=\"https:\/\/www.facebook.com\/seeberger.de\" \/>\n<meta property=\"article:modified_time\" content=\"2025-07-23T06:50:14+00:00\" \/>\n<meta property=\"og:image\" content=\"https:\/\/gruppe.seeberger.de\/wp\/wp-content\/uploads\/2024\/05\/Seeberger_Genusswelt_Aussenansicht.jpg\" \/>\n\t<meta property=\"og:image:width\" content=\"1200\" \/>\n\t<meta property=\"og:image:height\" content=\"832\" \/>\n\t<meta property=\"og:image:type\" content=\"image\/jpeg\" \/>\n<meta name=\"twitter:card\" content=\"summary_large_image\" \/>\n<meta name=\"twitter:label1\" content=\"Est. reading time\" \/>\n\t<meta name=\"twitter:data1\" content=\"3 minutes\" \/>\n<script type=\"application\/ld+json\" class=\"yoast-schema-graph\">{\"@context\":\"https:\/\/schema.org\",\"@graph\":[{\"@type\":\"WebPage\",\"@id\":\"https:\/\/gruppe.seeberger.de\/fr\/ce-que-nous-sommes\/le-dispositif-de-lancement-dalerte-chez-seeberger\/\",\"url\":\"https:\/\/gruppe.seeberger.de\/fr\/ce-que-nous-sommes\/le-dispositif-de-lancement-dalerte-chez-seeberger\/\",\"name\":\"Le dispositif de lancement d\u2019alerte chez Seeberger - Seeberger Gruppe\",\"isPartOf\":{\"@id\":\"https:\/\/gruppe.seeberger.de\/fr\/#website\"},\"datePublished\":\"2024-02-19T13:38:20+00:00\",\"dateModified\":\"2025-07-23T06:50:14+00:00\",\"breadcrumb\":{\"@id\":\"https:\/\/gruppe.seeberger.de\/fr\/ce-que-nous-sommes\/le-dispositif-de-lancement-dalerte-chez-seeberger\/#breadcrumb\"},\"inLanguage\":\"fr-FR\",\"potentialAction\":[{\"@type\":\"ReadAction\",\"target\":[\"https:\/\/gruppe.seeberger.de\/fr\/ce-que-nous-sommes\/le-dispositif-de-lancement-dalerte-chez-seeberger\/\"]}]},{\"@type\":\"BreadcrumbList\",\"@id\":\"https:\/\/gruppe.seeberger.de\/fr\/ce-que-nous-sommes\/le-dispositif-de-lancement-dalerte-chez-seeberger\/#breadcrumb\",\"itemListElement\":[{\"@type\":\"ListItem\",\"position\":1,\"name\":\"Home\",\"item\":\"https:\/\/gruppe.seeberger.de\/fr\/\"},{\"@type\":\"ListItem\",\"position\":2,\"name\":\"Ce que nous sommes\",\"item\":\"https:\/\/gruppe.seeberger.de\/fr\/ce-que-nous-sommes\/\"},{\"@type\":\"ListItem\",\"position\":3,\"name\":\"Le dispositif de lancement d\u2019alerte chez Seeberger\"}]},{\"@type\":\"WebSite\",\"@id\":\"https:\/\/gruppe.seeberger.de\/fr\/#website\",\"url\":\"https:\/\/gruppe.seeberger.de\/fr\/\",\"name\":\"Seeberger Gruppe Website\",\"description\":\"Ein Familienunternehmen mit Tradition\",\"publisher\":{\"@id\":\"https:\/\/gruppe.seeberger.de\/fr\/#organization\"},\"alternateName\":\"Seeberger Gruppe\",\"potentialAction\":[{\"@type\":\"SearchAction\",\"target\":{\"@type\":\"EntryPoint\",\"urlTemplate\":\"https:\/\/gruppe.seeberger.de\/fr\/?s={search_term_string}\"},\"query-input\":{\"@type\":\"PropertyValueSpecification\",\"valueRequired\":true,\"valueName\":\"search_term_string\"}}],\"inLanguage\":\"fr-FR\"},{\"@type\":\"Organization\",\"@id\":\"https:\/\/gruppe.seeberger.de\/fr\/#organization\",\"name\":\"Seeberger Gruppe\",\"url\":\"https:\/\/gruppe.seeberger.de\/fr\/\",\"logo\":{\"@type\":\"ImageObject\",\"inLanguage\":\"fr-FR\",\"@id\":\"https:\/\/gruppe.seeberger.de\/fr\/#\/schema\/logo\/image\/\",\"url\":\"https:\/\/gruppe.seeberger.de\/wp-content\/uploads\/2024\/03\/seeberger-gruppe-logo.svg\",\"contentUrl\":\"https:\/\/gruppe.seeberger.de\/wp-content\/uploads\/2024\/03\/seeberger-gruppe-logo.svg\",\"width\":224,\"height\":64,\"caption\":\"Seeberger Gruppe\"},\"image\":{\"@id\":\"https:\/\/gruppe.seeberger.de\/fr\/#\/schema\/logo\/image\/\"},\"sameAs\":[\"https:\/\/www.facebook.com\/seeberger.de\",\"https:\/\/www.youtube.com\/channel\/UC1ZsMjWjwtYtlymi5VKdRqA\",\"https:\/\/www.instagram.com\/seeberger_1844\/\",\"https:\/\/www.xing.com\/pages\/seebergergmbh\",\"http:\/\/www.linkedin.com\/company\/seeberger\"]}]}<\/script>\n<!-- \/ Yoast SEO plugin. -->","yoast_head_json":{"title":"Le dispositif de lancement d\u2019alerte chez Seeberger - Seeberger Gruppe","robots":{"index":"index","follow":"follow","max-snippet":"max-snippet:-1","max-image-preview":"max-image-preview:large","max-video-preview":"max-video-preview:-1"},"canonical":"https:\/\/gruppe.seeberger.de\/fr\/ce-que-nous-sommes\/le-dispositif-de-lancement-dalerte-chez-seeberger\/","og_locale":"fr_FR","og_type":"article","og_title":"Le dispositif de lancement d\u2019alerte chez Seeberger - Seeberger Gruppe","og_description":"[vc_row ppi_content_type=&#8221;ppi_content_width_medium&#8221; full_width=&#8221;stretch_row_content_no_spaces&#8221; ppi_decoration_top=&#8221;right&#8221; ppi_decoration_top_color=&#8221;#275D38&#8243; ppi_decoration_bottom=&#8221;left&#8221; ppi_decoration_bottom_color=&#8221;#B3D57C&#8221; ppi_decoration_bottom_angle=&#8221;descending&#8221;][vc_column][vc_column_text] La conformit\u00e9 dans Seeberger [\/vc_column_text][\/vc_column][\/vc_row][vc_row ppi_content_type=&#8221;ppi_content_width_medium&#8221;][vc_column][vc_column_text] Guide pour une action responsable Chez Seeberger, nous avons \u00e0 c\u0153ur non seulement de nous conformer aux lois et aux r\u00e9glementations, mais aussi de cr\u00e9er une atmosph\u00e8re de proximit\u00e9 et de confiance, dans laquelle chacune et chacun se sente bien accueilli [&hellip;]","og_url":"https:\/\/gruppe.seeberger.de\/fr\/ce-que-nous-sommes\/le-dispositif-de-lancement-dalerte-chez-seeberger\/","og_site_name":"Seeberger Gruppe","article_publisher":"https:\/\/www.facebook.com\/seeberger.de","article_modified_time":"2025-07-23T06:50:14+00:00","og_image":[{"width":1200,"height":832,"url":"https:\/\/gruppe.seeberger.de\/wp\/wp-content\/uploads\/2024\/05\/Seeberger_Genusswelt_Aussenansicht.jpg","type":"image\/jpeg"}],"twitter_card":"summary_large_image","twitter_misc":{"Est. reading time":"3 minutes"},"schema":{"@context":"https:\/\/schema.org","@graph":[{"@type":"WebPage","@id":"https:\/\/gruppe.seeberger.de\/fr\/ce-que-nous-sommes\/le-dispositif-de-lancement-dalerte-chez-seeberger\/","url":"https:\/\/gruppe.seeberger.de\/fr\/ce-que-nous-sommes\/le-dispositif-de-lancement-dalerte-chez-seeberger\/","name":"Le dispositif de lancement d\u2019alerte chez Seeberger - Seeberger Gruppe","isPartOf":{"@id":"https:\/\/gruppe.seeberger.de\/fr\/#website"},"datePublished":"2024-02-19T13:38:20+00:00","dateModified":"2025-07-23T06:50:14+00:00","breadcrumb":{"@id":"https:\/\/gruppe.seeberger.de\/fr\/ce-que-nous-sommes\/le-dispositif-de-lancement-dalerte-chez-seeberger\/#breadcrumb"},"inLanguage":"fr-FR","potentialAction":[{"@type":"ReadAction","target":["https:\/\/gruppe.seeberger.de\/fr\/ce-que-nous-sommes\/le-dispositif-de-lancement-dalerte-chez-seeberger\/"]}]},{"@type":"BreadcrumbList","@id":"https:\/\/gruppe.seeberger.de\/fr\/ce-que-nous-sommes\/le-dispositif-de-lancement-dalerte-chez-seeberger\/#breadcrumb","itemListElement":[{"@type":"ListItem","position":1,"name":"Home","item":"https:\/\/gruppe.seeberger.de\/fr\/"},{"@type":"ListItem","position":2,"name":"Ce que nous sommes","item":"https:\/\/gruppe.seeberger.de\/fr\/ce-que-nous-sommes\/"},{"@type":"ListItem","position":3,"name":"Le dispositif de lancement d\u2019alerte chez Seeberger"}]},{"@type":"WebSite","@id":"https:\/\/gruppe.seeberger.de\/fr\/#website","url":"https:\/\/gruppe.seeberger.de\/fr\/","name":"Seeberger Gruppe Website","description":"Ein Familienunternehmen mit Tradition","publisher":{"@id":"https:\/\/gruppe.seeberger.de\/fr\/#organization"},"alternateName":"Seeberger Gruppe","potentialAction":[{"@type":"SearchAction","target":{"@type":"EntryPoint","urlTemplate":"https:\/\/gruppe.seeberger.de\/fr\/?s={search_term_string}"},"query-input":{"@type":"PropertyValueSpecification","valueRequired":true,"valueName":"search_term_string"}}],"inLanguage":"fr-FR"},{"@type":"Organization","@id":"https:\/\/gruppe.seeberger.de\/fr\/#organization","name":"Seeberger Gruppe","url":"https:\/\/gruppe.seeberger.de\/fr\/","logo":{"@type":"ImageObject","inLanguage":"fr-FR","@id":"https:\/\/gruppe.seeberger.de\/fr\/#\/schema\/logo\/image\/","url":"https:\/\/gruppe.seeberger.de\/wp-content\/uploads\/2024\/03\/seeberger-gruppe-logo.svg","contentUrl":"https:\/\/gruppe.seeberger.de\/wp-content\/uploads\/2024\/03\/seeberger-gruppe-logo.svg","width":224,"height":64,"caption":"Seeberger Gruppe"},"image":{"@id":"https:\/\/gruppe.seeberger.de\/fr\/#\/schema\/logo\/image\/"},"sameAs":["https:\/\/www.facebook.com\/seeberger.de","https:\/\/www.youtube.com\/channel\/UC1ZsMjWjwtYtlymi5VKdRqA","https:\/\/www.instagram.com\/seeberger_1844\/","https:\/\/www.xing.com\/pages\/seebergergmbh","http:\/\/www.linkedin.com\/company\/seeberger"]}]}},"_links":{"self":[{"href":"https:\/\/gruppe.seeberger.de\/fr\/wp-json\/wp\/v2\/pages\/1684","targetHints":{"allow":["GET"]}}],"collection":[{"href":"https:\/\/gruppe.seeberger.de\/fr\/wp-json\/wp\/v2\/pages"}],"about":[{"href":"https:\/\/gruppe.seeberger.de\/fr\/wp-json\/wp\/v2\/types\/page"}],"author":[{"embeddable":true,"href":"https:\/\/gruppe.seeberger.de\/fr\/wp-json\/wp\/v2\/users\/6"}],"replies":[{"embeddable":true,"href":"https:\/\/gruppe.seeberger.de\/fr\/wp-json\/wp\/v2\/comments?post=1684"}],"version-history":[{"count":14,"href":"https:\/\/gruppe.seeberger.de\/fr\/wp-json\/wp\/v2\/pages\/1684\/revisions"}],"predecessor-version":[{"id":4587,"href":"https:\/\/gruppe.seeberger.de\/fr\/wp-json\/wp\/v2\/pages\/1684\/revisions\/4587"}],"up":[{"embeddable":true,"href":"https:\/\/gruppe.seeberger.de\/fr\/wp-json\/wp\/v2\/pages\/1569"}],"wp:attachment":[{"href":"https:\/\/gruppe.seeberger.de\/fr\/wp-json\/wp\/v2\/media?parent=1684"}],"curies":[{"name":"wp","href":"https:\/\/api.w.org\/{rel}","templated":true}]}}