{"id":1777,"date":"2024-02-19T14:33:36","date_gmt":"2024-02-19T13:33:36","guid":{"rendered":"https:\/\/gruppe.seeberger.de\/durabilite\/champ-daction-communaute\/"},"modified":"2024-05-31T13:25:13","modified_gmt":"2024-05-31T11:25:13","slug":"champ-daction-communaute","status":"publish","type":"page","link":"https:\/\/gruppe.seeberger.de\/fr\/durabilite\/champ-daction-communaute\/","title":{"rendered":"Champ d\u2019action Communaut\u00e9"},"content":{"rendered":"<div class=\"wpb-content-wrapper\">[vc_row ppi_row_padding=&#8221;ppi_remove_padding_top&#8221; full_width=&#8221;stretch_row_content_no_spaces&#8221;][vc_column]<div class=\"see_keyvisual-slider\"><div class=\"swiper swiper-keyvisual-slider swiper-69e07194e620f\" data-swiperID=\"69e07194e620f\"><div class=\"swiper-wrapper\"><div class=\"see_keyvisual-slider__item see_keyvisual-slider__item--light swiper-slide\"><img loading=\"lazy\" decoding=\"async\" width=\"2560\" height=\"1707\" src=\"https:\/\/gruppe.seeberger.de\/wp\/wp-content\/uploads\/2024\/04\/Gemeinschaft-Hero-1-scaled.jpg\" class=\"see_keyvisual-slider__item__image\" alt=\"Eine Gruppe von sieben Menschen l\u00e4chelt, steht dicht nebeneinander, vor Holzwand.\" srcset=\"https:\/\/gruppe.seeberger.de\/wp\/wp-content\/uploads\/2024\/04\/Gemeinschaft-Hero-1-scaled.jpg 2560w, https:\/\/gruppe.seeberger.de\/wp\/wp-content\/uploads\/2024\/04\/Gemeinschaft-Hero-1-300x200.jpg 300w, https:\/\/gruppe.seeberger.de\/wp\/wp-content\/uploads\/2024\/04\/Gemeinschaft-Hero-1-1024x683.jpg 1024w, https:\/\/gruppe.seeberger.de\/wp\/wp-content\/uploads\/2024\/04\/Gemeinschaft-Hero-1-768x512.jpg 768w, https:\/\/gruppe.seeberger.de\/wp\/wp-content\/uploads\/2024\/04\/Gemeinschaft-Hero-1-1920x1280.jpg 1920w, https:\/\/gruppe.seeberger.de\/wp\/wp-content\/uploads\/2024\/04\/Gemeinschaft-Hero-1-1200x800.jpg 1200w, https:\/\/gruppe.seeberger.de\/wp\/wp-content\/uploads\/2024\/04\/Gemeinschaft-Hero-1-992x661.jpg 992w, https:\/\/gruppe.seeberger.de\/wp\/wp-content\/uploads\/2024\/04\/Gemeinschaft-Hero-1-480x320.jpg 480w\" sizes=\"auto, (max-width: 2560px) 100vw, 2560px\" \/><div class=\"see_keyvisual-slider__item__content \"><div class=\"see_keyvisual-slider__item__content__inner\"><div class=\"see_keyvisual-slider__item__content__headlines\"><h1 class=\"see_keyvisual-slider__item__content__headline\">Ensemble pour une coh\u00e9sion forte <\/h1><\/div><\/div><\/div><\/div><\/div><\/div><\/div>[\/vc_column][\/vc_row][vc_row ppi_content_type=&#8221;ppi_content_width_medium&#8221; ppi_decoration_top=&#8221;left&#8221; ppi_decoration_top_color=&#8221;#B3D57C&#8221;][vc_column][vc_column_text]\r\n<h2 style=\"text-align: center;\">Notre engagement pour une communaut\u00e9 forte au sein de notre entreprise<\/h2>\r\n<p style=\"text-align: center;\"><span style=\"font-weight: 400;\">Une communaut\u00e9 forte, fond\u00e9e sur les valeurs de notre entreprise, nous tient particuli\u00e8rement \u00e0 c\u0153ur depuis toujours. Notre objectif est de cr\u00e9er un environnement \u00e0 la fois humain et responsable. Chez Seeberger, nous cr\u00e9ons un vivre ensemble en nous soutenant mutuellement. Cette orientation renforce notre capacit\u00e9 d\u2019adaptation et notre flexibilit\u00e9, ce qui nous permet de cro\u00eetre et d\u2019\u00e9voluer en permanence \u2013 du d\u00e9veloppement et de la mise en place de mod\u00e8les de travail progressistes \u00e0 l\u2019avanc\u00e9e de la num\u00e9risation et de la modernisation de notre entreprise.<\/span><\/p>\r\n[\/vc_column_text][\/vc_column][\/vc_row][vc_row ppi_row_type=&#8221;ppi_light_bg&#8221; full_width=&#8221;stretch_row&#8221; ppi_decoration_top=&#8221;right&#8221; ppi_decoration_top_color=&#8221;#275D38&#8243; ppi_decoration_top_angle=&#8221;descending&#8221;][vc_column][vc_column_text]\r\n<h2 style=\"text-align: center;\">Nos objectifs jusqu\u2019en 2025<\/h2>\r\n[\/vc_column_text]<div class=\"see_icon_module\"><div class=\"see_icon_module-slider swiper swiper-icon-module-slider swiper-69e07194e6961\" data-swiperID=\"69e07194e6961\"><div class=\"swiper-wrapper\"><div class=\"see_icon_module__item swiper-slide\">\n            <div class=\"see_icon_module__item__image\">\n            <img loading=\"lazy\" decoding=\"async\" width=\"295\" height=\"295\" src=\"https:\/\/gruppe.seeberger.de\/wp\/wp-content\/uploads\/2024\/04\/Seeberger_Icon_SeebergerFamiliy.svg\" class=\"attachment-see-md size-see-md\" alt=\"Icon, das die Seeberger Familie symbolisiert.\" \/>        <\/div>\n        <div class=\"see_icon_module__item__description\">\n        <span class=\"h3\">D\u00e9veloppement continu de notre programme pour les collaborateurs \u00ab Seeberger Family \u00bb.<\/span>                    <\/div>\n<\/div>\n<div class=\"see_icon_module__item swiper-slide\">\n            <div class=\"see_icon_module__item__image\">\n            <img loading=\"lazy\" decoding=\"async\" width=\"295\" height=\"295\" src=\"https:\/\/gruppe.seeberger.de\/wp\/wp-content\/uploads\/2024\/04\/Icon_MobilesArbeiten-Kopie-1.svg\" class=\"attachment-see-md size-see-md\" alt=\"Eine Darstellung, die mobiles Arbeiten symbolisiert.\" \/>        <\/div>\n        <div class=\"see_icon_module__item__description\">\n        <span class=\"h3\">\u00c9largissement du \u2018New Work\u2019 pour une meilleure mise en r\u00e9seau et coop\u00e9ration<\/span>                    <\/div>\n<\/div>\n<div class=\"see_icon_module__item swiper-slide\">\n            <div class=\"see_icon_module__item__image\">\n            <img loading=\"lazy\" decoding=\"async\" width=\"295\" height=\"295\" src=\"https:\/\/gruppe.seeberger.de\/wp\/wp-content\/uploads\/2024\/05\/Icon_NewLeadership-1.svg\" class=\"attachment-see-md size-see-md\" alt=\"Icon, das eine Frau darstellt, die zu zwei Personen spricht.\" \/>        <\/div>\n        <div class=\"see_icon_module__item__description\">\n        <span class=\"h3\">\u00c9tablissement d\u2019une culture de direction moderne \u2018New Leadership\u2019<\/span>                    <\/div>\n<\/div>\n<\/div><\/div><div class=\"swiper-pagination\"><\/div><\/div>[\/vc_column][\/vc_row][vc_row][vc_column][vc_column_text]\r\n<h2 style=\"text-align: center;\">Les jalons de la Communaut\u00e9 \u2013 ce que nous avons fait jusqu\u2019ici<\/h2>\r\n[\/vc_column_text]<div class=\"see_timeline__wrapper\"><div class=\"see_timeline sustainability\"><div class=\"swiper swiper-timeline-slider swiper-69e07194e7c6c\" data-swiperID=\"69e07194e7c6c\"><div class=\"swiper-wrapper\"><div class=\"see_timeline__item swiper-slide\">\n    <h3 class=\"see_timeline__item__year h1\">\n        2019    <\/h3>\n    <div class=\"see_timeline__item__point\"><\/div>\n    <div class=\"see_timeline__item__content\">\n                    <div class=\"see_timeline__item__content__image\">\n                <img loading=\"lazy\" decoding=\"async\" width=\"200\" height=\"264\" src=\"https:\/\/gruppe.seeberger.de\/wp\/wp-content\/uploads\/2024\/04\/Icon_VereinbarkeitBerufPflege.svg\" class=\"attachment-see-md\" alt=\"Icon zu Vereinbarkeit\" title=\"Icon_VereinbarkeitBerufPflege\" \/>            <\/div>\n                \n                    <p class=\"see_timeline__item__content__description\">En 2019, nous \u00e9tendons notre programme Seeberger Family \u00e0 un concept \u00e9tendu pour la conciliation des statuts d\u2019actif et d\u2019aidant ; nous d\u00e9veloppons notre syst\u00e8me de gestion de la conformit\u00e9 en y int\u00e9grant les th\u00e8mes de la corruption et du lancement d\u2019alertes ; et nous instaurons une organisation de \u2018Business Team\u2019 par secteur d\u2019activit\u00e9.<\/p>\n            <\/div>\n<\/div>\n<div class=\"see_timeline__item swiper-slide\">\n    <h3 class=\"see_timeline__item__year h1\">\n        2020\/21    <\/h3>\n    <div class=\"see_timeline__item__point\"><\/div>\n    <div class=\"see_timeline__item__content\">\n                    <div class=\"see_timeline__item__content__image\">\n                <img loading=\"lazy\" decoding=\"async\" width=\"200\" height=\"264\" src=\"https:\/\/gruppe.seeberger.de\/wp\/wp-content\/uploads\/2024\/05\/Icon_ComplianceManagement-System-1.svg\" class=\"attachment-see-md\" alt=\"\" title=\"Icon_ComplianceManagement-System 1\" \/>            <\/div>\n                \n                    <p class=\"see_timeline__item__content__description\">En 2020\/2021, nous r\u00e9examinons et adaptons notre Code de conduite ; nous d\u00e9veloppons nos comp\u00e9tences de direction dans le cadre d\u2019ateliers r\u00e9guliers ; 30 % des participants \u00e0 notre programme de promotion de la rel\u00e8ve ont acc\u00e9d\u00e9 \u00e0 des fonctions sup\u00e9rieures et 50 % ont vu leur domaine de comp\u00e9tence \u00e9largi au sein de leur poste ; enfin, nous certifions notre syst\u00e8me de gestion de la conformit\u00e9.<\/p>\n            <\/div>\n<\/div>\n<div class=\"see_timeline__item swiper-slide\">\n    <h3 class=\"see_timeline__item__year h1\">\n        2022\/23    <\/h3>\n    <div class=\"see_timeline__item__point\"><\/div>\n    <div class=\"see_timeline__item__content\">\n                    <div class=\"see_timeline__item__content__image\">\n                <img loading=\"lazy\" decoding=\"async\" width=\"190\" height=\"264\" src=\"https:\/\/gruppe.seeberger.de\/wp\/wp-content\/uploads\/2024\/04\/Icon_WellpassFirmenfitness.svg\" class=\"attachment-see-md\" alt=\"Icon mit Basketball und Fitnessger\u00e4t\" title=\"Icon_WellpassFirmenfitness\" \/>            <\/div>\n                \n                    <p class=\"see_timeline__item__content__description\">En 2022\/2023, le programme Seeberger Family a \u00e9t\u00e9 \u00e9tendu \u00e0 d\u2019autres offres (p: ex. studios de fitness pour les entreprises avec le EGYM Wellpass). La volont\u00e9 \u00e9tait de proposer des offres pouvant \u00eatre utilis\u00e9es par tous les collaborateurs du Groupe Seeberger ind\u00e9pendamment du lieu.<\/p>\n            <\/div>\n<\/div>\n<\/div><\/div><div class=\"swiper-pagination\"><\/div><\/div><\/div>[\/vc_column][\/vc_row][vc_row ppi_row_type=&#8221;ppi_light_bg&#8221; ppi_content_type=&#8221;ppi_content_width_small&#8221; full_width=&#8221;stretch_row&#8221; ppi_decoration_top=&#8221;left&#8221; ppi_decoration_top_color=&#8221;#B3D57C&#8221; ppi_decoration_bottom=&#8221;right&#8221; ppi_decoration_bottom_color=&#8221;#275D38&#8243; ppi_decoration_bottom_angle=&#8221;descending&#8221;][vc_column]<div class=\"see_image \"><figure><img loading=\"lazy\" decoding=\"async\" width=\"720\" height=\"540\" src=\"https:\/\/gruppe.seeberger.de\/wp\/wp-content\/uploads\/2024\/05\/JobRad_Foto-3.jpg\" class=\"attachment-see-lg size-see-lg\" alt=\"Zwei Personen fahren Fahrr\u00e4der auf einem Weg neben einem Geb\u00e4ude und bl\u00fchenden Str\u00e4uchern.\" srcset=\"https:\/\/gruppe.seeberger.de\/wp\/wp-content\/uploads\/2024\/05\/JobRad_Foto-3.jpg 720w, https:\/\/gruppe.seeberger.de\/wp\/wp-content\/uploads\/2024\/05\/JobRad_Foto-3-300x225.jpg 300w, https:\/\/gruppe.seeberger.de\/wp\/wp-content\/uploads\/2024\/05\/JobRad_Foto-3-480x360.jpg 480w\" sizes=\"auto, (max-width: 720px) 100vw, 720px\" \/><\/figure><\/div><div class=\"ppi_spacer\" style=\"height: 50px\"><\/div>[vc_column_text]\r\n<h2 style=\"text-align: center;\">Notre programme Seeberger Family pour le personnel<\/h2>\r\n<p style=\"text-align: center;\"><span style=\"font-weight: 400;\">En tant qu\u2019entreprise familiale, nous accordons une importance particuli\u00e8re \u00e0 un environnement dans lequel l\u2019estime et le respect sont v\u00e9cus concr\u00e8tement. Chez nous, l\u2019\u00e9quilibre entre vie professionnelle et vie priv\u00e9e n\u2019est pas seulement un concept, mais une chose que nous mettons activement en pratique. Avec notre programme \u00ab Seeberger Family \u00bb, nos collaborateurs b\u00e9n\u00e9ficient d\u2019avantages vari\u00e9s tels que des places de cr\u00e8che, un soutien pour les proches aidants, des offres de sport et de massage, jusqu\u2019\u00e0 la pr\u00e9voyance sant\u00e9 et vieillesse, ainsi que d\u2019activit\u00e9s vari\u00e9es qui renforcent l\u2019esprit d\u2019\u00e9quipe. <\/span><\/p>\r\n<p style=\"text-align: center;\"><a class=\"button button--outline--primary\" href=\"https:\/\/gruppe.seeberger.de\/karriere\/mitarbeiterbenefits\/\"><span style=\"font-weight: 400;\"><strong>Vers notre programme pour le personnel<\/strong><\/span><\/a><\/p>\r\n[\/vc_column_text][\/vc_column][\/vc_row][vc_row][vc_column]\n<div class=\"see_image-text__container\">\n    <div class=\"see_image-text ppi_row ppi_row-flex align-items--center\">\n        <div class=\"ppi_col-xs-12 ppi_col-md-6 see_image\">\n                        <figure>\n                                    <img loading=\"lazy\" decoding=\"async\" width=\"1000\" height=\"1000\" src=\"https:\/\/gruppe.seeberger.de\/wp\/wp-content\/uploads\/2024\/05\/Icon_Mitarbeitenden-Beteiligung.png\" class=\"attachment-see-lg size-see-lg\" alt=\"Drei illustrierte Personen vor einem Diagramm mit aufsteigendem Pfeil, symbolisierend Wachstum.\" srcset=\"https:\/\/gruppe.seeberger.de\/wp\/wp-content\/uploads\/2024\/05\/Icon_Mitarbeitenden-Beteiligung.png 1000w, https:\/\/gruppe.seeberger.de\/wp\/wp-content\/uploads\/2024\/05\/Icon_Mitarbeitenden-Beteiligung-300x300.png 300w, https:\/\/gruppe.seeberger.de\/wp\/wp-content\/uploads\/2024\/05\/Icon_Mitarbeitenden-Beteiligung-150x150.png 150w, https:\/\/gruppe.seeberger.de\/wp\/wp-content\/uploads\/2024\/05\/Icon_Mitarbeitenden-Beteiligung-768x768.png 768w, https:\/\/gruppe.seeberger.de\/wp\/wp-content\/uploads\/2024\/05\/Icon_Mitarbeitenden-Beteiligung-992x992.png 992w, https:\/\/gruppe.seeberger.de\/wp\/wp-content\/uploads\/2024\/05\/Icon_Mitarbeitenden-Beteiligung-480x480.png 480w\" sizes=\"auto, (max-width: 1000px) 100vw, 1000px\" \/>                            <\/figure>\n                                            <\/div>\n\n        <div class=\"ppi_col-xs-12 ppi_col-md-6 more-padding-left\">\n                            <div class=\"see_image-text__content\">\n                    <h2>La participation du personnel chez Seeberger<\/h2>\n<p>Ce qui importe pour nous va au-del\u00e0 du simple travail: nous voulons une v\u00e9ritable participation. Nous impliquons activement nos collaborateurs dans la forme donn\u00e9e \u00e0 l\u2019entreprise et les faisons participer \u00e0 son succ\u00e8s. Gr\u00e2ce \u00e0 notre mod\u00e8le de participation du personnel, chacun profite d\u2019un int\u00e9ressement aux b\u00e9n\u00e9fices et d\u2019une r\u00e9mun\u00e9ration attrayante du capital. Cela r\u00e9compense non seulement l\u2019engagement fourni, mais repr\u00e9sente aussi une formidable opportunit\u00e9 de se constituer un patrimoine \u00e0 long terme.<\/p>\n                <\/div>\n                    <\/div>\n\n\n\n            <\/div>\n<\/div>\n[\/vc_column][\/vc_row][vc_row ppi_row_type=&#8221;ppi_light_bg&#8221; ppi_content_type=&#8221;ppi_content_width_small&#8221; full_width=&#8221;stretch_row&#8221;][vc_column][vc_column_text]\r\n<h2 style=\"text-align: center;\">Le dispositif de lancement d\u2019alerte chez Seeberger<\/h2>\r\n<p style=\"text-align: center;\"><span style=\"font-weight: 400;\">Pour nous, les lois, les r\u00e8gles et les directives ne sont pas que des mots. Notre objectif est d\u2019agir en permanence de mani\u00e8re responsable, de d\u00e9tecter et de traiter \u00e0 temps les \u00e9ventuelles infractions. Nous veillons ainsi \u00e0 ce que les erreurs soient rapidement corrig\u00e9es. Gr\u00e2ce \u00e0 notre dispositif de lancement d\u2019alerte, toute anomalie peut \u00eatre signal\u00e9e ais\u00e9ment et de mani\u00e8re anonyme directement \u00e0 l\u2019interlocuteur charg\u00e9 de la conformit\u00e9.<\/span><\/p>\r\n<p style=\"text-align: center;\"><a class=\"button button--outline--primary\" href=\"https:\/\/gruppe.seeberger.de\/fr\/ce-que-nous-sommes\/le-dispositif-de-lancement-dalerte-chez-seeberger\/\"><span style=\"font-weight: 400;\"><strong>Vers le dispositif de lancement d\u2019alerte<\/strong><\/span><\/a><\/p>\r\n[\/vc_column_text][\/vc_column][\/vc_row]<\/div>","protected":false},"excerpt":{"rendered":"[vc_row ppi_row_padding=&#8221;ppi_remove_padding_top&#8221; full_width=&#8221;stretch_row_content_no_spaces&#8221;][vc_column][\/vc_column][\/vc_row][vc_row ppi_content_type=&#8221;ppi_content_width_medium&#8221; ppi_decoration_top=&#8221;left&#8221; ppi_decoration_top_color=&#8221;#B3D57C&#8221;][vc_column][vc_column_text] Notre engagement pour une communaut\u00e9 forte au sein de notre entreprise Une communaut\u00e9 forte, fond\u00e9e sur les valeurs de notre entreprise, nous tient particuli\u00e8rement \u00e0 c\u0153ur depuis toujours. Notre objectif est de cr\u00e9er un environnement \u00e0 la fois humain et responsable. Chez Seeberger, nous cr\u00e9ons un vivre ensemble en [&hellip;]","protected":false},"author":6,"featured_media":0,"parent":1586,"menu_order":0,"comment_status":"closed","ping_status":"closed","template":"","meta":{"_acf_changed":false,"inline_featured_image":false,"footnotes":""},"class_list":["post-1777","page","type-page","status-publish","hentry"],"acf":[],"yoast_head":"<!-- This site is optimized with the Yoast SEO plugin v27.2 - https:\/\/yoast.com\/product\/yoast-seo-wordpress\/ -->\n<title>La responsabilit\u00e9 sociale chez Seeberger : notre engagement pour l\u2019avenir<\/title>\n<meta name=\"description\" content=\"D\u00e9couvrez comment Seeberger cr\u00e9e un avenir positif par la responsabilit\u00e9 sociale et l\u2019engagement en faveur de la communaut\u00e9. Nous parlons ici de nos initiatives pour nos collaborateurs et notre communaut\u00e9.\" \/>\n<meta name=\"robots\" content=\"index, follow, max-snippet:-1, max-image-preview:large, max-video-preview:-1\" \/>\n<link rel=\"canonical\" href=\"https:\/\/gruppe.seeberger.de\/fr\/durabilite\/champ-daction-communaute\/\" \/>\n<meta property=\"og:locale\" content=\"fr_FR\" \/>\n<meta property=\"og:type\" content=\"article\" \/>\n<meta property=\"og:title\" content=\"La responsabilit\u00e9 sociale chez Seeberger : notre engagement pour l\u2019avenir\" \/>\n<meta property=\"og:description\" content=\"D\u00e9couvrez comment Seeberger cr\u00e9e un avenir positif par la responsabilit\u00e9 sociale et l\u2019engagement en faveur de la communaut\u00e9. Nous parlons ici de nos initiatives pour nos collaborateurs et notre communaut\u00e9.\" \/>\n<meta property=\"og:url\" content=\"https:\/\/gruppe.seeberger.de\/fr\/durabilite\/champ-daction-communaute\/\" \/>\n<meta property=\"og:site_name\" content=\"Seeberger Gruppe\" \/>\n<meta property=\"article:publisher\" content=\"https:\/\/www.facebook.com\/seeberger.de\" \/>\n<meta property=\"article:modified_time\" content=\"2024-05-31T11:25:13+00:00\" \/>\n<meta property=\"og:image\" content=\"https:\/\/gruppe.seeberger.de\/wp\/wp-content\/uploads\/2024\/05\/Seeberger_Genusswelt_Aussenansicht.jpg\" \/>\n\t<meta property=\"og:image:width\" content=\"1200\" \/>\n\t<meta property=\"og:image:height\" content=\"832\" \/>\n\t<meta property=\"og:image:type\" content=\"image\/jpeg\" \/>\n<meta name=\"twitter:card\" content=\"summary_large_image\" \/>\n<meta name=\"twitter:label1\" content=\"Est. reading time\" \/>\n\t<meta name=\"twitter:data1\" content=\"3 minutes\" \/>\n<script type=\"application\/ld+json\" class=\"yoast-schema-graph\">{\"@context\":\"https:\/\/schema.org\",\"@graph\":[{\"@type\":\"WebPage\",\"@id\":\"https:\/\/gruppe.seeberger.de\/fr\/durabilite\/champ-daction-communaute\/\",\"url\":\"https:\/\/gruppe.seeberger.de\/fr\/durabilite\/champ-daction-communaute\/\",\"name\":\"La responsabilit\u00e9 sociale chez Seeberger : notre engagement pour l\u2019avenir\",\"isPartOf\":{\"@id\":\"https:\/\/gruppe.seeberger.de\/fr\/#website\"},\"datePublished\":\"2024-02-19T13:33:36+00:00\",\"dateModified\":\"2024-05-31T11:25:13+00:00\",\"description\":\"D\u00e9couvrez comment Seeberger cr\u00e9e un avenir positif par la responsabilit\u00e9 sociale et l\u2019engagement en faveur de la communaut\u00e9. Nous parlons ici de nos initiatives pour nos collaborateurs et notre communaut\u00e9.\",\"breadcrumb\":{\"@id\":\"https:\/\/gruppe.seeberger.de\/fr\/durabilite\/champ-daction-communaute\/#breadcrumb\"},\"inLanguage\":\"fr-FR\",\"potentialAction\":[{\"@type\":\"ReadAction\",\"target\":[\"https:\/\/gruppe.seeberger.de\/fr\/durabilite\/champ-daction-communaute\/\"]}]},{\"@type\":\"BreadcrumbList\",\"@id\":\"https:\/\/gruppe.seeberger.de\/fr\/durabilite\/champ-daction-communaute\/#breadcrumb\",\"itemListElement\":[{\"@type\":\"ListItem\",\"position\":1,\"name\":\"Home\",\"item\":\"https:\/\/gruppe.seeberger.de\/fr\/\"},{\"@type\":\"ListItem\",\"position\":2,\"name\":\"Durabilit\u00e9\",\"item\":\"https:\/\/gruppe.seeberger.de\/fr\/durabilite\/\"},{\"@type\":\"ListItem\",\"position\":3,\"name\":\"Champ d\u2019action Communaut\u00e9\"}]},{\"@type\":\"WebSite\",\"@id\":\"https:\/\/gruppe.seeberger.de\/fr\/#website\",\"url\":\"https:\/\/gruppe.seeberger.de\/fr\/\",\"name\":\"Seeberger Gruppe Website\",\"description\":\"Ein Familienunternehmen mit Tradition\",\"publisher\":{\"@id\":\"https:\/\/gruppe.seeberger.de\/fr\/#organization\"},\"alternateName\":\"Seeberger Gruppe\",\"potentialAction\":[{\"@type\":\"SearchAction\",\"target\":{\"@type\":\"EntryPoint\",\"urlTemplate\":\"https:\/\/gruppe.seeberger.de\/fr\/?s={search_term_string}\"},\"query-input\":{\"@type\":\"PropertyValueSpecification\",\"valueRequired\":true,\"valueName\":\"search_term_string\"}}],\"inLanguage\":\"fr-FR\"},{\"@type\":\"Organization\",\"@id\":\"https:\/\/gruppe.seeberger.de\/fr\/#organization\",\"name\":\"Seeberger Gruppe\",\"url\":\"https:\/\/gruppe.seeberger.de\/fr\/\",\"logo\":{\"@type\":\"ImageObject\",\"inLanguage\":\"fr-FR\",\"@id\":\"https:\/\/gruppe.seeberger.de\/fr\/#\/schema\/logo\/image\/\",\"url\":\"https:\/\/gruppe.seeberger.de\/wp-content\/uploads\/2024\/03\/seeberger-gruppe-logo.svg\",\"contentUrl\":\"https:\/\/gruppe.seeberger.de\/wp-content\/uploads\/2024\/03\/seeberger-gruppe-logo.svg\",\"width\":224,\"height\":64,\"caption\":\"Seeberger Gruppe\"},\"image\":{\"@id\":\"https:\/\/gruppe.seeberger.de\/fr\/#\/schema\/logo\/image\/\"},\"sameAs\":[\"https:\/\/www.facebook.com\/seeberger.de\",\"https:\/\/www.youtube.com\/channel\/UC1ZsMjWjwtYtlymi5VKdRqA\",\"https:\/\/www.instagram.com\/seeberger_1844\/\",\"https:\/\/www.xing.com\/pages\/seebergergmbh\",\"http:\/\/www.linkedin.com\/company\/seeberger\"]}]}<\/script>\n<!-- \/ Yoast SEO plugin. -->","yoast_head_json":{"title":"La responsabilit\u00e9 sociale chez Seeberger : notre engagement pour l\u2019avenir","description":"D\u00e9couvrez comment Seeberger cr\u00e9e un avenir positif par la responsabilit\u00e9 sociale et l\u2019engagement en faveur de la communaut\u00e9. Nous parlons ici de nos initiatives pour nos collaborateurs et notre communaut\u00e9.","robots":{"index":"index","follow":"follow","max-snippet":"max-snippet:-1","max-image-preview":"max-image-preview:large","max-video-preview":"max-video-preview:-1"},"canonical":"https:\/\/gruppe.seeberger.de\/fr\/durabilite\/champ-daction-communaute\/","og_locale":"fr_FR","og_type":"article","og_title":"La responsabilit\u00e9 sociale chez Seeberger : notre engagement pour l\u2019avenir","og_description":"D\u00e9couvrez comment Seeberger cr\u00e9e un avenir positif par la responsabilit\u00e9 sociale et l\u2019engagement en faveur de la communaut\u00e9. Nous parlons ici de nos initiatives pour nos collaborateurs et notre communaut\u00e9.","og_url":"https:\/\/gruppe.seeberger.de\/fr\/durabilite\/champ-daction-communaute\/","og_site_name":"Seeberger Gruppe","article_publisher":"https:\/\/www.facebook.com\/seeberger.de","article_modified_time":"2024-05-31T11:25:13+00:00","og_image":[{"width":1200,"height":832,"url":"https:\/\/gruppe.seeberger.de\/wp\/wp-content\/uploads\/2024\/05\/Seeberger_Genusswelt_Aussenansicht.jpg","type":"image\/jpeg"}],"twitter_card":"summary_large_image","twitter_misc":{"Est. reading time":"3 minutes"},"schema":{"@context":"https:\/\/schema.org","@graph":[{"@type":"WebPage","@id":"https:\/\/gruppe.seeberger.de\/fr\/durabilite\/champ-daction-communaute\/","url":"https:\/\/gruppe.seeberger.de\/fr\/durabilite\/champ-daction-communaute\/","name":"La responsabilit\u00e9 sociale chez Seeberger : notre engagement pour l\u2019avenir","isPartOf":{"@id":"https:\/\/gruppe.seeberger.de\/fr\/#website"},"datePublished":"2024-02-19T13:33:36+00:00","dateModified":"2024-05-31T11:25:13+00:00","description":"D\u00e9couvrez comment Seeberger cr\u00e9e un avenir positif par la responsabilit\u00e9 sociale et l\u2019engagement en faveur de la communaut\u00e9. Nous parlons ici de nos initiatives pour nos collaborateurs et notre communaut\u00e9.","breadcrumb":{"@id":"https:\/\/gruppe.seeberger.de\/fr\/durabilite\/champ-daction-communaute\/#breadcrumb"},"inLanguage":"fr-FR","potentialAction":[{"@type":"ReadAction","target":["https:\/\/gruppe.seeberger.de\/fr\/durabilite\/champ-daction-communaute\/"]}]},{"@type":"BreadcrumbList","@id":"https:\/\/gruppe.seeberger.de\/fr\/durabilite\/champ-daction-communaute\/#breadcrumb","itemListElement":[{"@type":"ListItem","position":1,"name":"Home","item":"https:\/\/gruppe.seeberger.de\/fr\/"},{"@type":"ListItem","position":2,"name":"Durabilit\u00e9","item":"https:\/\/gruppe.seeberger.de\/fr\/durabilite\/"},{"@type":"ListItem","position":3,"name":"Champ d\u2019action Communaut\u00e9"}]},{"@type":"WebSite","@id":"https:\/\/gruppe.seeberger.de\/fr\/#website","url":"https:\/\/gruppe.seeberger.de\/fr\/","name":"Seeberger Gruppe Website","description":"Ein Familienunternehmen mit Tradition","publisher":{"@id":"https:\/\/gruppe.seeberger.de\/fr\/#organization"},"alternateName":"Seeberger Gruppe","potentialAction":[{"@type":"SearchAction","target":{"@type":"EntryPoint","urlTemplate":"https:\/\/gruppe.seeberger.de\/fr\/?s={search_term_string}"},"query-input":{"@type":"PropertyValueSpecification","valueRequired":true,"valueName":"search_term_string"}}],"inLanguage":"fr-FR"},{"@type":"Organization","@id":"https:\/\/gruppe.seeberger.de\/fr\/#organization","name":"Seeberger Gruppe","url":"https:\/\/gruppe.seeberger.de\/fr\/","logo":{"@type":"ImageObject","inLanguage":"fr-FR","@id":"https:\/\/gruppe.seeberger.de\/fr\/#\/schema\/logo\/image\/","url":"https:\/\/gruppe.seeberger.de\/wp-content\/uploads\/2024\/03\/seeberger-gruppe-logo.svg","contentUrl":"https:\/\/gruppe.seeberger.de\/wp-content\/uploads\/2024\/03\/seeberger-gruppe-logo.svg","width":224,"height":64,"caption":"Seeberger Gruppe"},"image":{"@id":"https:\/\/gruppe.seeberger.de\/fr\/#\/schema\/logo\/image\/"},"sameAs":["https:\/\/www.facebook.com\/seeberger.de","https:\/\/www.youtube.com\/channel\/UC1ZsMjWjwtYtlymi5VKdRqA","https:\/\/www.instagram.com\/seeberger_1844\/","https:\/\/www.xing.com\/pages\/seebergergmbh","http:\/\/www.linkedin.com\/company\/seeberger"]}]}},"_links":{"self":[{"href":"https:\/\/gruppe.seeberger.de\/fr\/wp-json\/wp\/v2\/pages\/1777","targetHints":{"allow":["GET"]}}],"collection":[{"href":"https:\/\/gruppe.seeberger.de\/fr\/wp-json\/wp\/v2\/pages"}],"about":[{"href":"https:\/\/gruppe.seeberger.de\/fr\/wp-json\/wp\/v2\/types\/page"}],"author":[{"embeddable":true,"href":"https:\/\/gruppe.seeberger.de\/fr\/wp-json\/wp\/v2\/users\/6"}],"replies":[{"embeddable":true,"href":"https:\/\/gruppe.seeberger.de\/fr\/wp-json\/wp\/v2\/comments?post=1777"}],"version-history":[{"count":15,"href":"https:\/\/gruppe.seeberger.de\/fr\/wp-json\/wp\/v2\/pages\/1777\/revisions"}],"predecessor-version":[{"id":3512,"href":"https:\/\/gruppe.seeberger.de\/fr\/wp-json\/wp\/v2\/pages\/1777\/revisions\/3512"}],"up":[{"embeddable":true,"href":"https:\/\/gruppe.seeberger.de\/fr\/wp-json\/wp\/v2\/pages\/1586"}],"wp:attachment":[{"href":"https:\/\/gruppe.seeberger.de\/fr\/wp-json\/wp\/v2\/media?parent=1777"}],"curies":[{"name":"wp","href":"https:\/\/api.w.org\/{rel}","templated":true}]}}