{"id":1790,"date":"2024-02-19T14:38:47","date_gmt":"2024-02-19T13:38:47","guid":{"rendered":"https:\/\/gruppe.seeberger.de\/durabilite\/fondation\/"},"modified":"2024-05-28T15:38:28","modified_gmt":"2024-05-28T13:38:28","slug":"fondation","status":"publish","type":"page","link":"https:\/\/gruppe.seeberger.de\/fr\/ce-que-nous-sommes\/fondation\/","title":{"rendered":"Fondation"},"content":{"rendered":"<div class=\"wpb-content-wrapper\">[vc_row ppi_row_padding=&#8221;ppi_remove_padding_top&#8221; full_width=&#8221;stretch_row_content_no_spaces&#8221;][vc_column]<div class=\"see_keyvisual-slider\"><div class=\"swiper swiper-keyvisual-slider swiper-69d68d3f9a9ab\" data-swiperID=\"69d68d3f9a9ab\"><div class=\"swiper-wrapper\"><div class=\"see_keyvisual-slider__item see_keyvisual-slider__item--light swiper-slide\"><img loading=\"lazy\" decoding=\"async\" width=\"2560\" height=\"1706\" src=\"https:\/\/gruppe.seeberger.de\/wp\/wp-content\/uploads\/2024\/02\/Produkte-aus-dem-Garten-scaled.jpg\" class=\"see_keyvisual-slider__item__image\" alt=\"Zwei Kinder mit Gie\u00dfkannen gie\u00dfen Gem\u00fcse\" srcset=\"https:\/\/gruppe.seeberger.de\/wp\/wp-content\/uploads\/2024\/02\/Produkte-aus-dem-Garten-scaled.jpg 2560w, https:\/\/gruppe.seeberger.de\/wp\/wp-content\/uploads\/2024\/02\/Produkte-aus-dem-Garten-300x200.jpg 300w, https:\/\/gruppe.seeberger.de\/wp\/wp-content\/uploads\/2024\/02\/Produkte-aus-dem-Garten-1024x683.jpg 1024w, https:\/\/gruppe.seeberger.de\/wp\/wp-content\/uploads\/2024\/02\/Produkte-aus-dem-Garten-768x512.jpg 768w, https:\/\/gruppe.seeberger.de\/wp\/wp-content\/uploads\/2024\/02\/Produkte-aus-dem-Garten-1920x1280.jpg 1920w, https:\/\/gruppe.seeberger.de\/wp\/wp-content\/uploads\/2024\/02\/Produkte-aus-dem-Garten-1200x800.jpg 1200w, https:\/\/gruppe.seeberger.de\/wp\/wp-content\/uploads\/2024\/02\/Produkte-aus-dem-Garten-992x661.jpg 992w, https:\/\/gruppe.seeberger.de\/wp\/wp-content\/uploads\/2024\/02\/Produkte-aus-dem-Garten-480x320.jpg 480w\" sizes=\"auto, (max-width: 2560px) 100vw, 2560px\" \/><div class=\"see_keyvisual-slider__item__content \"><div class=\"see_keyvisual-slider__item__content__inner\"><div class=\"see_keyvisual-slider__item__content__headlines\"><h1 class=\"see_keyvisual-slider__item__content__headline\">\u00ab Sternschnuppen f\u00fcr Kinder \u00bb<\/h1><\/div><\/div><\/div><\/div><\/div><\/div><\/div>[\/vc_column][\/vc_row][vc_row][vc_column][vc_column_text]\r\n<h2 class=\"text-width text-width--690\" style=\"text-align: center;\">La Fondation de la famille d\u2019entrepreneurs<\/h2>\r\n<p class=\"text-width text-width--690\" style=\"text-align: center;\">En 2014, Clemens Keller, notre g\u00e9rant et propri\u00e9taire, et son \u00e9pouse Alexandra cr\u00e9ent la fondation \u00ab Sternschnuppen f\u00fcr Kinder \u00bb. Cette fondation priv\u00e9e s\u2019engage pour offrir un soutien durable \u00e0 des enfants et des jeunes du monde entier, et ce ind\u00e9pendamment de tout int\u00e9r\u00eat \u00e9conomique.<\/p>\r\n<p class=\"text-width text-width--690\" style=\"text-align: center;\">La fondation travaille main dans la main avec des partenaires exp\u00e9riment\u00e9s comme \u00ab Vivamos mejor \u00bb, une organisation de secours certifi\u00e9e en Am\u00e9rique latine, afin de r\u00e9aliser des projets qui favorisent une v\u00e9ritable autonomie. Notre famille propri\u00e9taire a particuli\u00e8rement \u00e0 c\u0153ur de soutenir le secteur de l\u2019agriculture et de l\u2019alimentation, afin que les personnes concern\u00e9es puissent am\u00e9liorer leurs conditions de vie par leurs propres moyens. Les projets de la fondation, qui sont \u00e9troitement li\u00e9s aux communaut\u00e9s locales, visent \u00e0 provoquer des changements durables qui perdureront m\u00eame apr\u00e8s la fin du projet.<\/p>\r\n<p class=\"text-width text-width--690\" style=\"text-align: center;\">Ce qui compte, ce n\u2019est pas seulement le succ\u00e8s momentan\u00e9, mais la capacit\u00e9 des communes \u00e0 poursuivre les changements positifs de mani\u00e8re autonome. C\u2019est pourquoi les organisations locales sont \u00e9troitement associ\u00e9es au travail de la fondation <span style=\"font-weight: 400;\">tandis que les partenaires locaux restent en contact avec les communaut\u00e9s m\u00eame apr\u00e8s la fin du projet, afin de s\u2019assurer que les progr\u00e8s se poursuivent et que le soutien continue \u00e0 porter ses fruits.<\/span><\/p>\r\n<p style=\"text-align: center;\"><a class=\"button button--outline--primary\" href=\"https:\/\/www.sternschnuppenfuerkinder.de\/\" target=\"_blank\" rel=\"noopener\"><span style=\"font-weight: 400;\"><strong>Plus d\u2019informations sur la fondation<\/strong><\/span><\/a><\/p>\r\n[\/vc_column_text][\/vc_column][\/vc_row][vc_row ppi_row_type=&#8221;ppi_light_bg&#8221; ppi_content_type=&#8221;ppi_content_width_medium&#8221; full_width=&#8221;stretch_row&#8221;][vc_column]<div class=\"see_image \"><figure><img loading=\"lazy\" decoding=\"async\" width=\"1200\" height=\"800\" src=\"https:\/\/gruppe.seeberger.de\/wp\/wp-content\/uploads\/2024\/02\/csm_seeberger_28042016-9876_RGB_cff689a288.webp\" class=\"attachment-see-lg size-see-lg\" alt=\"Portr\u00e4tfoto im Gr\u00fcnen von Herr und Frau Keller\" srcset=\"https:\/\/gruppe.seeberger.de\/wp\/wp-content\/uploads\/2024\/02\/csm_seeberger_28042016-9876_RGB_cff689a288.webp 1200w, https:\/\/gruppe.seeberger.de\/wp\/wp-content\/uploads\/2024\/02\/csm_seeberger_28042016-9876_RGB_cff689a288-300x200.webp 300w, https:\/\/gruppe.seeberger.de\/wp\/wp-content\/uploads\/2024\/02\/csm_seeberger_28042016-9876_RGB_cff689a288-1024x683.webp 1024w, https:\/\/gruppe.seeberger.de\/wp\/wp-content\/uploads\/2024\/02\/csm_seeberger_28042016-9876_RGB_cff689a288-768x512.webp 768w, https:\/\/gruppe.seeberger.de\/wp\/wp-content\/uploads\/2024\/02\/csm_seeberger_28042016-9876_RGB_cff689a288-992x661.webp 992w, https:\/\/gruppe.seeberger.de\/wp\/wp-content\/uploads\/2024\/02\/csm_seeberger_28042016-9876_RGB_cff689a288-480x320.webp 480w\" sizes=\"auto, (max-width: 1200px) 100vw, 1200px\" \/><\/figure><\/div>[vc_column_text]\r\n<h2 class=\"text-width text-width--690\" style=\"text-align: center;\">Cr\u00e9er des chances d\u2019avenir : une aide \u00e0 l\u2019enfance dans le monde entier<\/h2>\r\n<p class=\"text-width text-width--690\" style=\"text-align: center;\">\u00ab Nous voulons contribuer \u00e0 ce que les enfants des pays pauvres aient un avenir qui rec\u00e8le des perspectives. Nous soutenons sur place des projets et des investissements dans les domaines de la sant\u00e9, de l\u2019alimentation et de l\u2019\u00e9ducation. L\u2019entraide et l\u2019autonomisation ont pour but de mettre les populations locales en capacit\u00e9 de pr\u00e9server durablement les am\u00e9liorations de leurs conditions de vie et de disposer de moyens d\u2019existence suffisants. \u00bb<\/p>\r\n<p style=\"text-align: center;\"><em>Alexandra et Clemens Keller<\/em><\/p>\r\n[\/vc_column_text][\/vc_column][\/vc_row]<\/div>","protected":false},"excerpt":{"rendered":"[vc_row ppi_row_padding=&#8221;ppi_remove_padding_top&#8221; full_width=&#8221;stretch_row_content_no_spaces&#8221;][vc_column][\/vc_column][\/vc_row][vc_row][vc_column][vc_column_text] La Fondation de la famille d\u2019entrepreneurs En 2014, Clemens Keller, notre g\u00e9rant et propri\u00e9taire, et son \u00e9pouse Alexandra cr\u00e9ent la fondation \u00ab Sternschnuppen f\u00fcr Kinder \u00bb. Cette fondation priv\u00e9e s\u2019engage pour offrir un soutien durable \u00e0 des enfants et des jeunes du monde entier, et ce ind\u00e9pendamment de tout int\u00e9r\u00eat \u00e9conomique. La [&hellip;]","protected":false},"author":6,"featured_media":0,"parent":1569,"menu_order":0,"comment_status":"closed","ping_status":"closed","template":"","meta":{"_acf_changed":false,"inline_featured_image":false,"footnotes":""},"class_list":["post-1790","page","type-page","status-publish","hentry"],"acf":[],"yoast_head":"<!-- This site is optimized with the Yoast SEO plugin v27.2 - https:\/\/yoast.com\/product\/yoast-seo-wordpress\/ -->\n<title>Fondation - Seeberger Gruppe<\/title>\n<meta name=\"robots\" content=\"index, follow, max-snippet:-1, max-image-preview:large, max-video-preview:-1\" \/>\n<link rel=\"canonical\" href=\"https:\/\/gruppe.seeberger.de\/fr\/ce-que-nous-sommes\/fondation\/\" \/>\n<meta property=\"og:locale\" content=\"fr_FR\" \/>\n<meta property=\"og:type\" content=\"article\" \/>\n<meta property=\"og:title\" content=\"Fondation - Seeberger Gruppe\" \/>\n<meta property=\"og:description\" content=\"[vc_row ppi_row_padding=&#8221;ppi_remove_padding_top&#8221; full_width=&#8221;stretch_row_content_no_spaces&#8221;][vc_column][\/vc_column][\/vc_row][vc_row][vc_column][vc_column_text] La Fondation de la famille d\u2019entrepreneurs En 2014, Clemens Keller, notre g\u00e9rant et propri\u00e9taire, et son \u00e9pouse Alexandra cr\u00e9ent la fondation \u00ab Sternschnuppen f\u00fcr Kinder \u00bb. Cette fondation priv\u00e9e s\u2019engage pour offrir un soutien durable \u00e0 des enfants et des jeunes du monde entier, et ce ind\u00e9pendamment de tout int\u00e9r\u00eat \u00e9conomique. La [&hellip;]\" \/>\n<meta property=\"og:url\" content=\"https:\/\/gruppe.seeberger.de\/fr\/ce-que-nous-sommes\/fondation\/\" \/>\n<meta property=\"og:site_name\" content=\"Seeberger Gruppe\" \/>\n<meta property=\"article:publisher\" content=\"https:\/\/www.facebook.com\/seeberger.de\" \/>\n<meta property=\"article:modified_time\" content=\"2024-05-28T13:38:28+00:00\" \/>\n<meta property=\"og:image\" content=\"https:\/\/gruppe.seeberger.de\/wp\/wp-content\/uploads\/2024\/05\/Seeberger_Genusswelt_Aussenansicht.jpg\" \/>\n\t<meta property=\"og:image:width\" content=\"1200\" \/>\n\t<meta property=\"og:image:height\" content=\"832\" \/>\n\t<meta property=\"og:image:type\" content=\"image\/jpeg\" \/>\n<meta name=\"twitter:card\" content=\"summary_large_image\" \/>\n<meta name=\"twitter:label1\" content=\"Est. reading time\" \/>\n\t<meta name=\"twitter:data1\" content=\"2 minutes\" \/>\n<script type=\"application\/ld+json\" class=\"yoast-schema-graph\">{\"@context\":\"https:\/\/schema.org\",\"@graph\":[{\"@type\":\"WebPage\",\"@id\":\"https:\/\/gruppe.seeberger.de\/fr\/ce-que-nous-sommes\/fondation\/\",\"url\":\"https:\/\/gruppe.seeberger.de\/fr\/ce-que-nous-sommes\/fondation\/\",\"name\":\"Fondation - Seeberger Gruppe\",\"isPartOf\":{\"@id\":\"https:\/\/gruppe.seeberger.de\/fr\/#website\"},\"datePublished\":\"2024-02-19T13:38:47+00:00\",\"dateModified\":\"2024-05-28T13:38:28+00:00\",\"breadcrumb\":{\"@id\":\"https:\/\/gruppe.seeberger.de\/fr\/ce-que-nous-sommes\/fondation\/#breadcrumb\"},\"inLanguage\":\"fr-FR\",\"potentialAction\":[{\"@type\":\"ReadAction\",\"target\":[\"https:\/\/gruppe.seeberger.de\/fr\/ce-que-nous-sommes\/fondation\/\"]}]},{\"@type\":\"BreadcrumbList\",\"@id\":\"https:\/\/gruppe.seeberger.de\/fr\/ce-que-nous-sommes\/fondation\/#breadcrumb\",\"itemListElement\":[{\"@type\":\"ListItem\",\"position\":1,\"name\":\"Home\",\"item\":\"https:\/\/gruppe.seeberger.de\/fr\/\"},{\"@type\":\"ListItem\",\"position\":2,\"name\":\"Ce que nous sommes\",\"item\":\"https:\/\/gruppe.seeberger.de\/fr\/ce-que-nous-sommes\/\"},{\"@type\":\"ListItem\",\"position\":3,\"name\":\"Fondation\"}]},{\"@type\":\"WebSite\",\"@id\":\"https:\/\/gruppe.seeberger.de\/fr\/#website\",\"url\":\"https:\/\/gruppe.seeberger.de\/fr\/\",\"name\":\"Seeberger Gruppe Website\",\"description\":\"Ein Familienunternehmen mit Tradition\",\"publisher\":{\"@id\":\"https:\/\/gruppe.seeberger.de\/fr\/#organization\"},\"alternateName\":\"Seeberger Gruppe\",\"potentialAction\":[{\"@type\":\"SearchAction\",\"target\":{\"@type\":\"EntryPoint\",\"urlTemplate\":\"https:\/\/gruppe.seeberger.de\/fr\/?s={search_term_string}\"},\"query-input\":{\"@type\":\"PropertyValueSpecification\",\"valueRequired\":true,\"valueName\":\"search_term_string\"}}],\"inLanguage\":\"fr-FR\"},{\"@type\":\"Organization\",\"@id\":\"https:\/\/gruppe.seeberger.de\/fr\/#organization\",\"name\":\"Seeberger Gruppe\",\"url\":\"https:\/\/gruppe.seeberger.de\/fr\/\",\"logo\":{\"@type\":\"ImageObject\",\"inLanguage\":\"fr-FR\",\"@id\":\"https:\/\/gruppe.seeberger.de\/fr\/#\/schema\/logo\/image\/\",\"url\":\"https:\/\/gruppe.seeberger.de\/wp-content\/uploads\/2024\/03\/seeberger-gruppe-logo.svg\",\"contentUrl\":\"https:\/\/gruppe.seeberger.de\/wp-content\/uploads\/2024\/03\/seeberger-gruppe-logo.svg\",\"width\":224,\"height\":64,\"caption\":\"Seeberger Gruppe\"},\"image\":{\"@id\":\"https:\/\/gruppe.seeberger.de\/fr\/#\/schema\/logo\/image\/\"},\"sameAs\":[\"https:\/\/www.facebook.com\/seeberger.de\",\"https:\/\/www.youtube.com\/channel\/UC1ZsMjWjwtYtlymi5VKdRqA\",\"https:\/\/www.instagram.com\/seeberger_1844\/\",\"https:\/\/www.xing.com\/pages\/seebergergmbh\",\"http:\/\/www.linkedin.com\/company\/seeberger\"]}]}<\/script>\n<!-- \/ Yoast SEO plugin. -->","yoast_head_json":{"title":"Fondation - Seeberger Gruppe","robots":{"index":"index","follow":"follow","max-snippet":"max-snippet:-1","max-image-preview":"max-image-preview:large","max-video-preview":"max-video-preview:-1"},"canonical":"https:\/\/gruppe.seeberger.de\/fr\/ce-que-nous-sommes\/fondation\/","og_locale":"fr_FR","og_type":"article","og_title":"Fondation - Seeberger Gruppe","og_description":"[vc_row ppi_row_padding=&#8221;ppi_remove_padding_top&#8221; full_width=&#8221;stretch_row_content_no_spaces&#8221;][vc_column][\/vc_column][\/vc_row][vc_row][vc_column][vc_column_text] La Fondation de la famille d\u2019entrepreneurs En 2014, Clemens Keller, notre g\u00e9rant et propri\u00e9taire, et son \u00e9pouse Alexandra cr\u00e9ent la fondation \u00ab Sternschnuppen f\u00fcr Kinder \u00bb. Cette fondation priv\u00e9e s\u2019engage pour offrir un soutien durable \u00e0 des enfants et des jeunes du monde entier, et ce ind\u00e9pendamment de tout int\u00e9r\u00eat \u00e9conomique. La [&hellip;]","og_url":"https:\/\/gruppe.seeberger.de\/fr\/ce-que-nous-sommes\/fondation\/","og_site_name":"Seeberger Gruppe","article_publisher":"https:\/\/www.facebook.com\/seeberger.de","article_modified_time":"2024-05-28T13:38:28+00:00","og_image":[{"width":1200,"height":832,"url":"https:\/\/gruppe.seeberger.de\/wp\/wp-content\/uploads\/2024\/05\/Seeberger_Genusswelt_Aussenansicht.jpg","type":"image\/jpeg"}],"twitter_card":"summary_large_image","twitter_misc":{"Est. reading time":"2 minutes"},"schema":{"@context":"https:\/\/schema.org","@graph":[{"@type":"WebPage","@id":"https:\/\/gruppe.seeberger.de\/fr\/ce-que-nous-sommes\/fondation\/","url":"https:\/\/gruppe.seeberger.de\/fr\/ce-que-nous-sommes\/fondation\/","name":"Fondation - Seeberger Gruppe","isPartOf":{"@id":"https:\/\/gruppe.seeberger.de\/fr\/#website"},"datePublished":"2024-02-19T13:38:47+00:00","dateModified":"2024-05-28T13:38:28+00:00","breadcrumb":{"@id":"https:\/\/gruppe.seeberger.de\/fr\/ce-que-nous-sommes\/fondation\/#breadcrumb"},"inLanguage":"fr-FR","potentialAction":[{"@type":"ReadAction","target":["https:\/\/gruppe.seeberger.de\/fr\/ce-que-nous-sommes\/fondation\/"]}]},{"@type":"BreadcrumbList","@id":"https:\/\/gruppe.seeberger.de\/fr\/ce-que-nous-sommes\/fondation\/#breadcrumb","itemListElement":[{"@type":"ListItem","position":1,"name":"Home","item":"https:\/\/gruppe.seeberger.de\/fr\/"},{"@type":"ListItem","position":2,"name":"Ce que nous sommes","item":"https:\/\/gruppe.seeberger.de\/fr\/ce-que-nous-sommes\/"},{"@type":"ListItem","position":3,"name":"Fondation"}]},{"@type":"WebSite","@id":"https:\/\/gruppe.seeberger.de\/fr\/#website","url":"https:\/\/gruppe.seeberger.de\/fr\/","name":"Seeberger Gruppe Website","description":"Ein Familienunternehmen mit Tradition","publisher":{"@id":"https:\/\/gruppe.seeberger.de\/fr\/#organization"},"alternateName":"Seeberger Gruppe","potentialAction":[{"@type":"SearchAction","target":{"@type":"EntryPoint","urlTemplate":"https:\/\/gruppe.seeberger.de\/fr\/?s={search_term_string}"},"query-input":{"@type":"PropertyValueSpecification","valueRequired":true,"valueName":"search_term_string"}}],"inLanguage":"fr-FR"},{"@type":"Organization","@id":"https:\/\/gruppe.seeberger.de\/fr\/#organization","name":"Seeberger Gruppe","url":"https:\/\/gruppe.seeberger.de\/fr\/","logo":{"@type":"ImageObject","inLanguage":"fr-FR","@id":"https:\/\/gruppe.seeberger.de\/fr\/#\/schema\/logo\/image\/","url":"https:\/\/gruppe.seeberger.de\/wp-content\/uploads\/2024\/03\/seeberger-gruppe-logo.svg","contentUrl":"https:\/\/gruppe.seeberger.de\/wp-content\/uploads\/2024\/03\/seeberger-gruppe-logo.svg","width":224,"height":64,"caption":"Seeberger Gruppe"},"image":{"@id":"https:\/\/gruppe.seeberger.de\/fr\/#\/schema\/logo\/image\/"},"sameAs":["https:\/\/www.facebook.com\/seeberger.de","https:\/\/www.youtube.com\/channel\/UC1ZsMjWjwtYtlymi5VKdRqA","https:\/\/www.instagram.com\/seeberger_1844\/","https:\/\/www.xing.com\/pages\/seebergergmbh","http:\/\/www.linkedin.com\/company\/seeberger"]}]}},"_links":{"self":[{"href":"https:\/\/gruppe.seeberger.de\/fr\/wp-json\/wp\/v2\/pages\/1790","targetHints":{"allow":["GET"]}}],"collection":[{"href":"https:\/\/gruppe.seeberger.de\/fr\/wp-json\/wp\/v2\/pages"}],"about":[{"href":"https:\/\/gruppe.seeberger.de\/fr\/wp-json\/wp\/v2\/types\/page"}],"author":[{"embeddable":true,"href":"https:\/\/gruppe.seeberger.de\/fr\/wp-json\/wp\/v2\/users\/6"}],"replies":[{"embeddable":true,"href":"https:\/\/gruppe.seeberger.de\/fr\/wp-json\/wp\/v2\/comments?post=1790"}],"version-history":[{"count":17,"href":"https:\/\/gruppe.seeberger.de\/fr\/wp-json\/wp\/v2\/pages\/1790\/revisions"}],"predecessor-version":[{"id":3510,"href":"https:\/\/gruppe.seeberger.de\/fr\/wp-json\/wp\/v2\/pages\/1790\/revisions\/3510"}],"up":[{"embeddable":true,"href":"https:\/\/gruppe.seeberger.de\/fr\/wp-json\/wp\/v2\/pages\/1569"}],"wp:attachment":[{"href":"https:\/\/gruppe.seeberger.de\/fr\/wp-json\/wp\/v2\/media?parent=1790"}],"curies":[{"name":"wp","href":"https:\/\/api.w.org\/{rel}","templated":true}]}}