{"id":4469,"date":"2025-05-20T11:49:06","date_gmt":"2025-05-20T09:49:06","guid":{"rendered":"https:\/\/gruppe.seeberger.de\/declaration-daccessibilite\/"},"modified":"2025-07-23T12:01:23","modified_gmt":"2025-07-23T10:01:23","slug":"declaration-daccessibilite","status":"publish","type":"page","link":"https:\/\/gruppe.seeberger.de\/fr\/declaration-daccessibilite\/","title":{"rendered":"D\u00e9claration d&#8217;accessibilit\u00e9"},"content":{"rendered":"<div class=\"wpb-content-wrapper\">[vc_row ppi_content_type=&#8221;ppi_content_width_small&#8221; ppi_decoration_top=&#8221;left&#8221; ppi_decoration_top_color=&#8221;#275D38&#8243;][vc_column]<div class=\"ppi_spacer\" style=\"height: 50px\"><\/div>[vc_column_text]\r\n<h1>D\u00e9claration d&#8217;accessibilit\u00e9<\/h1>\r\nSeeberger GmbH s&#8217;efforce de rendre son site Web accessible \u00e0 tous, conform\u00e9ment aux dispositions l\u00e9gales en vigueur &#8211; notamment les exigences d\u00e9coulant de la directive (UE) 2016\/2102 et de la loi sur le renforcement de l&#8217;accessibilit\u00e9 (BFSG).\r\n\r\nCette d\u00e9claration d&#8217;accessibilit\u00e9 s&#8217;applique \u00e0 la version du site gruppe.seeberger.de actuellement accessible sur Internet et se r\u00e9f\u00e8re \u00e0 la situation au 28 juin 2025.\r\n\r\n<strong>\r\n\u00c9tat de la compatibilit\u00e9 avec les exigences<\/strong>\r\n\r\nL&#8217;accessibilit\u00e9 du site web a \u00e9t\u00e9 test\u00e9e de mani\u00e8re exhaustive et optimis\u00e9e progressivement. Notre objectif est de respecter pleinement les exigences de la norme WCAG (version 2.1 AA). La plupart des mesures visant \u00e0 am\u00e9liorer l&#8217;accessibilit\u00e9 ont d\u00e9j\u00e0 \u00e9t\u00e9 mises en \u0153uvre au cours des derniers mois. Une fois les mesures restantes mises en \u0153uvre, les r\u00e9sultats de l&#8217;\u00e9valuation seront publi\u00e9s ici.\r\n\r\n<strong>\r\nQuelles sont les zones actuellement inaccessibles ?<\/strong>\r\n\r\nNous sommes actuellement conscients que l&#8217;aspect suivant doit encore \u00eatre optimis\u00e9 :\r\n<ul>\r\n \t<li>La vid\u00e9o d&#8217;arri\u00e8re-plan dans le teaser d&#8217;accueil tourne en boucle\r\net ne peut pas \u00eatre mise en pause.<\/li>\r\n<\/ul>\r\n<strong>\r\nCommentaires et contact<\/strong>\r\n\r\nSi vous remarquez des barri\u00e8res sur gruppe.seeberger.de, ou si vous avez des questions sur l&#8217;accessibilit\u00e9 et nos mesures, n&#8217;h\u00e9sitez pas \u00e0 nous contacter.\r\n\r\nAdresse :\r\nSeeberger GmbH\r\nHans-Lorenser-Stra\u00dfe 36\r\n89079 Ulm\r\nAllemagne\r\n\r\nT\u00e9l\u00e9phone : +49 (0)731 4093-0\r\nFax : +49 (0)731 4093-66 5000\r\nE-mail : info@seeberger.de\r\n\r\n<strong>\r\nProc\u00e9dures d&#8217;ex\u00e9cution et de conciliation<\/strong>\r\n\r\nSi vos commentaires ne nous permettent pas de trouver une solution satisfaisante, vous avez la possibilit\u00e9 de vous adresser \u00e0 l&#8217;organisme suivant, dans le cadre de la r\u00e9glementation en vigueur :\r\n<p style=\"padding-left: 40px\"><strong>Surveillance du march\u00e9 comp\u00e9tente<\/strong>\r\nAvec l&#8217;entr\u00e9e en vigueur de la loi sur le renforcement de l&#8217;accessibilit\u00e9 (BFSG) le 28 juin 2025, les entreprises du secteur priv\u00e9 (comme Seeberger) auront pour interlocuteur les autorit\u00e9s comp\u00e9tentes du Land (autorit\u00e9s de surveillance du march\u00e9). Pour le Bade-Wurtemberg, il s&#8217;agira probablement du minist\u00e8re comp\u00e9tent ou d&#8217;une pr\u00e9fecture subordonn\u00e9e. D\u00e8s que l&#8217;organisme concret sera d\u00e9finitivement d\u00e9termin\u00e9, nous compl\u00e9terons ces informations ici.<\/p>\r\n<p style=\"padding-left: 40px\"><strong>Office de conciliation selon le \u00a7 16 BGG<\/strong>\r\nInd\u00e9pendamment de cela, vous pouvez vous adresser \u00e0 l&#8217;office de conciliation BGG aupr\u00e8s du\/de la d\u00e9l\u00e9gu\u00e9(e) du gouvernement f\u00e9d\u00e9ral pour les int\u00e9r\u00eats des personnes handicap\u00e9es en cas de conflit concernant l&#8217;accessibilit\u00e9 :<\/p>\r\n<p style=\"padding-left: 40px\">Adresse : Mauerstra\u00dfe 53, 10117 Berlin\r\nT\u00e9l\u00e9phone : +49 (0)30 18 527-2805\r\nE-mail : <a href=\"mailto:schlichtungsstelle@behindertenbeauftragter.de\">schlichtungsstelle@behindertenbeauftragter.de<\/a>\r\nSite web : www.behindertenbeauftragter.de\/DE\/SchlichtungsstelleBGG\/1_Schlichtungsstelle.html<\/p>\r\nL&#8217;Office de m\u00e9diation BGG apporte son aide pour le r\u00e8glement extrajudiciaire des litiges. La proc\u00e9dure est gratuite pour vous et vous n&#8217;avez pas besoin d&#8217;une assistance juridique.[\/vc_column_text]<div class=\"ppi_spacer\" style=\"height: 50px\"><\/div>[\/vc_column][\/vc_row]<\/div>","protected":false},"excerpt":{"rendered":"[vc_row ppi_content_type=&#8221;ppi_content_width_small&#8221; ppi_decoration_top=&#8221;left&#8221; ppi_decoration_top_color=&#8221;#275D38&#8243;][vc_column][vc_column_text] D\u00e9claration d&#8217;accessibilit\u00e9 Seeberger GmbH s&#8217;efforce de rendre son site Web accessible \u00e0 tous, conform\u00e9ment aux dispositions l\u00e9gales en vigueur &#8211; notamment les exigences d\u00e9coulant de la directive (UE) 2016\/2102 et de la loi sur le renforcement de l&#8217;accessibilit\u00e9 (BFSG). Cette d\u00e9claration d&#8217;accessibilit\u00e9 s&#8217;applique \u00e0 la version du site gruppe.seeberger.de actuellement accessible [&hellip;]","protected":false},"author":18,"featured_media":0,"parent":0,"menu_order":0,"comment_status":"closed","ping_status":"closed","template":"","meta":{"_acf_changed":false,"inline_featured_image":false,"footnotes":""},"class_list":["post-4469","page","type-page","status-publish","hentry"],"acf":[],"yoast_head":"<!-- This site is optimized with the Yoast SEO plugin v27.2 - https:\/\/yoast.com\/product\/yoast-seo-wordpress\/ -->\n<title>D\u00e9claration d&#039;accessibilit\u00e9 - Seeberger Gruppe<\/title>\n<meta name=\"robots\" content=\"index, follow, max-snippet:-1, max-image-preview:large, max-video-preview:-1\" \/>\n<link rel=\"canonical\" href=\"https:\/\/gruppe.seeberger.de\/fr\/declaration-daccessibilite\/\" \/>\n<meta property=\"og:locale\" content=\"fr_FR\" \/>\n<meta property=\"og:type\" content=\"article\" \/>\n<meta property=\"og:title\" content=\"D\u00e9claration d&#039;accessibilit\u00e9 - Seeberger Gruppe\" \/>\n<meta property=\"og:description\" content=\"[vc_row ppi_content_type=&#8221;ppi_content_width_small&#8221; ppi_decoration_top=&#8221;left&#8221; ppi_decoration_top_color=&#8221;#275D38&#8243;][vc_column][vc_column_text] D\u00e9claration d&#8217;accessibilit\u00e9 Seeberger GmbH s&#8217;efforce de rendre son site Web accessible \u00e0 tous, conform\u00e9ment aux dispositions l\u00e9gales en vigueur &#8211; notamment les exigences d\u00e9coulant de la directive (UE) 2016\/2102 et de la loi sur le renforcement de l&#8217;accessibilit\u00e9 (BFSG). Cette d\u00e9claration d&#8217;accessibilit\u00e9 s&#8217;applique \u00e0 la version du site gruppe.seeberger.de actuellement accessible [&hellip;]\" \/>\n<meta property=\"og:url\" content=\"https:\/\/gruppe.seeberger.de\/fr\/declaration-daccessibilite\/\" \/>\n<meta property=\"og:site_name\" content=\"Seeberger Gruppe\" \/>\n<meta property=\"article:publisher\" content=\"https:\/\/www.facebook.com\/seeberger.de\" \/>\n<meta property=\"article:modified_time\" content=\"2025-07-23T10:01:23+00:00\" \/>\n<meta property=\"og:image\" content=\"https:\/\/gruppe.seeberger.de\/wp\/wp-content\/uploads\/2024\/05\/Seeberger_Genusswelt_Aussenansicht.jpg\" \/>\n\t<meta property=\"og:image:width\" content=\"1200\" \/>\n\t<meta property=\"og:image:height\" content=\"832\" \/>\n\t<meta property=\"og:image:type\" content=\"image\/jpeg\" \/>\n<meta name=\"twitter:card\" content=\"summary_large_image\" \/>\n<meta name=\"twitter:label1\" content=\"Est. reading time\" \/>\n\t<meta name=\"twitter:data1\" content=\"3 minutes\" \/>\n<script type=\"application\/ld+json\" class=\"yoast-schema-graph\">{\"@context\":\"https:\/\/schema.org\",\"@graph\":[{\"@type\":\"WebPage\",\"@id\":\"https:\/\/gruppe.seeberger.de\/fr\/declaration-daccessibilite\/\",\"url\":\"https:\/\/gruppe.seeberger.de\/fr\/declaration-daccessibilite\/\",\"name\":\"D\u00e9claration d'accessibilit\u00e9 - Seeberger Gruppe\",\"isPartOf\":{\"@id\":\"https:\/\/gruppe.seeberger.de\/fr\/#website\"},\"datePublished\":\"2025-05-20T09:49:06+00:00\",\"dateModified\":\"2025-07-23T10:01:23+00:00\",\"breadcrumb\":{\"@id\":\"https:\/\/gruppe.seeberger.de\/fr\/declaration-daccessibilite\/#breadcrumb\"},\"inLanguage\":\"fr-FR\",\"potentialAction\":[{\"@type\":\"ReadAction\",\"target\":[\"https:\/\/gruppe.seeberger.de\/fr\/declaration-daccessibilite\/\"]}]},{\"@type\":\"BreadcrumbList\",\"@id\":\"https:\/\/gruppe.seeberger.de\/fr\/declaration-daccessibilite\/#breadcrumb\",\"itemListElement\":[{\"@type\":\"ListItem\",\"position\":1,\"name\":\"Home\",\"item\":\"https:\/\/gruppe.seeberger.de\/fr\/\"},{\"@type\":\"ListItem\",\"position\":2,\"name\":\"D\u00e9claration d&#8217;accessibilit\u00e9\"}]},{\"@type\":\"WebSite\",\"@id\":\"https:\/\/gruppe.seeberger.de\/fr\/#website\",\"url\":\"https:\/\/gruppe.seeberger.de\/fr\/\",\"name\":\"Seeberger Gruppe Website\",\"description\":\"Ein Familienunternehmen mit Tradition\",\"publisher\":{\"@id\":\"https:\/\/gruppe.seeberger.de\/fr\/#organization\"},\"alternateName\":\"Seeberger Gruppe\",\"potentialAction\":[{\"@type\":\"SearchAction\",\"target\":{\"@type\":\"EntryPoint\",\"urlTemplate\":\"https:\/\/gruppe.seeberger.de\/fr\/?s={search_term_string}\"},\"query-input\":{\"@type\":\"PropertyValueSpecification\",\"valueRequired\":true,\"valueName\":\"search_term_string\"}}],\"inLanguage\":\"fr-FR\"},{\"@type\":\"Organization\",\"@id\":\"https:\/\/gruppe.seeberger.de\/fr\/#organization\",\"name\":\"Seeberger Gruppe\",\"url\":\"https:\/\/gruppe.seeberger.de\/fr\/\",\"logo\":{\"@type\":\"ImageObject\",\"inLanguage\":\"fr-FR\",\"@id\":\"https:\/\/gruppe.seeberger.de\/fr\/#\/schema\/logo\/image\/\",\"url\":\"https:\/\/gruppe.seeberger.de\/wp-content\/uploads\/2024\/03\/seeberger-gruppe-logo.svg\",\"contentUrl\":\"https:\/\/gruppe.seeberger.de\/wp-content\/uploads\/2024\/03\/seeberger-gruppe-logo.svg\",\"width\":224,\"height\":64,\"caption\":\"Seeberger Gruppe\"},\"image\":{\"@id\":\"https:\/\/gruppe.seeberger.de\/fr\/#\/schema\/logo\/image\/\"},\"sameAs\":[\"https:\/\/www.facebook.com\/seeberger.de\",\"https:\/\/www.youtube.com\/channel\/UC1ZsMjWjwtYtlymi5VKdRqA\",\"https:\/\/www.instagram.com\/seeberger_1844\/\",\"https:\/\/www.xing.com\/pages\/seebergergmbh\",\"http:\/\/www.linkedin.com\/company\/seeberger\"]}]}<\/script>\n<!-- \/ Yoast SEO plugin. -->","yoast_head_json":{"title":"D\u00e9claration d'accessibilit\u00e9 - Seeberger Gruppe","robots":{"index":"index","follow":"follow","max-snippet":"max-snippet:-1","max-image-preview":"max-image-preview:large","max-video-preview":"max-video-preview:-1"},"canonical":"https:\/\/gruppe.seeberger.de\/fr\/declaration-daccessibilite\/","og_locale":"fr_FR","og_type":"article","og_title":"D\u00e9claration d'accessibilit\u00e9 - Seeberger Gruppe","og_description":"[vc_row ppi_content_type=&#8221;ppi_content_width_small&#8221; ppi_decoration_top=&#8221;left&#8221; ppi_decoration_top_color=&#8221;#275D38&#8243;][vc_column][vc_column_text] D\u00e9claration d&#8217;accessibilit\u00e9 Seeberger GmbH s&#8217;efforce de rendre son site Web accessible \u00e0 tous, conform\u00e9ment aux dispositions l\u00e9gales en vigueur &#8211; notamment les exigences d\u00e9coulant de la directive (UE) 2016\/2102 et de la loi sur le renforcement de l&#8217;accessibilit\u00e9 (BFSG). Cette d\u00e9claration d&#8217;accessibilit\u00e9 s&#8217;applique \u00e0 la version du site gruppe.seeberger.de actuellement accessible [&hellip;]","og_url":"https:\/\/gruppe.seeberger.de\/fr\/declaration-daccessibilite\/","og_site_name":"Seeberger Gruppe","article_publisher":"https:\/\/www.facebook.com\/seeberger.de","article_modified_time":"2025-07-23T10:01:23+00:00","og_image":[{"width":1200,"height":832,"url":"https:\/\/gruppe.seeberger.de\/wp\/wp-content\/uploads\/2024\/05\/Seeberger_Genusswelt_Aussenansicht.jpg","type":"image\/jpeg"}],"twitter_card":"summary_large_image","twitter_misc":{"Est. reading time":"3 minutes"},"schema":{"@context":"https:\/\/schema.org","@graph":[{"@type":"WebPage","@id":"https:\/\/gruppe.seeberger.de\/fr\/declaration-daccessibilite\/","url":"https:\/\/gruppe.seeberger.de\/fr\/declaration-daccessibilite\/","name":"D\u00e9claration d'accessibilit\u00e9 - Seeberger Gruppe","isPartOf":{"@id":"https:\/\/gruppe.seeberger.de\/fr\/#website"},"datePublished":"2025-05-20T09:49:06+00:00","dateModified":"2025-07-23T10:01:23+00:00","breadcrumb":{"@id":"https:\/\/gruppe.seeberger.de\/fr\/declaration-daccessibilite\/#breadcrumb"},"inLanguage":"fr-FR","potentialAction":[{"@type":"ReadAction","target":["https:\/\/gruppe.seeberger.de\/fr\/declaration-daccessibilite\/"]}]},{"@type":"BreadcrumbList","@id":"https:\/\/gruppe.seeberger.de\/fr\/declaration-daccessibilite\/#breadcrumb","itemListElement":[{"@type":"ListItem","position":1,"name":"Home","item":"https:\/\/gruppe.seeberger.de\/fr\/"},{"@type":"ListItem","position":2,"name":"D\u00e9claration d&#8217;accessibilit\u00e9"}]},{"@type":"WebSite","@id":"https:\/\/gruppe.seeberger.de\/fr\/#website","url":"https:\/\/gruppe.seeberger.de\/fr\/","name":"Seeberger Gruppe Website","description":"Ein Familienunternehmen mit Tradition","publisher":{"@id":"https:\/\/gruppe.seeberger.de\/fr\/#organization"},"alternateName":"Seeberger Gruppe","potentialAction":[{"@type":"SearchAction","target":{"@type":"EntryPoint","urlTemplate":"https:\/\/gruppe.seeberger.de\/fr\/?s={search_term_string}"},"query-input":{"@type":"PropertyValueSpecification","valueRequired":true,"valueName":"search_term_string"}}],"inLanguage":"fr-FR"},{"@type":"Organization","@id":"https:\/\/gruppe.seeberger.de\/fr\/#organization","name":"Seeberger Gruppe","url":"https:\/\/gruppe.seeberger.de\/fr\/","logo":{"@type":"ImageObject","inLanguage":"fr-FR","@id":"https:\/\/gruppe.seeberger.de\/fr\/#\/schema\/logo\/image\/","url":"https:\/\/gruppe.seeberger.de\/wp-content\/uploads\/2024\/03\/seeberger-gruppe-logo.svg","contentUrl":"https:\/\/gruppe.seeberger.de\/wp-content\/uploads\/2024\/03\/seeberger-gruppe-logo.svg","width":224,"height":64,"caption":"Seeberger Gruppe"},"image":{"@id":"https:\/\/gruppe.seeberger.de\/fr\/#\/schema\/logo\/image\/"},"sameAs":["https:\/\/www.facebook.com\/seeberger.de","https:\/\/www.youtube.com\/channel\/UC1ZsMjWjwtYtlymi5VKdRqA","https:\/\/www.instagram.com\/seeberger_1844\/","https:\/\/www.xing.com\/pages\/seebergergmbh","http:\/\/www.linkedin.com\/company\/seeberger"]}]}},"_links":{"self":[{"href":"https:\/\/gruppe.seeberger.de\/fr\/wp-json\/wp\/v2\/pages\/4469","targetHints":{"allow":["GET"]}}],"collection":[{"href":"https:\/\/gruppe.seeberger.de\/fr\/wp-json\/wp\/v2\/pages"}],"about":[{"href":"https:\/\/gruppe.seeberger.de\/fr\/wp-json\/wp\/v2\/types\/page"}],"author":[{"embeddable":true,"href":"https:\/\/gruppe.seeberger.de\/fr\/wp-json\/wp\/v2\/users\/18"}],"replies":[{"embeddable":true,"href":"https:\/\/gruppe.seeberger.de\/fr\/wp-json\/wp\/v2\/comments?post=4469"}],"version-history":[{"count":4,"href":"https:\/\/gruppe.seeberger.de\/fr\/wp-json\/wp\/v2\/pages\/4469\/revisions"}],"predecessor-version":[{"id":4597,"href":"https:\/\/gruppe.seeberger.de\/fr\/wp-json\/wp\/v2\/pages\/4469\/revisions\/4597"}],"wp:attachment":[{"href":"https:\/\/gruppe.seeberger.de\/fr\/wp-json\/wp\/v2\/media?parent=4469"}],"curies":[{"name":"wp","href":"https:\/\/api.w.org\/{rel}","templated":true}]}}